{"id":14889,"date":"2022-06-20T16:14:40","date_gmt":"2022-06-20T21:14:40","guid":{"rendered":"https:\/\/pruebaswww.superbancos.gob.ec\/bancos\/?page_id=14889"},"modified":"2026-03-10T09:53:04","modified_gmt":"2026-03-10T14:53:04","slug":"personal-directivo","status":"publish","type":"page","link":"https:\/\/www.superbancos.gob.ec\/bancos\/personal-directivo\/","title":{"rendered":"Personal Directivo"},"content":{"rendered":"\t\t<div data-elementor-type=\"wp-page\" data-elementor-id=\"14889\" class=\"elementor elementor-14889\" data-elementor-post-type=\"page\">\n\t\t\t\t\t\t<section data-particle_enable=\"false\" data-particle-mobile-disabled=\"false\" class=\"elementor-section elementor-top-section elementor-element elementor-element-36101e9 elementor-section-boxed elementor-section-height-default elementor-section-height-default\" data-id=\"36101e9\" data-element_type=\"section\">\n\t\t\t\t\t\t<div class=\"elementor-container elementor-column-gap-default\">\n\t\t\t\t\t<div class=\"elementor-column elementor-col-100 elementor-top-column elementor-element elementor-element-6c38418\" data-id=\"6c38418\" data-element_type=\"column\">\n\t\t\t<div class=\"elementor-widget-wrap elementor-element-populated\">\n\t\t\t\t\t\t<div class=\"elementor-element elementor-element-f663824 elementor-widget elementor-widget-tablepress-table\" data-id=\"f663824\" data-element_type=\"widget\" data-widget_type=\"tablepress-table.default\">\n\t\t\t\t<div class=\"elementor-widget-container\">\n\t\t\t\n<table id=\"tablepress-2\" class=\"tablepress tablepress-id-2 tablepress-responsive\">\n<thead>\n<tr class=\"row-1\">\n\t<th class=\"column-1\">CARGO<\/th><th class=\"column-2\">NOMBRE<\/th>\n<\/tr>\n<\/thead>\n<tbody class=\"row-striping row-hover\">\n<tr class=\"row-2\">\n\t<td class=\"column-1\"><strong>SUPERINTENDENTE DE BANCOS<\/td><td class=\"column-2\"><strong><a href=\"https:\/\/www.superbancos.gob.ec\/bancos\/superintendente-de-bancos-2\/\">Econ. Roberto Romero von Buchwald<\/a><\/td>\n<\/tr>\n<tr class=\"row-3\">\n\t<td class=\"column-1\"><strong>INTENDENTE GENERAL<\/td><td class=\"column-2\">Mgt. Francisco Javier Garz\u00f3n Cisneros<\/td>\n<\/tr>\n<tr class=\"row-4\">\n\t<td class=\"column-1\"><strong>INTENDENTE REGIONAL DE GUAYAQUIL<\/td><td class=\"column-2\">Dr. C\u00e9sar Luis Cano Flores<\/td>\n<\/tr>\n<tr class=\"row-5\">\n\t<td class=\"column-1\"><strong>INTENDENTE REGIONAL DE CUENCA<\/td><td class=\"column-2\">Mgt.  Tanya Catalina Vintimilla Ugalde<\/td>\n<\/tr>\n<tr class=\"row-6\">\n\t<td class=\"column-1\"><strong>INTENDENTE REGIONAL DE PORTOVIEJO<\/td><td class=\"column-2\">Mgt. Jos\u00e9 Antonio Mart\u00ednez Dobronsky<\/td>\n<\/tr>\n<tr class=\"row-7\">\n\t<td class=\"column-1\"><strong>SECRETARIO GENERAL <\/td><td class=\"column-2\">Mgt. Delia Mar\u00eda Pe\u00f1afiel Guzm\u00e1n<\/td>\n<\/tr>\n<tr class=\"row-8\">\n\t<td class=\"column-1\"><strong>INTENDENTE GENERAL DE GESTI\u00d3N INSTITUCIONAL<\/td><td class=\"column-2\">Mgt. Ismael Leonidas Espinosa Gallardo <\/td>\n<\/tr>\n<tr class=\"row-9\">\n\t<td class=\"column-1\"><strong>INTENDENTE NACIONAL DE CONTROL DEL SECTOR FINANCIERO PRIVADO<\/td><td class=\"column-2\">Mgt. Lorena Bethsabe Carri\u00f3n Carpio<\/td>\n<\/tr>\n<tr class=\"row-10\">\n\t<td class=\"column-1\"><strong>INTENDENTE NACIONAL DE CONTROL DEL SECTOR FINANCIERO P\u00daBLICO<\/td><td class=\"column-2\">Mgt. Santiago Xavier Garc\u00e9s Egas<\/td>\n<\/tr>\n<tr class=\"row-11\">\n\t<td class=\"column-1\"><strong>INTENDENTE NACIONAL DE CONTROL DEL SISTEMA DE SEGURIDAD SOCIAL<\/td><td class=\"column-2\">Abg. Carmen Gabriela Meythaler Mu\u00f1oz <\/td>\n<\/tr>\n<tr class=\"row-12\">\n\t<td class=\"column-1\"><strong>INTENDENTE NACIONAL JUR\u00cdDICO<\/td><td class=\"column-2\">Mgt. Alejandra Molina Santillan<\/td>\n<\/tr>\n<tr class=\"row-13\">\n\t<td class=\"column-1\"><strong>INTENDENTE NACIONAL DE RIESGOS Y ESTUDIOS<\/td><td class=\"column-2\">Mgt. Jessenia Marlene Cazco Ar\u00edzaga <\/td>\n<\/tr>\n<tr class=\"row-14\">\n\t<td class=\"column-1\"><strong>COORDINADOR GENERAL ADMINISTRATIVO FINANCIERO<\/td><td class=\"column-2\">Mgt. Mar\u00eda Mercedes Varela Estrella<\/td>\n<\/tr>\n<tr class=\"row-15\">\n\t<td class=\"column-1\"><strong>COORDINADOR GENERAL DE PLANIFICACI\u00d3N Y MEJORAMIENTO CONTINUO<\/td><td class=\"column-2\">Ing. Oswaldo Augusto Mu\u00f1oz Medina<\/td>\n<\/tr>\n<tr class=\"row-16\">\n\t<td class=\"column-1\"><strong>COORDINADOR GENERAL DE COMUNICACI\u00d3N<\/td><td class=\"column-2\">Lic. Julio Guillermo Valencia San Andr\u00e9s<\/td>\n<\/tr>\n<tr class=\"row-17\">\n\t<td class=\"column-1\"><strong>COORDINADOR GENERAL TECNOLOG\u00cdAS DE INFORMACI\u00d3N Y COMUNICACI\u00d3N<\/td><td class=\"column-2\"> Mgt. Edmundo David V\u00e1squez Landazuri<\/td>\n<\/tr>\n<tr class=\"row-18\">\n\t<td class=\"column-1\"><\/td><td class=\"column-2\"><\/td>\n<\/tr>\n<\/tbody>\n<\/table>\n<!-- #tablepress-2 from cache -->\t\t<\/div>\n\t\t\t\t<\/div>\n\t\t\t\t\t<\/div>\n\t\t<\/div>\n\t\t\t\t\t<\/div>\n\t\t<\/section>\n\t\t\t\t<\/div>\n\t\t","protected":false},"excerpt":{"rendered":"<p>Editar CARGO NOMBRE SUPERINTENDENTE DE BANCOS Econ. Roberto Romero von Buchwald INTENDENTE GENERAL Mgt. Francisco Javier Garz\u00f3n Cisneros INTENDENTE REGIONAL DE GUAYAQUIL Dr. C\u00e9sar Luis Cano Flores INTENDENTE REGIONAL DE CUENCA Mgt. Tanya Catalina Vintimilla Ugalde INTENDENTE REGIONAL DE PORTOVIEJO Mgt. Jos\u00e9 Antonio Mart\u00ednez Dobronsky SECRETARIO GENERAL Mgt. Delia Mar\u00eda Pe\u00f1afiel Guzm\u00e1n INTENDENTE GENERAL DE [&hellip;]<\/p>\n","protected":false},"author":832,"featured_media":0,"parent":0,"menu_order":0,"comment_status":"closed","ping_status":"closed","template":"","meta":{"footnotes":""},"class_list":["post-14889","page","type-page","status-publish","hentry"],"yoast_head":"<!-- This site is optimized with the Yoast SEO plugin v25.4 - https:\/\/yoast.com\/wordpress\/plugins\/seo\/ -->\n<title>Personal Directivo - Superintendencia de Bancos<\/title>\n<meta name=\"robots\" content=\"index, follow, max-snippet:-1, max-image-preview:large, max-video-preview:-1\" \/>\n<link rel=\"canonical\" href=\"https:\/\/www.superbancos.gob.ec\/bancos\/personal-directivo\/\" \/>\n<meta property=\"og:locale\" content=\"es_ES\" \/>\n<meta property=\"og:type\" content=\"article\" \/>\n<meta property=\"og:title\" content=\"Personal Directivo - Superintendencia de Bancos\" \/>\n<meta property=\"og:description\" content=\"Editar CARGO NOMBRE SUPERINTENDENTE DE BANCOS Econ. Roberto Romero von Buchwald INTENDENTE GENERAL Mgt. Francisco Javier Garz\u00f3n Cisneros INTENDENTE REGIONAL DE GUAYAQUIL Dr. C\u00e9sar Luis Cano Flores INTENDENTE REGIONAL DE CUENCA Mgt. Tanya Catalina Vintimilla Ugalde INTENDENTE REGIONAL DE PORTOVIEJO Mgt. Jos\u00e9 Antonio Mart\u00ednez Dobronsky SECRETARIO GENERAL Mgt. Delia Mar\u00eda Pe\u00f1afiel Guzm\u00e1n INTENDENTE GENERAL DE [&hellip;]\" \/>\n<meta property=\"og:url\" content=\"https:\/\/www.superbancos.gob.ec\/bancos\/personal-directivo\/\" \/>\n<meta property=\"og:site_name\" content=\"Superintendencia de Bancos\" \/>\n<meta property=\"article:modified_time\" content=\"2026-03-10T14:53:04+00:00\" \/>\n<meta name=\"twitter:card\" content=\"summary_large_image\" \/>\n<script type=\"application\/ld+json\" class=\"yoast-schema-graph\">{\"@context\":\"https:\/\/schema.org\",\"@graph\":[{\"@type\":\"WebPage\",\"@id\":\"https:\/\/www.superbancos.gob.ec\/bancos\/personal-directivo\/\",\"url\":\"https:\/\/www.superbancos.gob.ec\/bancos\/personal-directivo\/\",\"name\":\"Personal Directivo - Superintendencia de Bancos\",\"isPartOf\":{\"@id\":\"https:\/\/www.superbancos.gob.ec\/bancos\/#website\"},\"datePublished\":\"2022-06-20T21:14:40+00:00\",\"dateModified\":\"2026-03-10T14:53:04+00:00\",\"breadcrumb\":{\"@id\":\"https:\/\/www.superbancos.gob.ec\/bancos\/personal-directivo\/#breadcrumb\"},\"inLanguage\":\"es\",\"potentialAction\":[{\"@type\":\"ReadAction\",\"target\":[\"https:\/\/www.superbancos.gob.ec\/bancos\/personal-directivo\/\"]}]},{\"@type\":\"BreadcrumbList\",\"@id\":\"https:\/\/www.superbancos.gob.ec\/bancos\/personal-directivo\/#breadcrumb\",\"itemListElement\":[{\"@type\":\"ListItem\",\"position\":1,\"name\":\"Portada\",\"item\":\"https:\/\/www.superbancos.gob.ec\/bancos\/\"},{\"@type\":\"ListItem\",\"position\":2,\"name\":\"Personal Directivo\"}]},{\"@type\":\"WebSite\",\"@id\":\"https:\/\/www.superbancos.gob.ec\/bancos\/#website\",\"url\":\"https:\/\/www.superbancos.gob.ec\/bancos\/\",\"name\":\"Superintendencia de Bancos\",\"description\":\"Organo de Control del Sistema Financiero Ecuatoriano.\",\"publisher\":{\"@id\":\"https:\/\/www.superbancos.gob.ec\/bancos\/#organization\"},\"alternateName\":\"Super de Bancos\",\"potentialAction\":[{\"@type\":\"SearchAction\",\"target\":{\"@type\":\"EntryPoint\",\"urlTemplate\":\"https:\/\/www.superbancos.gob.ec\/bancos\/?s={search_term_string}\"},\"query-input\":{\"@type\":\"PropertyValueSpecification\",\"valueRequired\":true,\"valueName\":\"search_term_string\"}}],\"inLanguage\":\"es\"},{\"@type\":\"Organization\",\"@id\":\"https:\/\/www.superbancos.gob.ec\/bancos\/#organization\",\"name\":\"Superintendencia de Bancos\",\"url\":\"https:\/\/www.superbancos.gob.ec\/bancos\/\",\"logo\":{\"@type\":\"ImageObject\",\"inLanguage\":\"es\",\"@id\":\"https:\/\/www.superbancos.gob.ec\/bancos\/#\/schema\/logo\/image\/\",\"url\":\"https:\/\/www.superbancos.gob.ec\/bancos\/wp-content\/uploads\/2022\/09\/Logo_Super.png\",\"contentUrl\":\"https:\/\/www.superbancos.gob.ec\/bancos\/wp-content\/uploads\/2022\/09\/Logo_Super.png\",\"width\":340,\"height\":92,\"caption\":\"Superintendencia de Bancos\"},\"image\":{\"@id\":\"https:\/\/www.superbancos.gob.ec\/bancos\/#\/schema\/logo\/image\/\"}}]}<\/script>\n<!-- \/ Yoast SEO plugin. -->","yoast_head_json":{"title":"Personal Directivo - Superintendencia de Bancos","robots":{"index":"index","follow":"follow","max-snippet":"max-snippet:-1","max-image-preview":"max-image-preview:large","max-video-preview":"max-video-preview:-1"},"canonical":"https:\/\/www.superbancos.gob.ec\/bancos\/personal-directivo\/","og_locale":"es_ES","og_type":"article","og_title":"Personal Directivo - Superintendencia de Bancos","og_description":"Editar CARGO NOMBRE SUPERINTENDENTE DE BANCOS Econ. Roberto Romero von Buchwald INTENDENTE GENERAL Mgt. Francisco Javier Garz\u00f3n Cisneros INTENDENTE REGIONAL DE GUAYAQUIL Dr. C\u00e9sar Luis Cano Flores INTENDENTE REGIONAL DE CUENCA Mgt. Tanya Catalina Vintimilla Ugalde INTENDENTE REGIONAL DE PORTOVIEJO Mgt. Jos\u00e9 Antonio Mart\u00ednez Dobronsky SECRETARIO GENERAL Mgt. Delia Mar\u00eda Pe\u00f1afiel Guzm\u00e1n INTENDENTE GENERAL DE [&hellip;]","og_url":"https:\/\/www.superbancos.gob.ec\/bancos\/personal-directivo\/","og_site_name":"Superintendencia de Bancos","article_modified_time":"2026-03-10T14:53:04+00:00","twitter_card":"summary_large_image","schema":{"@context":"https:\/\/schema.org","@graph":[{"@type":"WebPage","@id":"https:\/\/www.superbancos.gob.ec\/bancos\/personal-directivo\/","url":"https:\/\/www.superbancos.gob.ec\/bancos\/personal-directivo\/","name":"Personal Directivo - Superintendencia de Bancos","isPartOf":{"@id":"https:\/\/www.superbancos.gob.ec\/bancos\/#website"},"datePublished":"2022-06-20T21:14:40+00:00","dateModified":"2026-03-10T14:53:04+00:00","breadcrumb":{"@id":"https:\/\/www.superbancos.gob.ec\/bancos\/personal-directivo\/#breadcrumb"},"inLanguage":"es","potentialAction":[{"@type":"ReadAction","target":["https:\/\/www.superbancos.gob.ec\/bancos\/personal-directivo\/"]}]},{"@type":"BreadcrumbList","@id":"https:\/\/www.superbancos.gob.ec\/bancos\/personal-directivo\/#breadcrumb","itemListElement":[{"@type":"ListItem","position":1,"name":"Portada","item":"https:\/\/www.superbancos.gob.ec\/bancos\/"},{"@type":"ListItem","position":2,"name":"Personal Directivo"}]},{"@type":"WebSite","@id":"https:\/\/www.superbancos.gob.ec\/bancos\/#website","url":"https:\/\/www.superbancos.gob.ec\/bancos\/","name":"Superintendencia de Bancos","description":"Organo de Control del Sistema Financiero Ecuatoriano.","publisher":{"@id":"https:\/\/www.superbancos.gob.ec\/bancos\/#organization"},"alternateName":"Super de Bancos","potentialAction":[{"@type":"SearchAction","target":{"@type":"EntryPoint","urlTemplate":"https:\/\/www.superbancos.gob.ec\/bancos\/?s={search_term_string}"},"query-input":{"@type":"PropertyValueSpecification","valueRequired":true,"valueName":"search_term_string"}}],"inLanguage":"es"},{"@type":"Organization","@id":"https:\/\/www.superbancos.gob.ec\/bancos\/#organization","name":"Superintendencia de Bancos","url":"https:\/\/www.superbancos.gob.ec\/bancos\/","logo":{"@type":"ImageObject","inLanguage":"es","@id":"https:\/\/www.superbancos.gob.ec\/bancos\/#\/schema\/logo\/image\/","url":"https:\/\/www.superbancos.gob.ec\/bancos\/wp-content\/uploads\/2022\/09\/Logo_Super.png","contentUrl":"https:\/\/www.superbancos.gob.ec\/bancos\/wp-content\/uploads\/2022\/09\/Logo_Super.png","width":340,"height":92,"caption":"Superintendencia de Bancos"},"image":{"@id":"https:\/\/www.superbancos.gob.ec\/bancos\/#\/schema\/logo\/image\/"}}]}},"_links":{"self":[{"href":"https:\/\/www.superbancos.gob.ec\/bancos\/wp-json\/wp\/v2\/pages\/14889"}],"collection":[{"href":"https:\/\/www.superbancos.gob.ec\/bancos\/wp-json\/wp\/v2\/pages"}],"about":[{"href":"https:\/\/www.superbancos.gob.ec\/bancos\/wp-json\/wp\/v2\/types\/page"}],"author":[{"embeddable":true,"href":"https:\/\/www.superbancos.gob.ec\/bancos\/wp-json\/wp\/v2\/users\/832"}],"replies":[{"embeddable":true,"href":"https:\/\/www.superbancos.gob.ec\/bancos\/wp-json\/wp\/v2\/comments?post=14889"}],"version-history":[{"count":210,"href":"https:\/\/www.superbancos.gob.ec\/bancos\/wp-json\/wp\/v2\/pages\/14889\/revisions"}],"predecessor-version":[{"id":41684,"href":"https:\/\/www.superbancos.gob.ec\/bancos\/wp-json\/wp\/v2\/pages\/14889\/revisions\/41684"}],"wp:attachment":[{"href":"https:\/\/www.superbancos.gob.ec\/bancos\/wp-json\/wp\/v2\/media?parent=14889"}],"curies":[{"name":"wp","href":"https:\/\/api.w.org\/{rel}","templated":true}]}}