{"id":2705,"date":"2018-06-15T21:34:19","date_gmt":"2018-06-15T21:34:19","guid":{"rendered":"https:\/\/w-group.tech\/sb\/portalestudios\/?page_id=2705"},"modified":"2018-06-15T21:44:06","modified_gmt":"2018-06-15T21:44:06","slug":"servicio-de-cesantia-de-la-policia-nacional-scpn","status":"publish","type":"page","link":"https:\/\/www.superbancos.gob.ec\/estadisticas\/portalestudios\/servicio-de-cesantia-de-la-policia-nacional-scpn\/","title":{"rendered":"SERVICIO DE CESANT\u00cdA  DE LA POLICIA NACIONAL (SCPN)"},"content":{"rendered":"<hr \/>\n<h4><strong>Servicio de Cesant\u00eda de la Polic\u00eda Nacional (SCPN)<\/strong><\/h4>\n<hr \/>\n<p><strong>HISTORIA<\/strong><\/p>\n<p>La Cooperativa de la Cesant\u00eda de la Polic\u00eda Nacional, se constituy\u00f3 mediante Decreto, publicado en el Registro Oficial No. 91 de 20 de diciembre de 1960.<\/p>\n<p>A trav\u00e9s de los a\u00f1os se realizaron reformas a la Ley de la Cooperativa de Cesant\u00eda de la Polic\u00eda Nacional; y, en el Registro Oficial No. 131 de 17 de diciembre de 1963 se transform\u00f3 en el Servicio de Cesant\u00eda de la Polic\u00eda Civil Nacional.<\/p>\n<p>En 1970 mediante Decreto Supremo No. 46, de 6 de julio de 1970, publicado en el Registro Oficial No. 17 de 14 de julio de 1970, se expide la Ley del Servicio de Cesant\u00eda, que regula el otorgamiento de la cesant\u00eda policial y devoluci\u00f3n de aportes a sus miembros; con sus reformas publicadas en el Registro Oficial No. 490 de 31 de julio de 1986.<\/p>\n<p>En el a\u00f1o 2002, mediante Ley No. 2002-79, publicada en el Registro Oficial 662 de 13 de septiembre de 2002, se actualiz\u00f3 el marco legal y reglamentario que regula este servicio.<\/p>\n<p>El Servicio de Cesant\u00eda de la Polic\u00eda Nacional es una entidad con personer\u00eda jur\u00eddica, capaz de adquirir derechos y contraer obligaciones, encargada de recaudar los aportes personales y patronales, para ser administrados de manera eficaz y solidaria, a fin de otorgar equitativamente el seguro de cesant\u00eda o devoluci\u00f3n de aportes a todos los miembros cesantes de la Polic\u00eda Nacional.<\/p>\n<p><strong>BENEFICIARIOS<\/strong><\/p>\n<p>Son beneficiarios del Seguro de Cesant\u00eda, los oficiales, clases y polic\u00edas, que pasen a la situaci\u00f3n de retiro o dejen de pertenecer a la Polic\u00eda Nacional<\/p>\n<p><strong>PRESTACI\u00d3N CUBIERTA<\/strong><\/p>\n<p>El Seguro de Cesant\u00eda es una prestaci\u00f3n de car\u00e1cter social, a la que tiene derecho el miembro de la Instituci\u00f3n que se separa del servicio activo en forma definitiva, contando por lo menos con 240 imposiciones mensuales, es decir, 20 a\u00f1os de servicio activo y efectivo en la Instituci\u00f3n Policial, ininterrumpidos y sin abonos. La fracci\u00f3n de mes ser\u00e1 imposici\u00f3n completa y no se contabilizar\u00e1 el per\u00edodo de formaci\u00f3n en calidad de aspirante.\u00a0 Se paga en dinero en efectivo.<\/p>\n<p>El Seguro de Cesant\u00eda est\u00e1 constituido por la cuant\u00eda b\u00e1sica y la bonificaci\u00f3n, las que son fijadas anualmente por la Junta Directiva.<\/p>\n<p>La cuant\u00eda b\u00e1sica es una para oficiales y otra para clases y polic\u00edas, sin distinci\u00f3n de grados en proporci\u00f3n al promedio de sus aportes.\u00a0 Se pueden fijar cupos de excesos, dentro del mismo a\u00f1o, siempre que exista la disponibilidad econ\u00f3mica.<\/p>\n<p>Los cupos de excesos se utilizan para el pago de la cesant\u00eda de los miembros de la instituci\u00f3n dados de baja por las siguientes circunstancias: Resoluci\u00f3n del Tribunal de Disciplina, por hab\u00e9rsele comprobado mala conducta profesional; por integrar la cuota de eliminaci\u00f3n; y, por sentencia condenatoria ejecutoriada en materia penal por delitos dolosos.<\/p>\n<p>La bonificaci\u00f3n se paga a partir de las 241 imposiciones, de acuerdo con las disposiciones del Reglamento.<\/p>\n<p>Son fondos del Servicio de Cesant\u00eda de la Polic\u00eda Nacional los siguientes:<\/p>\n<ol>\n<li>El Fondo Ordinario, constituido por:\n<ul>\n<li>Las aportaciones personales mensuales calculadas en base al sueldo imponible que percibe el miembro de la Instituci\u00f3n, no menor al 15%, seg\u00fan el porcentaje que fije la Asamblea General;<\/li>\n<li>El aporte patronal del Estado en el mismo porcentaje determinado para el personal de las dem\u00e1s ramas de la Fuerza P\u00fablica, calculado en base al sueldo imponible;<\/li>\n<li>Los descuentos que se hicieren a quienes faltaren al servicio;<\/li>\n<li>Las rentas que produce este Fondo;<\/li>\n<li>El 70% de las rentas que produce el Fondo de Reserva;<\/li>\n<li>Los ingresos generados por la prestaci\u00f3n del servicio de polic\u00edas especiales, de acuerdo con el respectivo Reglamento; y,<\/li>\n<li>Y dem\u00e1s ingresos que se crearen posteriormente destinados a este Fondo.<\/li>\n<\/ul>\n<\/li>\n<li>El Fondo de Reserva constituido por los bienes ra\u00edces de propiedad del Servicio de Cesant\u00eda de la Polic\u00eda Nacional, m\u00e1s las utilidades que produce este fondo en cada ejercicio contable; y<\/li>\n<li>El fondo extraordinario constituido por legados y donaciones que se hicieren en beneficio del Servicio de Cesant\u00eda de la Polic\u00eda Nacional; y, las cesant\u00edas o devoluciones de aportes que carezcan de beneficiario.<\/li>\n<\/ol>\n<p><strong>FUNCIONES Y ESTRUCTURA<\/strong><\/p>\n<p>El\u00a0 Servicio e Cesant\u00eda de la Polic\u00eda Nacional est\u00e1 constituido\u00a0 por los siguientes \u00f3rganos:<\/p>\n<ul>\n<li>Directivos;<\/li>\n<li>De Control;<\/li>\n<li>De Asesoramiento; y,<\/li>\n<li>Operativos.\n<ul>\n<li><u>\u00d3rganos Directivos:<\/u>\n<ul>\n<li>La Asamblea General de Delegados;<\/li>\n<li>La Junta Directiva;<\/li>\n<li>La Comisi\u00f3n de Apelaciones;<\/li>\n<li>La Direcci\u00f3n Ejecutiva; y,<\/li>\n<li>La Comisi\u00f3n de Inversiones.<\/li>\n<\/ul>\n<\/li>\n<li><u>\u00d3rgano de Control:<\/u>\n<ul>\n<li>La\u00a0 Comisi\u00f3n\u00a0 Fiscalizadora.<\/li>\n<\/ul>\n<\/li>\n<li><u>\u00d3rganos de Asesoramiento:<\/u>\n<ul>\n<li>Asesor\u00eda Jur\u00eddica; y,<\/li>\n<li>Asesor\u00eda\u00a0 T\u00e9cnica.<\/li>\n<\/ul>\n<\/li>\n<li><u>\u00d3rganos Operativos:<\/u>\n<ul>\n<li>Departamento Econ\u00f3mico &#8211; Financiero;<\/li>\n<li>Departamento de Prestaciones;<\/li>\n<li>Departamento de Sistemas; y,<\/li>\n<li>Departamento\u00a0 Administrativo.<\/li>\n<\/ul>\n<\/li>\n<\/ul>\n<\/li>\n<\/ul>\n<p>Al 31 de marzo de 2018, el SCPN registra:<\/p>\n<table class=\" alignleft\" style=\"width: 259px;\">\n<tbody>\n<tr style=\"height: 10px;\">\n<td style=\"width: 142px; height: 10px; text-align: center;\">Oficiales<\/td>\n<td style=\"width: 107px; height: 10px; text-align: center;\">3,650<\/td>\n<\/tr>\n<tr style=\"height: 56px;\">\n<td style=\"width: 142px; height: 56px; text-align: center;\">Clases y polic\u00edas<\/td>\n<td style=\"width: 107px; height: 56px; text-align: center;\">40,416<\/td>\n<\/tr>\n<tr style=\"height: 22px;\">\n<td style=\"width: 142px; height: 22px; text-align: center;\"><strong>TOTAL<\/strong><\/td>\n<td style=\"width: 107px; height: 22px; text-align: center;\"><strong>44,066<\/strong><\/td>\n<\/tr>\n<\/tbody>\n<\/table>\n<p>&nbsp;<\/p>\n<p>&nbsp;<\/p>\n<p>&nbsp;<\/p>\n<p>&nbsp;<\/p>\n<p>Para mayor informaci\u00f3n, usted puede visitar la p\u00e1gina web del SCPN: <a href=\"http:\/\/www.cesantiapn.com.ec\" target=\"_blank\" rel=\"noopener\"><strong>www.cesantiapn.com.ec<\/strong><\/a><\/p>\n","protected":false},"excerpt":{"rendered":"<p>Servicio de Cesant\u00eda de la Polic\u00eda Nacional (SCPN) HISTORIA La Cooperativa de la Cesant\u00eda de la Polic\u00eda Nacional, se constituy\u00f3 mediante Decreto, publicado en el Registro Oficial No. 91 de 20 de diciembre de 1960. A trav\u00e9s de los a\u00f1os se realizaron reformas a la Ley de la Cooperativa de Cesant\u00eda de la Polic\u00eda Nacional; [&hellip;]<\/p>\n","protected":false},"author":12,"featured_media":0,"parent":0,"menu_order":0,"comment_status":"closed","ping_status":"closed","template":"page-templates\/page_front-page.php","meta":{"footnotes":""},"class_list":["post-2705","page","type-page","status-publish","hentry"],"_links":{"self":[{"href":"https:\/\/www.superbancos.gob.ec\/estadisticas\/portalestudios\/wp-json\/wp\/v2\/pages\/2705"}],"collection":[{"href":"https:\/\/www.superbancos.gob.ec\/estadisticas\/portalestudios\/wp-json\/wp\/v2\/pages"}],"about":[{"href":"https:\/\/www.superbancos.gob.ec\/estadisticas\/portalestudios\/wp-json\/wp\/v2\/types\/page"}],"author":[{"embeddable":true,"href":"https:\/\/www.superbancos.gob.ec\/estadisticas\/portalestudios\/wp-json\/wp\/v2\/users\/12"}],"replies":[{"embeddable":true,"href":"https:\/\/www.superbancos.gob.ec\/estadisticas\/portalestudios\/wp-json\/wp\/v2\/comments?post=2705"}],"version-history":[{"count":6,"href":"https:\/\/www.superbancos.gob.ec\/estadisticas\/portalestudios\/wp-json\/wp\/v2\/pages\/2705\/revisions"}],"predecessor-version":[{"id":2713,"href":"https:\/\/www.superbancos.gob.ec\/estadisticas\/portalestudios\/wp-json\/wp\/v2\/pages\/2705\/revisions\/2713"}],"wp:attachment":[{"href":"https:\/\/www.superbancos.gob.ec\/estadisticas\/portalestudios\/wp-json\/wp\/v2\/media?parent=2705"}],"curies":[{"name":"wp","href":"https:\/\/api.w.org\/{rel}","templated":true}]}}