{"id":327,"date":"2017-09-21T16:45:37","date_gmt":"2017-09-21T16:45:37","guid":{"rendered":"https:\/\/w-group.tech\/sb\/portalestudios\/?page_id=327"},"modified":"2025-02-20T16:15:50","modified_gmt":"2025-02-20T21:15:50","slug":"volumen-de-credito","status":"publish","type":"page","link":"https:\/\/www.superbancos.gob.ec\/estadisticas\/portalestudios\/volumen-de-credito\/","title":{"rendered":"Volumen de Cr\u00e9dito"},"content":{"rendered":"\t\t<div data-elementor-type=\"wp-page\" data-elementor-id=\"327\" class=\"elementor elementor-327\">\n\t\t\t\t\t\t<section data-particle_enable=\"false\" data-particle-mobile-disabled=\"false\" class=\"elementor-section elementor-top-section elementor-element elementor-element-15bafc82 elementor-section-boxed elementor-section-height-default elementor-section-height-default\" data-id=\"15bafc82\" data-element_type=\"section\">\n\t\t\t\t\t\t<div class=\"elementor-container elementor-column-gap-default\">\n\t\t\t\t\t<div class=\"elementor-column elementor-col-100 elementor-top-column elementor-element elementor-element-5c5af2ac\" data-id=\"5c5af2ac\" data-element_type=\"column\">\n\t\t\t<div class=\"elementor-widget-wrap elementor-element-populated\">\n\t\t\t\t\t\t<div class=\"elementor-element elementor-element-63f18cce elementor-widget elementor-widget-text-editor\" data-id=\"63f18cce\" data-element_type=\"widget\" data-widget_type=\"text-editor.default\">\n\t\t\t\t<div class=\"elementor-widget-container\">\n\t\t\t\t\t\t\t<p>La Subdirecci\u00f3n de Estad\u00edsticas y Estudios de la Superintendencia de Bancos, encargada de la difusi\u00f3n al p\u00fablico en general de la informaci\u00f3n del sistema financiero ecuatoriano, en el caso de Volumen de Cr\u00e9dito y Contingentes ha preparado a partir del a\u00f1o 2005, una serie de reportes que ser\u00e1n publicados en este sitio WEB.<\/p><p>A continuaci\u00f3n se presenta la informaci\u00f3n contenida en los diferentes reportes de Volumen de Cr\u00e9dito.<\/p><p><b>Informaci\u00f3n General<\/b><\/p><p>Los reportes que se generen, corresponder\u00e1n a un per\u00edodo determinado, el mismo que ser\u00e1 determinado por los diferentes usuarios, para lo cual existir\u00e1 la opci\u00f3n de fecha inicial y fecha final.<\/p><p>Todos los reportes de Volumen de Cr\u00e9dito, contienen el n\u00famero de operaciones y el valor de las operaciones de cr\u00e9ditos concedidos en un periodo determinado por las diferentes entidades del sistema financiero controlado.<\/p>\t\t\t\t\t\t<\/div>\n\t\t\t\t<\/div>\n\t\t\t\t<div class=\"elementor-element elementor-element-575eaed elementor-widget elementor-widget-wpcp-shareonedrive\" data-id=\"575eaed\" data-element_type=\"widget\" data-widget_type=\"wpcp-shareonedrive.default\">\n\t\t\t\t<div class=\"elementor-widget-container\">\n\t\t\t<div id='wpcp-f1bc5e9f3c2cf7cc80a7680e195fec67' class='wpcp-container'><div id='ShareoneDrive' class=' files  wpcp-has-scroll-to-top' data-module-id='wpcp-f1bc5e9f3c2cf7cc80a7680e195fec67' style='display:none'><noscript><div class='ShareoneDrive-nojsmessage'>Para ver este contenido, necesita tener activado JavaScript en su navegador.<br\/><a href='http:\/\/www.enable-javascript.com\/' target='_blank'>Para hacerlo, siga las siguientes instrucciones<\/a>.<\/div><\/noscript><div class='wpcp-module ShareoneDrive files jsdisabled wpcp-thumb-view'  id='ShareoneDrive-f1bc5e9f3c2cf7cc80a7680e195fec67' data-token='f1bc5e9f3c2cf7cc80a7680e195fec67' data-account-id='341c37a6-daa9-4b83-adad-506b00ccb984' data-drive-id='b!Iz-mji9B1EqK1eiAuGWU7x82x3m7uftFja_xK_rSLWY6gLR41EOqTYg222Ho8lwD' data-id='' data-org-id='' data-path='bnVsbA==' data-org-path='bnVsbA==' data-source='096cc9d3068dbfe79d619ce06f2c925d' data-sort='datetaken:desc' data-list='files' data-query='' data-lightboxnav='1' data-lightboxthumbs='1' data-layout='grid' data-action='0'  ><div class=\"wpcp-browser-container wpcp-browser-tree--init wpcp-no-tree wpcp-browser--init\" style=\"width:100%;max-width:100%;\">\r\n    <div class=\"wpcp-browser-container-tree\" data-show-tree='0'>\r\n        <div class=\"wpcp-container-overlay\"><\/div>\r\n        <div class=\"nav-header\">\r\n            <a class=\"nav-tree-toggle entry-info-button\" tabindex=\"0\" title=\"Mostrar \u00e1rbol de carpetas\">\r\n                <i class=\"eva eva-arrowhead-left-outline\"><\/i>\r\n            <\/a>\r\n        <\/div>\r\n        <div class=\"wpcp-browser-tree\"><\/div>\r\n    <\/div>\r\n    <div class=\"wpcp-browser-container-content\">\r\n                <div class=\"nav-header nav-header-has-breadcrumb\">            <a class=\"nav-tree-toggle entry-info-button\" tabindex=\"0\" title=\"Mostrar \u00e1rbol de carpetas\">\r\n                <i class=\"eva eva-arrowhead-left-outline\"><\/i>\r\n            <\/a>\r\n            <a class=\"nav-home entry-info-button\" title=\"Vuelva a la carpeta de inicio\" tabindex=\"0\">\r\n                <i class=\"eva eva-home-outline\"><\/i>\r\n            <\/a>\r\n            <div class=\"nav-title\">Cargando...<\/div>\r\n                        <a class=\"nav-search entry-info-button\" tabindex=\"0\">\r\n                <i class=\"eva eva-search\"><\/i>\r\n            <\/a>\r\n\r\n            <div class=\"tippy-content-holder search-wrapper\">\r\n                <a class=\"search-icon search-submit\" href=\"javascript:;\"><i class=\"eva eva-search\"><\/i><\/a>\r\n                <input class=\"search-input\" name=\"q\" type=\"search\" autocomplete=\"off\" size=\"40\" aria-label=\"Buscar\" placeholder=\"B\u00fasqueda de archivos y contenido\" \/>\r\n                <a class=\"search-remove\" href=\"javascript:;\" title=\"Limpiar\"><i class=\"eva eva-close\"><\/i><\/a>\r\n            <\/div>\r\n            \r\n\r\n            <a class=\"nav-sort entry-info-button\" title=\"Opciones de orden\">\r\n                <i class=\"eva eva-options\"><\/i>\r\n            <\/a>\r\n            <div class=\"tippy-content-holder sort-div\">\r\n                <ul class='nav-sorting-list'>\r\n                    <li><a class=\"nav-sorting-field nav-name \" data-field=\"name\" title=\"Nombre\">\r\n                            Nombre                        <\/a>\r\n                    <\/li>\r\n                    <li><a class=\"nav-sorting-field nav-size \" data-field=\"size\" title=\"Tama\u00f1o\">\r\n                            Tama\u00f1o                        <\/a>\r\n                    <\/li>\r\n                    <li><a class=\"nav-sorting-field nav-modified \" data-field=\"modified\" title=\"Modificado\">\r\n                            Modificado                        <\/a>\r\n                    <\/li>\r\n                    <li><a class=\"nav-sorting-field nav-datetaken sort-selected\" data-field=\"datetaken\" title=\"Fecha de creaci\u00f3n\">\r\n                            Fecha de creaci\u00f3n                        <\/a>\r\n                    <\/li>\r\n                    <li class=\"list-separator\">&nbsp;<\/li>\r\n                    <li><a class=\"nav-sorting-order nav-asc \" data-order=\"asc\" title=\"Ascendente\">\r\n                            Ascendente                        <\/a>\r\n                    <\/li>\r\n                    <li><a class=\"nav-sorting-order nav-desc sort-selected\" data-order=\"desc\" title=\"Descendente\">\r\n                            Descendente                        <\/a>\r\n                    <\/li>\r\n                <\/ul>\r\n            <\/div>\r\n\r\n            <a class=\"nav-gear entry-info-button\" title=\"M\u00e1s acciones\">\r\n                <i class=\"eva eva-more-vertical-outline\"><\/i>\r\n            <\/a>\r\n            <div class=\"tippy-content-holder gear-div\" data-token=\"f1bc5e9f3c2cf7cc80a7680e195fec67\">\r\n                <ul data-id=\"f1bc5e9f3c2cf7cc80a7680e195fec67\">\r\n\r\n                                        <li style=\"display: none\"><a class=\"nav-layout nav-layout-grid\" title=\"Ver como rejilla\">\r\n                            <i class=\"eva eva-grid-outline eva-lg\"><\/i>Ver como rejilla                        <\/a>\r\n                    <\/li>\r\n                    <li><a class=\"nav-layout nav-layout-list\" title=\"Ver como lista\">\r\n                            <i class=\"eva eva-list-outline eva-lg\"><\/i>Ver como lista                        <\/a>\r\n                    <\/li>\r\n                                        <li class='gear-menu-no-options' style=\"display: none\"><a><i class='eva eva-info-outline eva-lg'><\/i>No hay opciones...<\/a><\/li>\r\n                <\/ul>\r\n            <\/div>\r\n                        <a class=\"nav-refresh entry-info-button\" title=\"Actualizar\">\r\n                <i class=\"eva eva-sync\"><\/i>\r\n            <\/a>\r\n                    <\/div>        <div class=\"wpcp-container-content\">\r\n            <div class=\"loading initialize\">                <svg class=\"loader-spinner\" viewBox=\"25 25 50 50\">\r\n                    <circle class=\"path\" cx=\"50\" cy=\"50\" r=\"20\" fill=\"none\" stroke-width=\"3\" stroke-miterlimit=\"10\"><\/circle>\r\n                <\/svg>\r\n                            <\/div>\r\n            <div class=\"ajax-filelist\" style=\"\">\r\n                <div class='files'>\r\n                    <div class=\"folders-container\"><div class=\"entry folder skeleton-entry\">\r\n    <div class=\"entry_block\">\r\n                <div class=\"entry-info\">\r\n            <div class=\"entry-info-icon skeleton skeleton-icon\"><\/div>\r\n            <div class=\"entry-info-name\"><span class=\"skeleton skeleton-text\"><\/span><\/div>\r\n                    <\/div>\r\n    <\/div>\r\n<\/div>\r\n<div class=\"entry folder skeleton-entry\">\r\n    <div class=\"entry_block\">\r\n                <div class=\"entry-info\">\r\n            <div class=\"entry-info-icon skeleton skeleton-icon\"><\/div>\r\n            <div class=\"entry-info-name\"><span class=\"skeleton skeleton-text\"><\/span><\/div>\r\n                    <\/div>\r\n    <\/div>\r\n<\/div>\r\n<div class=\"entry folder skeleton-entry\">\r\n    <div class=\"entry_block\">\r\n                <div class=\"entry-info\">\r\n            <div class=\"entry-info-icon skeleton skeleton-icon\"><\/div>\r\n            <div class=\"entry-info-name\"><span class=\"skeleton skeleton-text\"><\/span><\/div>\r\n                    <\/div>\r\n    <\/div>\r\n<\/div>\r\n<\/div>\r\n                    <div class=\"files-container\"><div class=\"entry file skeleton-entry\">\r\n    <div class=\"entry_block\">\r\n         <div class=\"entry_thumbnail skeleton skeleton-img\"><\/div>        <div class=\"entry-info\">\r\n            <div class=\"entry-info-icon skeleton skeleton-icon\"><\/div>\r\n            <div class=\"entry-info-name\"><span class=\"skeleton skeleton-text\"><\/span><\/div>\r\n                        <div class=\"entry-info-modified-date skeleton skeleton-text-small\"><\/div>\r\n            <div class=\"entry-info-size skeleton skeleton-text-small\"><\/div>\r\n                    <\/div>\r\n    <\/div>\r\n<\/div>\r\n<div class=\"entry file skeleton-entry\">\r\n    <div class=\"entry_block\">\r\n         <div class=\"entry_thumbnail skeleton skeleton-img\"><\/div>        <div class=\"entry-info\">\r\n            <div class=\"entry-info-icon skeleton skeleton-icon\"><\/div>\r\n            <div class=\"entry-info-name\"><span class=\"skeleton skeleton-text\"><\/span><\/div>\r\n                        <div class=\"entry-info-modified-date skeleton skeleton-text-small\"><\/div>\r\n            <div class=\"entry-info-size skeleton skeleton-text-small\"><\/div>\r\n                    <\/div>\r\n    <\/div>\r\n<\/div>\r\n<div class=\"entry file skeleton-entry\">\r\n    <div class=\"entry_block\">\r\n         <div class=\"entry_thumbnail skeleton skeleton-img\"><\/div>        <div class=\"entry-info\">\r\n            <div class=\"entry-info-icon skeleton skeleton-icon\"><\/div>\r\n            <div class=\"entry-info-name\"><span class=\"skeleton skeleton-text\"><\/span><\/div>\r\n                        <div class=\"entry-info-modified-date skeleton skeleton-text-small\"><\/div>\r\n            <div class=\"entry-info-size skeleton skeleton-text-small\"><\/div>\r\n                    <\/div>\r\n    <\/div>\r\n<\/div>\r\n<div class=\"entry file skeleton-entry\">\r\n    <div class=\"entry_block\">\r\n         <div class=\"entry_thumbnail skeleton skeleton-img\"><\/div>        <div class=\"entry-info\">\r\n            <div class=\"entry-info-icon skeleton skeleton-icon\"><\/div>\r\n            <div class=\"entry-info-name\"><span class=\"skeleton skeleton-text\"><\/span><\/div>\r\n                        <div class=\"entry-info-modified-date skeleton skeleton-text-small\"><\/div>\r\n            <div class=\"entry-info-size skeleton skeleton-text-small\"><\/div>\r\n                    <\/div>\r\n    <\/div>\r\n<\/div>\r\n<div class=\"entry file skeleton-entry\">\r\n    <div class=\"entry_block\">\r\n         <div class=\"entry_thumbnail skeleton skeleton-img\"><\/div>        <div class=\"entry-info\">\r\n            <div class=\"entry-info-icon skeleton skeleton-icon\"><\/div>\r\n            <div class=\"entry-info-name\"><span class=\"skeleton skeleton-text\"><\/span><\/div>\r\n                        <div class=\"entry-info-modified-date skeleton skeleton-text-small\"><\/div>\r\n            <div class=\"entry-info-size skeleton skeleton-text-small\"><\/div>\r\n                    <\/div>\r\n    <\/div>\r\n<\/div>\r\n<\/div>\r\n                <\/div>\r\n            <\/div>\r\n            <div class=\"scroll-to-top\">\r\n                <button class=\"scroll-to-top-action button button-round-icon secondary button-round-icon-lg button-shadow-3\" type=\"button\" title=\"Ir arriba\" aria-expanded=\"false\"><i class=\"eva eva-arrow-upward-outline eva-2x\"><\/i><\/button>\r\n                            <\/div>\r\n            <div class=\"wpcp-browser-container-info\">\r\n                <div class=\"wpcp-container-overlay\"><\/div>\r\n                <div class=\"wpcp-info-content\">\r\n                    <div class=\"wpcp-info-close entry-info-button\">\r\n                        <i class=\"eva eva-close eva-lg\" aria-hidden=\"true\"><\/i>\r\n                    <\/div>\r\n                    <div class=\"wpcp-info-thumbnail\"><\/div>\r\n                    <div class=\"wpcp-info-list\"><\/div>\r\n                <\/div>\r\n            <\/div>\r\n        <\/div>\r\n    <\/div>\r\n<\/div><\/div><\/div><div class='wpcp-module-script'><script type='text\/javascript'>if (typeof(jQuery) !== 'undefined' && typeof(jQuery.cp) !== 'undefined' && typeof(jQuery.cp.ShareoneDrive) === 'function') { jQuery('#ShareoneDrive-f1bc5e9f3c2cf7cc80a7680e195fec67').ShareoneDrive(ShareoneDrive_vars); };<\/script><\/div><\/div>\t\t<\/div>\n\t\t\t\t<\/div>\n\t\t\t\t\t<\/div>\n\t\t<\/div>\n\t\t\t\t\t<\/div>\n\t\t<\/section>\n\t\t\t\t<\/div>\n\t\t","protected":false},"excerpt":{"rendered":"<p>La Subdirecci\u00f3n de Estad\u00edsticas y Estudios de la Superintendencia de Bancos, encargada de la difusi\u00f3n al p\u00fablico en general de la informaci\u00f3n del sistema financiero ecuatoriano, en el caso de Volumen de Cr\u00e9dito y Contingentes ha preparado a partir del a\u00f1o 2005, una serie de reportes que ser\u00e1n publicados en este sitio WEB. A continuaci\u00f3n [&hellip;]<\/p>\n","protected":false},"author":12,"featured_media":0,"parent":0,"menu_order":0,"comment_status":"closed","ping_status":"closed","template":"","meta":{"footnotes":""},"class_list":["post-327","page","type-page","status-publish","hentry"],"_links":{"self":[{"href":"https:\/\/www.superbancos.gob.ec\/estadisticas\/portalestudios\/wp-json\/wp\/v2\/pages\/327"}],"collection":[{"href":"https:\/\/www.superbancos.gob.ec\/estadisticas\/portalestudios\/wp-json\/wp\/v2\/pages"}],"about":[{"href":"https:\/\/www.superbancos.gob.ec\/estadisticas\/portalestudios\/wp-json\/wp\/v2\/types\/page"}],"author":[{"embeddable":true,"href":"https:\/\/www.superbancos.gob.ec\/estadisticas\/portalestudios\/wp-json\/wp\/v2\/users\/12"}],"replies":[{"embeddable":true,"href":"https:\/\/www.superbancos.gob.ec\/estadisticas\/portalestudios\/wp-json\/wp\/v2\/comments?post=327"}],"version-history":[{"count":20,"href":"https:\/\/www.superbancos.gob.ec\/estadisticas\/portalestudios\/wp-json\/wp\/v2\/pages\/327\/revisions"}],"predecessor-version":[{"id":9312,"href":"https:\/\/www.superbancos.gob.ec\/estadisticas\/portalestudios\/wp-json\/wp\/v2\/pages\/327\/revisions\/9312"}],"wp:attachment":[{"href":"https:\/\/www.superbancos.gob.ec\/estadisticas\/portalestudios\/wp-json\/wp\/v2\/media?parent=327"}],"curies":[{"name":"wp","href":"https:\/\/api.w.org\/{rel}","templated":true}]}}