{"id":333,"date":"2017-09-21T16:52:41","date_gmt":"2017-09-21T16:52:41","guid":{"rendered":"https:\/\/w-group.tech\/sb\/portalestudios\/?page_id=333"},"modified":"2024-05-23T11:35:15","modified_gmt":"2024-05-23T16:35:15","slug":"captaciones-y-colocaciones-capcol","status":"publish","type":"page","link":"https:\/\/www.superbancos.gob.ec\/estadisticas\/portalestudios\/captaciones-y-colocaciones-capcol\/","title":{"rendered":"Cartera y Dep\u00f3sitos"},"content":{"rendered":"\t\t<div data-elementor-type=\"wp-page\" data-elementor-id=\"333\" class=\"elementor elementor-333\">\n\t\t\t\t\t\t<section data-particle_enable=\"false\" data-particle-mobile-disabled=\"false\" class=\"elementor-section elementor-top-section elementor-element elementor-element-13c4de2 elementor-section-content-middle elementor-section-boxed elementor-section-height-default elementor-section-height-default\" data-id=\"13c4de2\" data-element_type=\"section\">\n\t\t\t\t\t\t<div class=\"elementor-container elementor-column-gap-default\">\n\t\t\t\t\t<div class=\"elementor-column elementor-col-50 elementor-top-column elementor-element elementor-element-a6de810\" data-id=\"a6de810\" data-element_type=\"column\">\n\t\t\t<div class=\"elementor-widget-wrap elementor-element-populated\">\n\t\t\t\t\t\t<div class=\"elementor-element elementor-element-347c31d elementor-widget elementor-widget-text-editor\" data-id=\"347c31d\" data-element_type=\"widget\" data-widget_type=\"text-editor.default\">\n\t\t\t\t<div class=\"elementor-widget-container\">\n\t\t\t\t\t\t\t<p>La Subdirecci\u00f3n de Estad\u00edsticas y Estudios de la SB, pone a disposici\u00f3n del p\u00fablico en general los reportes de <strong>\u201cCartera y Dep\u00f3sitos\u201d<\/strong>, que contiene los saldos de obligaciones con el p\u00fablico y de cartera de cr\u00e9dito, clasificados por cantones, provincias y regiones, datos que fuera remitidos por las instituciones financieras, bajo las\u00a0estructuras mensuales <strong>B12 y R04<\/strong> que tienen una periodicidad mensual.\u00a0<\/p><p>Incluye diferentes reportes relacionados a los saldos de obligaciones con el p\u00fablico por instrumento financieros: dep\u00f3sitos de ahorro, a plazo, en garant\u00eda, restringidos y por confirmar con sus respectivos n\u00fameros de cuentas y clientes por banco, de igual manera presenta reportes por segmentos de cr\u00e9dito, clasificados por cartera por vencer, improductiva, total cartera, provisi\u00f3n espec\u00edfica, e indicadores de\u00a0 morosidad y cobertura.<\/p><p><strong>Nota:<\/strong>\u00a0Las provisiones corresponden \u00fanicamente a las provisiones espec\u00edficas no incluye las gen\u00e9ricas.<\/p><p><strong>A partir del 2024 los reportes \u201ccolocaciones\u201d y \u201ccaptaciones\u201d se renombraron como cartera y dep\u00f3sitos, respectivamente.<\/strong><\/p>\t\t\t\t\t\t<\/div>\n\t\t\t\t<\/div>\n\t\t\t\t\t<\/div>\n\t\t<\/div>\n\t\t\t\t<div class=\"elementor-column elementor-col-50 elementor-top-column elementor-element elementor-element-63fa66d\" data-id=\"63fa66d\" data-element_type=\"column\">\n\t\t\t<div class=\"elementor-widget-wrap elementor-element-populated\">\n\t\t\t\t\t\t<div class=\"elementor-element elementor-element-f16b0b4 elementor-widget elementor-widget-image\" data-id=\"f16b0b4\" data-element_type=\"widget\" data-widget_type=\"image.default\">\n\t\t\t\t<div class=\"elementor-widget-container\">\n\t\t\t\t\t\t\t\t\t\t\t\t\t<img fetchpriority=\"high\" decoding=\"async\" width=\"520\" height=\"354\" src=\"https:\/\/www.superbancos.gob.ec\/estadisticas\/portalestudios\/wp-content\/uploads\/sites\/4\/2022\/08\/capcol.jpg\" class=\"attachment-large size-large wp-image-7174\" alt=\"\" srcset=\"https:\/\/www.superbancos.gob.ec\/estadisticas\/portalestudios\/wp-content\/uploads\/sites\/4\/2022\/08\/capcol.jpg 520w, https:\/\/www.superbancos.gob.ec\/estadisticas\/portalestudios\/wp-content\/uploads\/sites\/4\/2022\/08\/capcol-300x204.jpg 300w\" sizes=\"(max-width: 520px) 100vw, 520px\" \/>\t\t\t\t\t\t\t\t\t\t\t\t\t<\/div>\n\t\t\t\t<\/div>\n\t\t\t\t\t<\/div>\n\t\t<\/div>\n\t\t\t\t\t<\/div>\n\t\t<\/section>\n\t\t\t\t<section data-particle_enable=\"false\" data-particle-mobile-disabled=\"false\" class=\"elementor-section elementor-top-section elementor-element elementor-element-fd04769 elementor-section-boxed elementor-section-height-default elementor-section-height-default\" data-id=\"fd04769\" data-element_type=\"section\">\n\t\t\t\t\t\t<div class=\"elementor-container elementor-column-gap-default\">\n\t\t\t\t\t<div class=\"elementor-column elementor-col-100 elementor-top-column elementor-element elementor-element-5dba1b3\" data-id=\"5dba1b3\" data-element_type=\"column\" data-settings=\"{&quot;background_background&quot;:&quot;classic&quot;}\">\n\t\t\t<div class=\"elementor-widget-wrap elementor-element-populated\">\n\t\t\t\t\t\t<div class=\"elementor-element elementor-element-8c16207 elementor-widget elementor-widget-spacer\" data-id=\"8c16207\" data-element_type=\"widget\" data-widget_type=\"spacer.default\">\n\t\t\t\t<div class=\"elementor-widget-container\">\n\t\t\t\t\t<div class=\"elementor-spacer\">\n\t\t\t<div class=\"elementor-spacer-inner\"><\/div>\n\t\t<\/div>\n\t\t\t\t<\/div>\n\t\t\t\t<\/div>\n\t\t\t\t<section data-particle_enable=\"false\" data-particle-mobile-disabled=\"false\" class=\"elementor-section elementor-inner-section elementor-element elementor-element-b788f8c elementor-section-boxed elementor-section-height-default elementor-section-height-default\" data-id=\"b788f8c\" data-element_type=\"section\">\n\t\t\t\t\t\t<div class=\"elementor-container elementor-column-gap-default\">\n\t\t\t\t\t<div class=\"elementor-column elementor-col-33 elementor-inner-column elementor-element elementor-element-77a9de9\" data-id=\"77a9de9\" data-element_type=\"column\">\n\t\t\t<div class=\"elementor-widget-wrap elementor-element-populated\">\n\t\t\t\t\t\t<div class=\"elementor-element elementor-element-75525b6 ekit-equal-height-enable elementor-widget elementor-widget-elementskit-image-box\" data-id=\"75525b6\" data-element_type=\"widget\" data-widget_type=\"elementskit-image-box.default\">\n\t\t\t\t<div class=\"elementor-widget-container\">\n\t\t\t<div class=\"ekit-wid-con\" >\n            <div class=\"elementskit-info-image-box ekit-image-box text-center hover_from_center hover-border-bottom\" >\n\n                <a href=\"https:\/\/www.superbancos.gob.ec\/estadisticas\/portalestudios\/capcol-bancos\/\">\n                <div class=\"elementskit-box-header image-box-img-center\">\n\n                    <img decoding=\"async\" width=\"520\" height=\"354\" src=\"https:\/\/www.superbancos.gob.ec\/estadisticas\/portalestudios\/wp-content\/uploads\/sites\/4\/2022\/08\/sociedades-financieras.jpg\" class=\"attachment-full size-full wp-image-7121\" alt=\"\" srcset=\"https:\/\/www.superbancos.gob.ec\/estadisticas\/portalestudios\/wp-content\/uploads\/sites\/4\/2022\/08\/sociedades-financieras.jpg 520w, https:\/\/www.superbancos.gob.ec\/estadisticas\/portalestudios\/wp-content\/uploads\/sites\/4\/2022\/08\/sociedades-financieras-300x204.jpg 300w\" sizes=\"(max-width: 520px) 100vw, 520px\" \/>\n                <\/div>\n                <\/a>\n                <div class=\"elementskit-box-body ekit-image-box-body\">\n                    <div class=\"elementskit-box-content ekit-image-box-body-inner\">\n                                                <h3 class=\"elementskit-info-box-title\">\n\n                        Bancos Privados\n                        \n                    <\/h3>\n                                                        <\/div>\n\n                                <div class=\"elementskit-box-footer\">\n                    <div class=\"box-footer\">\n                        <div class=\"btn-wraper\">\n                                                            <a href=\"https:\/\/www.superbancos.gob.ec\/estadisticas\/portalestudios\/capcol-bancos\/\" class=\"elementskit-btn whitespace--normal\">\n                                    \n                                    \n                                    Acceder                                <\/a>\n                                                        <\/div>\n                    <\/div>\n                <\/div>\n                            <\/div>\n            <\/div>\n    <\/div>\t\t<\/div>\n\t\t\t\t<\/div>\n\t\t\t\t\t<\/div>\n\t\t<\/div>\n\t\t\t\t<div class=\"elementor-column elementor-col-33 elementor-inner-column elementor-element elementor-element-5bbc52d\" data-id=\"5bbc52d\" data-element_type=\"column\">\n\t\t\t<div class=\"elementor-widget-wrap elementor-element-populated\">\n\t\t\t\t\t\t<div class=\"elementor-element elementor-element-8ab24a4 ekit-equal-height-enable elementor-widget elementor-widget-elementskit-image-box\" data-id=\"8ab24a4\" data-element_type=\"widget\" data-widget_type=\"elementskit-image-box.default\">\n\t\t\t\t<div class=\"elementor-widget-container\">\n\t\t\t<div class=\"ekit-wid-con\" >\n            <div class=\"elementskit-info-image-box ekit-image-box text-center hover_from_center hover-border-bottom\" >\n\n                <a href=\"https:\/\/www.superbancos.gob.ec\/estadisticas\/portalestudios\/capcol-instituciones-publicas\/\">\n                <div class=\"elementskit-box-header image-box-img-center\">\n\n                    <img decoding=\"async\" width=\"520\" height=\"354\" src=\"https:\/\/www.superbancos.gob.ec\/estadisticas\/portalestudios\/wp-content\/uploads\/sites\/4\/2022\/08\/instituciones.jpg\" class=\"attachment-full size-full wp-image-7125\" alt=\"\" srcset=\"https:\/\/www.superbancos.gob.ec\/estadisticas\/portalestudios\/wp-content\/uploads\/sites\/4\/2022\/08\/instituciones.jpg 520w, https:\/\/www.superbancos.gob.ec\/estadisticas\/portalestudios\/wp-content\/uploads\/sites\/4\/2022\/08\/instituciones-300x204.jpg 300w\" sizes=\"(max-width: 520px) 100vw, 520px\" \/>\n                <\/div>\n                <\/a>\n                <div class=\"elementskit-box-body ekit-image-box-body\">\n                    <div class=\"elementskit-box-content ekit-image-box-body-inner\">\n                                                <h3 class=\"elementskit-info-box-title\">\n\n                        Instituciones P\u00fablicas\n                        \n                    <\/h3>\n                                                        <\/div>\n\n                                <div class=\"elementskit-box-footer\">\n                    <div class=\"box-footer\">\n                        <div class=\"btn-wraper\">\n                                                            <a href=\"https:\/\/www.superbancos.gob.ec\/estadisticas\/portalestudios\/capcol-instituciones-publicas\/\" class=\"elementskit-btn whitespace--normal\">\n                                    \n                                    \n                                    Acceder                                <\/a>\n                                                        <\/div>\n                    <\/div>\n                <\/div>\n                            <\/div>\n            <\/div>\n    <\/div>\t\t<\/div>\n\t\t\t\t<\/div>\n\t\t\t\t\t<\/div>\n\t\t<\/div>\n\t\t\t\t<div class=\"elementor-column elementor-col-33 elementor-inner-column elementor-element elementor-element-c764ad8\" data-id=\"c764ad8\" data-element_type=\"column\">\n\t\t\t<div class=\"elementor-widget-wrap elementor-element-populated\">\n\t\t\t\t\t\t<div class=\"elementor-element elementor-element-f0aebc8 ekit-equal-height-disable elementor-widget elementor-widget-elementskit-image-box\" data-id=\"f0aebc8\" data-element_type=\"widget\" data-widget_type=\"elementskit-image-box.default\">\n\t\t\t\t<div class=\"elementor-widget-container\">\n\t\t\t<div class=\"ekit-wid-con\" >\n            <div class=\"elementskit-info-image-box ekit-image-box text-center hover_from_center hover-border-bottom\" >\n\n                <a href=\"https:\/\/www.superbancos.gob.ec\/estadisticas\/portalestudios\/capcol-sociedades-financieras\/\">\n                <div class=\"elementskit-box-header image-box-img-center\">\n\n                    <img loading=\"lazy\" decoding=\"async\" width=\"520\" height=\"354\" src=\"https:\/\/www.superbancos.gob.ec\/estadisticas\/portalestudios\/wp-content\/uploads\/sites\/4\/2022\/08\/toned-image-of-modern-office-buildings-in-central-hong-kong.jpg\" class=\"attachment-full size-full wp-image-7119\" alt=\"\" srcset=\"https:\/\/www.superbancos.gob.ec\/estadisticas\/portalestudios\/wp-content\/uploads\/sites\/4\/2022\/08\/toned-image-of-modern-office-buildings-in-central-hong-kong.jpg 520w, https:\/\/www.superbancos.gob.ec\/estadisticas\/portalestudios\/wp-content\/uploads\/sites\/4\/2022\/08\/toned-image-of-modern-office-buildings-in-central-hong-kong-300x204.jpg 300w\" sizes=\"(max-width: 520px) 100vw, 520px\" \/>\n                <\/div>\n                <\/a>\n                <div class=\"elementskit-box-body ekit-image-box-body\">\n                    <div class=\"elementskit-box-content ekit-image-box-body-inner\">\n                                                <h3 class=\"elementskit-info-box-title\">\n\n                        Sociedades Financieras\n                        \n                    <\/h3>\n                                                        <\/div>\n\n                                <div class=\"elementskit-box-footer\">\n                    <div class=\"box-footer\">\n                        <div class=\"btn-wraper\">\n                                                            <a href=\"https:\/\/www.superbancos.gob.ec\/estadisticas\/portalestudios\/capcol-sociedades-financieras\/\" class=\"elementskit-btn whitespace--normal\">\n                                    \n                                    \n                                    Acceder                                <\/a>\n                                                        <\/div>\n                    <\/div>\n                <\/div>\n                            <\/div>\n            <\/div>\n    <\/div>\t\t<\/div>\n\t\t\t\t<\/div>\n\t\t\t\t\t<\/div>\n\t\t<\/div>\n\t\t\t\t\t<\/div>\n\t\t<\/section>\n\t\t\t\t\t<\/div>\n\t\t<\/div>\n\t\t\t\t\t<\/div>\n\t\t<\/section>\n\t\t\t\t<\/div>\n\t\t","protected":false},"excerpt":{"rendered":"<p>La Subdirecci\u00f3n de Estad\u00edsticas y Estudios de la SB, pone a disposici\u00f3n del p\u00fablico en general los reportes de \u201cCartera y Dep\u00f3sitos\u201d, que contiene los saldos de obligaciones con el p\u00fablico y de cartera de cr\u00e9dito, clasificados por cantones, provincias y regiones, datos que fuera remitidos por las instituciones financieras, bajo las\u00a0estructuras mensuales B12 y [&hellip;]<\/p>\n","protected":false},"author":12,"featured_media":0,"parent":0,"menu_order":0,"comment_status":"closed","ping_status":"closed","template":"","meta":{"footnotes":""},"class_list":["post-333","page","type-page","status-publish","hentry"],"_links":{"self":[{"href":"https:\/\/www.superbancos.gob.ec\/estadisticas\/portalestudios\/wp-json\/wp\/v2\/pages\/333"}],"collection":[{"href":"https:\/\/www.superbancos.gob.ec\/estadisticas\/portalestudios\/wp-json\/wp\/v2\/pages"}],"about":[{"href":"https:\/\/www.superbancos.gob.ec\/estadisticas\/portalestudios\/wp-json\/wp\/v2\/types\/page"}],"author":[{"embeddable":true,"href":"https:\/\/www.superbancos.gob.ec\/estadisticas\/portalestudios\/wp-json\/wp\/v2\/users\/12"}],"replies":[{"embeddable":true,"href":"https:\/\/www.superbancos.gob.ec\/estadisticas\/portalestudios\/wp-json\/wp\/v2\/comments?post=333"}],"version-history":[{"count":21,"href":"https:\/\/www.superbancos.gob.ec\/estadisticas\/portalestudios\/wp-json\/wp\/v2\/pages\/333\/revisions"}],"predecessor-version":[{"id":8663,"href":"https:\/\/www.superbancos.gob.ec\/estadisticas\/portalestudios\/wp-json\/wp\/v2\/pages\/333\/revisions\/8663"}],"wp:attachment":[{"href":"https:\/\/www.superbancos.gob.ec\/estadisticas\/portalestudios\/wp-json\/wp\/v2\/media?parent=333"}],"curies":[{"name":"wp","href":"https:\/\/api.w.org\/{rel}","templated":true}]}}