{"id":520,"date":"2017-09-28T19:51:38","date_gmt":"2017-09-28T19:51:38","guid":{"rendered":"https:\/\/w-group.tech\/sb\/portalestudios\/?page_id=520"},"modified":"2025-03-07T09:51:30","modified_gmt":"2025-03-07T14:51:30","slug":"instituciones-publicas","status":"publish","type":"page","link":"https:\/\/www.superbancos.gob.ec\/estadisticas\/portalestudios\/instituciones-publicas\/","title":{"rendered":"Instituciones P\u00fablicas"},"content":{"rendered":"\t\t<div data-elementor-type=\"wp-page\" data-elementor-id=\"520\" class=\"elementor elementor-520\">\n\t\t\t\t\t\t<section data-particle_enable=\"false\" data-particle-mobile-disabled=\"false\" class=\"elementor-section elementor-top-section elementor-element elementor-element-1aeded2b elementor-section-boxed elementor-section-height-default elementor-section-height-default\" data-id=\"1aeded2b\" data-element_type=\"section\">\n\t\t\t\t\t\t<div class=\"elementor-container elementor-column-gap-default\">\n\t\t\t\t\t<div class=\"elementor-column elementor-col-100 elementor-top-column elementor-element elementor-element-51c47996\" data-id=\"51c47996\" data-element_type=\"column\">\n\t\t\t<div class=\"elementor-widget-wrap elementor-element-populated\">\n\t\t\t\t\t\t<div class=\"elementor-element elementor-element-1ca57c4 elementor-widget elementor-widget-text-editor\" data-id=\"1ca57c4\" data-element_type=\"widget\" data-widget_type=\"text-editor.default\">\n\t\t\t\t<div class=\"elementor-widget-container\">\n\t\t\t\t\t\t\t<p>En esta secci\u00f3n se publica, con frecuencia mensual, informaci\u00f3n de las instituciones financieras p\u00fablicas que se encuentran operativas y bajo el control de la Superintendencia de Bancos.<\/p><p>Los boletines financieros mensuales est\u00e1n homologados conforme a la normativa vigente desde el 1 de mayo de 2021, lo que garantiza que la informaci\u00f3n financiera sea comparable a lo largo del tiempo, facilitando as\u00ed el an\u00e1lisis de tendencias y la evaluaci\u00f3n del desempe\u00f1o de estas entidades.\u201d<\/p>\t\t\t\t\t\t<\/div>\n\t\t\t\t<\/div>\n\t\t\t\t<div class=\"elementor-element elementor-element-409da98 elementor-widget elementor-widget-heading\" data-id=\"409da98\" data-element_type=\"widget\" data-widget_type=\"heading.default\">\n\t\t\t\t<div class=\"elementor-widget-container\">\n\t\t\t<h3 class=\"elementor-heading-title elementor-size-default\">Bolet\u00edn Financiero Mensual<\/h3>\t\t<\/div>\n\t\t\t\t<\/div>\n\t\t\t\t<div class=\"elementor-element elementor-element-f730807 elementor-widget elementor-widget-wpcp-shareonedrive\" data-id=\"f730807\" data-element_type=\"widget\" data-widget_type=\"wpcp-shareonedrive.default\">\n\t\t\t\t<div class=\"elementor-widget-container\">\n\t\t\t<div id='wpcp-7a34497913cbf9389301fe5171e6253f' class='wpcp-container'><div id='ShareoneDrive' class=' files  wpcp-has-scroll-to-top' data-module-id='wpcp-7a34497913cbf9389301fe5171e6253f' style='display:none'><noscript><div class='ShareoneDrive-nojsmessage'>Para ver este contenido, necesita tener activado JavaScript en su navegador.<br\/><a href='http:\/\/www.enable-javascript.com\/' target='_blank'>Para hacerlo, siga las siguientes instrucciones<\/a>.<\/div><\/noscript><div class='wpcp-module ShareoneDrive files jsdisabled wpcp-thumb-view'  id='ShareoneDrive-7a34497913cbf9389301fe5171e6253f' data-token='7a34497913cbf9389301fe5171e6253f' data-account-id='341c37a6-daa9-4b83-adad-506b00ccb984' data-drive-id='b!Iz-mji9B1EqK1eiAuGWU7x82x3m7uftFja_xK_rSLWY6gLR41EOqTYg222Ho8lwD' data-id='' data-org-id='' data-path='bnVsbA==' data-org-path='bnVsbA==' data-source='984361c6c98103e343c8d58f07ab14ef' data-sort='name:desc' data-list='files' data-query='' data-lightboxnav='1' data-lightboxthumbs='1' data-layout='grid' data-action='0'  ><div class=\"wpcp-browser-container wpcp-browser-tree--init wpcp-no-tree wpcp-browser--init\" style=\"width:100%;max-width:100%;\">\r\n    <div class=\"wpcp-browser-container-tree\" data-show-tree='0'>\r\n        <div class=\"wpcp-container-overlay\"><\/div>\r\n        <div class=\"nav-header\">\r\n            <a class=\"nav-tree-toggle entry-info-button\" tabindex=\"0\" title=\"Mostrar \u00e1rbol de carpetas\">\r\n                <i class=\"eva eva-arrowhead-left-outline\"><\/i>\r\n            <\/a>\r\n        <\/div>\r\n        <div class=\"wpcp-browser-tree\"><\/div>\r\n    <\/div>\r\n    <div class=\"wpcp-browser-container-content\">\r\n                <div class=\"nav-header nav-header-has-breadcrumb\">            <a class=\"nav-tree-toggle entry-info-button\" tabindex=\"0\" title=\"Mostrar \u00e1rbol de carpetas\">\r\n                <i class=\"eva eva-arrowhead-left-outline\"><\/i>\r\n            <\/a>\r\n            <a class=\"nav-home entry-info-button\" title=\"Vuelva a la carpeta de inicio\" tabindex=\"0\">\r\n                <i class=\"eva eva-home-outline\"><\/i>\r\n            <\/a>\r\n            <div class=\"nav-title\">Cargando...<\/div>\r\n                        <a class=\"nav-search entry-info-button\" tabindex=\"0\">\r\n                <i class=\"eva eva-search\"><\/i>\r\n            <\/a>\r\n\r\n            <div class=\"tippy-content-holder search-wrapper\">\r\n                <a class=\"search-icon search-submit\" href=\"javascript:;\"><i class=\"eva eva-search\"><\/i><\/a>\r\n                <input class=\"search-input\" name=\"q\" type=\"search\" autocomplete=\"off\" size=\"40\" aria-label=\"Buscar\" placeholder=\"B\u00fasqueda de archivos y contenido\" \/>\r\n                <a class=\"search-remove\" href=\"javascript:;\" title=\"Limpiar\"><i class=\"eva eva-close\"><\/i><\/a>\r\n            <\/div>\r\n            \r\n\r\n            <a class=\"nav-sort entry-info-button\" title=\"Opciones de orden\">\r\n                <i class=\"eva eva-options\"><\/i>\r\n            <\/a>\r\n            <div class=\"tippy-content-holder sort-div\">\r\n                <ul class='nav-sorting-list'>\r\n                    <li><a class=\"nav-sorting-field nav-name sort-selected\" data-field=\"name\" title=\"Nombre\">\r\n                            Nombre                        <\/a>\r\n                    <\/li>\r\n                    <li><a class=\"nav-sorting-field nav-size \" data-field=\"size\" title=\"Tama\u00f1o\">\r\n                            Tama\u00f1o                        <\/a>\r\n                    <\/li>\r\n                    <li><a class=\"nav-sorting-field nav-modified \" data-field=\"modified\" title=\"Modificado\">\r\n                            Modificado                        <\/a>\r\n                    <\/li>\r\n                    <li><a class=\"nav-sorting-field nav-datetaken \" data-field=\"datetaken\" title=\"Fecha de creaci\u00f3n\">\r\n                            Fecha de creaci\u00f3n                        <\/a>\r\n                    <\/li>\r\n                    <li class=\"list-separator\">&nbsp;<\/li>\r\n                    <li><a class=\"nav-sorting-order nav-asc \" data-order=\"asc\" title=\"Ascendente\">\r\n                            Ascendente                        <\/a>\r\n                    <\/li>\r\n                    <li><a class=\"nav-sorting-order nav-desc sort-selected\" data-order=\"desc\" title=\"Descendente\">\r\n                            Descendente                        <\/a>\r\n                    <\/li>\r\n                <\/ul>\r\n            <\/div>\r\n\r\n            <a class=\"nav-gear entry-info-button\" title=\"M\u00e1s acciones\">\r\n                <i class=\"eva eva-more-vertical-outline\"><\/i>\r\n            <\/a>\r\n            <div class=\"tippy-content-holder gear-div\" data-token=\"7a34497913cbf9389301fe5171e6253f\">\r\n                <ul data-id=\"7a34497913cbf9389301fe5171e6253f\">\r\n\r\n                                        <li style=\"display: none\"><a class=\"nav-layout nav-layout-grid\" title=\"Ver como rejilla\">\r\n                            <i class=\"eva eva-grid-outline eva-lg\"><\/i>Ver como rejilla                        <\/a>\r\n                    <\/li>\r\n                    <li><a class=\"nav-layout nav-layout-list\" title=\"Ver como lista\">\r\n                            <i class=\"eva eva-list-outline eva-lg\"><\/i>Ver como lista                        <\/a>\r\n                    <\/li>\r\n                                        <li class='gear-menu-no-options' style=\"display: none\"><a><i class='eva eva-info-outline eva-lg'><\/i>No hay opciones...<\/a><\/li>\r\n                <\/ul>\r\n            <\/div>\r\n                        <a class=\"nav-refresh entry-info-button\" title=\"Actualizar\">\r\n                <i class=\"eva eva-sync\"><\/i>\r\n            <\/a>\r\n                    <\/div>        <div class=\"wpcp-container-content\">\r\n            <div class=\"loading initialize\">                <svg class=\"loader-spinner\" viewBox=\"25 25 50 50\">\r\n                    <circle class=\"path\" cx=\"50\" cy=\"50\" r=\"20\" fill=\"none\" stroke-width=\"3\" stroke-miterlimit=\"10\"><\/circle>\r\n                <\/svg>\r\n                            <\/div>\r\n            <div class=\"ajax-filelist\" style=\"\">\r\n                <div class='files'>\r\n                    <div class=\"folders-container\"><div class=\"entry folder skeleton-entry\">\r\n    <div class=\"entry_block\">\r\n                <div class=\"entry-info\">\r\n            <div class=\"entry-info-icon skeleton skeleton-icon\"><\/div>\r\n            <div class=\"entry-info-name\"><span class=\"skeleton skeleton-text\"><\/span><\/div>\r\n                    <\/div>\r\n    <\/div>\r\n<\/div>\r\n<div class=\"entry folder skeleton-entry\">\r\n    <div class=\"entry_block\">\r\n                <div class=\"entry-info\">\r\n            <div class=\"entry-info-icon skeleton skeleton-icon\"><\/div>\r\n            <div class=\"entry-info-name\"><span class=\"skeleton skeleton-text\"><\/span><\/div>\r\n                    <\/div>\r\n    <\/div>\r\n<\/div>\r\n<div class=\"entry folder skeleton-entry\">\r\n    <div class=\"entry_block\">\r\n                <div class=\"entry-info\">\r\n            <div class=\"entry-info-icon skeleton skeleton-icon\"><\/div>\r\n            <div class=\"entry-info-name\"><span class=\"skeleton skeleton-text\"><\/span><\/div>\r\n                    <\/div>\r\n    <\/div>\r\n<\/div>\r\n<\/div>\r\n                    <div class=\"files-container\"><div class=\"entry file skeleton-entry\">\r\n    <div class=\"entry_block\">\r\n         <div class=\"entry_thumbnail skeleton skeleton-img\"><\/div>        <div class=\"entry-info\">\r\n            <div class=\"entry-info-icon skeleton skeleton-icon\"><\/div>\r\n            <div class=\"entry-info-name\"><span class=\"skeleton skeleton-text\"><\/span><\/div>\r\n                        <div class=\"entry-info-modified-date skeleton skeleton-text-small\"><\/div>\r\n            <div class=\"entry-info-size skeleton skeleton-text-small\"><\/div>\r\n                    <\/div>\r\n    <\/div>\r\n<\/div>\r\n<div class=\"entry file skeleton-entry\">\r\n    <div class=\"entry_block\">\r\n         <div class=\"entry_thumbnail skeleton skeleton-img\"><\/div>        <div class=\"entry-info\">\r\n            <div class=\"entry-info-icon skeleton skeleton-icon\"><\/div>\r\n            <div class=\"entry-info-name\"><span class=\"skeleton skeleton-text\"><\/span><\/div>\r\n                        <div class=\"entry-info-modified-date skeleton skeleton-text-small\"><\/div>\r\n            <div class=\"entry-info-size skeleton skeleton-text-small\"><\/div>\r\n                    <\/div>\r\n    <\/div>\r\n<\/div>\r\n<div class=\"entry file skeleton-entry\">\r\n    <div class=\"entry_block\">\r\n         <div class=\"entry_thumbnail skeleton skeleton-img\"><\/div>        <div class=\"entry-info\">\r\n            <div class=\"entry-info-icon skeleton skeleton-icon\"><\/div>\r\n            <div class=\"entry-info-name\"><span class=\"skeleton skeleton-text\"><\/span><\/div>\r\n                        <div class=\"entry-info-modified-date skeleton skeleton-text-small\"><\/div>\r\n            <div class=\"entry-info-size skeleton skeleton-text-small\"><\/div>\r\n                    <\/div>\r\n    <\/div>\r\n<\/div>\r\n<div class=\"entry file skeleton-entry\">\r\n    <div class=\"entry_block\">\r\n         <div class=\"entry_thumbnail skeleton skeleton-img\"><\/div>        <div class=\"entry-info\">\r\n            <div class=\"entry-info-icon skeleton skeleton-icon\"><\/div>\r\n            <div class=\"entry-info-name\"><span class=\"skeleton skeleton-text\"><\/span><\/div>\r\n                        <div class=\"entry-info-modified-date skeleton skeleton-text-small\"><\/div>\r\n            <div class=\"entry-info-size skeleton skeleton-text-small\"><\/div>\r\n                    <\/div>\r\n    <\/div>\r\n<\/div>\r\n<div class=\"entry file skeleton-entry\">\r\n    <div class=\"entry_block\">\r\n         <div class=\"entry_thumbnail skeleton skeleton-img\"><\/div>        <div class=\"entry-info\">\r\n            <div class=\"entry-info-icon skeleton skeleton-icon\"><\/div>\r\n            <div class=\"entry-info-name\"><span class=\"skeleton skeleton-text\"><\/span><\/div>\r\n                        <div class=\"entry-info-modified-date skeleton skeleton-text-small\"><\/div>\r\n            <div class=\"entry-info-size skeleton skeleton-text-small\"><\/div>\r\n                    <\/div>\r\n    <\/div>\r\n<\/div>\r\n<\/div>\r\n                <\/div>\r\n            <\/div>\r\n            <div class=\"scroll-to-top\">\r\n                <button class=\"scroll-to-top-action button button-round-icon secondary button-round-icon-lg button-shadow-3\" type=\"button\" title=\"Ir arriba\" aria-expanded=\"false\"><i class=\"eva eva-arrow-upward-outline eva-2x\"><\/i><\/button>\r\n                            <\/div>\r\n            <div class=\"wpcp-browser-container-info\">\r\n                <div class=\"wpcp-container-overlay\"><\/div>\r\n                <div class=\"wpcp-info-content\">\r\n                    <div class=\"wpcp-info-close entry-info-button\">\r\n                        <i class=\"eva eva-close eva-lg\" aria-hidden=\"true\"><\/i>\r\n                    <\/div>\r\n                    <div class=\"wpcp-info-thumbnail\"><\/div>\r\n                    <div class=\"wpcp-info-list\"><\/div>\r\n                <\/div>\r\n            <\/div>\r\n        <\/div>\r\n    <\/div>\r\n<\/div><\/div><\/div><div class='wpcp-module-script'><script type='text\/javascript'>if (typeof(jQuery) !== 'undefined' && typeof(jQuery.cp) !== 'undefined' && typeof(jQuery.cp.ShareoneDrive) === 'function') { jQuery('#ShareoneDrive-7a34497913cbf9389301fe5171e6253f').ShareoneDrive(ShareoneDrive_vars); };<\/script><\/div><\/div>\t\t<\/div>\n\t\t\t\t<\/div>\n\t\t\t\t<div class=\"elementor-element elementor-element-1c0189b elementor-widget elementor-widget-text-editor\" data-id=\"1c0189b\" data-element_type=\"widget\" data-widget_type=\"text-editor.default\">\n\t\t\t\t<div class=\"elementor-widget-container\">\n\t\t\t\t\t\t\t<div>\n<table id=\"tablepress-10\" class=\"tablepress tablepress-id-10\">\n<thead>\n<tr class=\"row-1\">\n\t<th colspan=\"4\" class=\"column-1\"><strong>OTROS A\u00d1OS<\/th>\n<\/tr>\n<\/thead>\n<tbody class=\"row-striping row-hover\">\n<tr class=\"row-2\">\n\t<td class=\"column-1\"><a href=\"https:\/\/www.superbancos.gob.ec\/estadisticas\/portalestudios\/wp-content\/uploads\/sites\/4\/downloads\/2018\/07\/BOL_FIN_PUB_2016.zip\" >A\u00f1o 2016<\/a><\/td><td class=\"column-2\"><a href=\"https:\/\/www.superbancos.gob.ec\/estadisticas\/portalestudios\/wp-content\/uploads\/sites\/4\/downloads\/2017\/10\/BOL_FIN_PUB_2015.zip\" >A\u00f1o 2015<\/a><\/td><td class=\"column-3\"><a href=\"https:\/\/www.superbancos.gob.ec\/estadisticas\/portalestudios\/wp-content\/uploads\/sites\/4\/downloads\/2017\/10\/BOL_FIN_PUB_2014.zip\" >A\u00f1o 2014<\/a><\/td><td class=\"column-4\"><a href=\"https:\/\/www.superbancos.gob.ec\/estadisticas\/portalestudios\/wp-content\/uploads\/sites\/4\/downloads\/2017\/10\/BOL_FIN_PUB_2013.zip\" >A\u00f1o 2013<\/a><\/td>\n<\/tr>\n<tr class=\"row-3\">\n\t<td class=\"column-1\"><a href=\"https:\/\/www.superbancos.gob.ec\/estadisticas\/portalestudios\/wp-content\/uploads\/sites\/4\/downloads\/2017\/10\/BOL_FIN_PUB_2012.zip\" >A\u00f1o 2012<\/a><\/td><td class=\"column-2\"><a href=\"https:\/\/www.superbancos.gob.ec\/estadisticas\/portalestudios\/wp-content\/uploads\/sites\/4\/downloads\/2017\/10\/BOL_FIN_PUB_2011.zip\" >A\u00f1o 2011<\/a><\/td><td class=\"column-3\"><a href=\"https:\/\/www.superbancos.gob.ec\/estadisticas\/portalestudios\/wp-content\/uploads\/sites\/4\/downloads\/2017\/10\/BOL_FIN_PUB_2010.zip\" >A\u00f1o 2010<\/a><\/td><td class=\"column-4\"><a href=\"https:\/\/www.superbancos.gob.ec\/estadisticas\/portalestudios\/wp-content\/uploads\/sites\/4\/downloads\/2017\/10\/BOL_FIN_PUB_2009.zip\" >A\u00f1o 2009<\/a><\/td>\n<\/tr>\n<tr class=\"row-4\">\n\t<td class=\"column-1\"><a href=\"https:\/\/www.superbancos.gob.ec\/estadisticas\/portalestudios\/wp-content\/uploads\/sites\/4\/downloads\/2017\/10\/BOL_FIN_PUB_2008.zip\" >A\u00f1o 2008<\/a><\/td><td class=\"column-2\"><a href=\"https:\/\/www.superbancos.gob.ec\/estadisticas\/portalestudios\/wp-content\/uploads\/sites\/4\/downloads\/2017\/10\/BOL_FIN_PUB_2007.zip\" >A\u00f1o 2007<\/a><\/td><td class=\"column-3\"><a href=\"https:\/\/www.superbancos.gob.ec\/estadisticas\/portalestudios\/wp-content\/uploads\/sites\/4\/downloads\/2017\/10\/BOL_FIN_PUB_2006.zip\" >A\u00f1o 2006<\/a><\/td><td class=\"column-4\"><a href=\"https:\/\/www.superbancos.gob.ec\/estadisticas\/portalestudios\/wp-content\/uploads\/sites\/4\/downloads\/2017\/10\/BOL_FIN_PUB_2005.zip\" >A\u00f1o 2005<\/a><\/td>\n<\/tr>\n<tr class=\"row-5\">\n\t<td class=\"column-1\"><a href=\"https:\/\/www.superbancos.gob.ec\/estadisticas\/portalestudios\/wp-content\/uploads\/sites\/4\/downloads\/2017\/10\/BOL_FIN_PUB_2004.zip\" >A\u00f1o 2004<\/a><\/td><td class=\"column-2\"><a href=\"https:\/\/www.superbancos.gob.ec\/estadisticas\/portalestudios\/wp-content\/uploads\/sites\/4\/downloads\/2017\/10\/BOL_FIN_PUB_2003.zip\" >A\u00f1o 2003<\/a><\/td><td class=\"column-3\"><a href=\"https:\/\/www.superbancos.gob.ec\/estadisticas\/portalestudios\/wp-content\/uploads\/sites\/4\/downloads\/2017\/10\/BOL_FIN_PUB_2002.zip\" >A\u00f1o 2002<\/a><\/td><td class=\"column-4\"><a href=\"https:\/\/www.superbancos.gob.ec\/estadisticas\/portalestudios\/wp-content\/uploads\/sites\/4\/downloads\/2017\/10\/BOL_FIN_PUB_2001.zip\" >A\u00f1o 2001<\/a><\/td>\n<\/tr>\n<tr class=\"row-6\">\n\t<td class=\"column-1\"><a href=\"https:\/\/www.superbancos.gob.ec\/estadisticas\/portalestudios\/wp-content\/uploads\/sites\/4\/downloads\/2017\/10\/BOL_FIN_PUB_2000.zip\" >A\u00f1o 2000<\/a><\/td><td class=\"column-2\"><\/td><td class=\"column-3\"><\/td><td class=\"column-4\"><\/td>\n<\/tr>\n<\/tbody>\n<\/table>\n<!-- #tablepress-10 from cache --><\/div>\t\t\t\t\t\t<\/div>\n\t\t\t\t<\/div>\n\t\t\t\t\t<\/div>\n\t\t<\/div>\n\t\t\t\t\t<\/div>\n\t\t<\/section>\n\t\t\t\t<section data-particle_enable=\"false\" data-particle-mobile-disabled=\"false\" class=\"elementor-section elementor-top-section elementor-element elementor-element-448376b elementor-section-boxed elementor-section-height-default elementor-section-height-default\" data-id=\"448376b\" data-element_type=\"section\" id=\"BCE\">\n\t\t\t\t\t\t<div class=\"elementor-container elementor-column-gap-default\">\n\t\t\t\t\t<div class=\"elementor-column elementor-col-100 elementor-top-column elementor-element elementor-element-2c96043\" data-id=\"2c96043\" data-element_type=\"column\">\n\t\t\t<div class=\"elementor-widget-wrap elementor-element-populated\">\n\t\t\t\t\t\t<div class=\"elementor-element elementor-element-859d62c elementor-widget elementor-widget-elementskit-tablepress\" data-id=\"859d62c\" data-element_type=\"widget\" data-widget_type=\"elementskit-tablepress.default\">\n\t\t\t\t<div class=\"elementor-widget-container\">\n\t\t\t<div class=\"elemenetskit-tablepress ekit-wid-con\" id=\"ekit_tablepress_859d62c\">\n<table id=\"tablepress-40\" class=\"tablepress tablepress-id-40 tbody-has-connected-cells\">\n<thead>\n<tr class=\"row-1\">\n\t<th colspan=\"5\" class=\"column-1\"><strong>ENTIDADES ANTES CONTROLADAS<\/th>\n<\/tr>\n<\/thead>\n<tbody class=\"row-striping row-hover\">\n<tr class=\"row-2\">\n\t<td colspan=\"5\" class=\"column-1\"><strong>BALANCE BANCO CENTRAL DEL ECUADOR<\/td>\n<\/tr>\n<tr class=\"row-3\">\n\t<td class=\"column-1\"><a href=\"https:\/\/www.superbancos.gob.ec\/estadisticas\/portalestudios\/wp-content\/uploads\/sites\/4\/downloads\/2021\/07\/BAL-BCE-JUN-2021.zip\">Balance Total <\/a> <\/td><td colspan=\"4\" class=\"column-2\">Septiembre 2016 a JUNIO 2021<\/td>\n<\/tr>\n<tr class=\"row-4\">\n\t<td class=\"column-1\"><\/td><td class=\"column-2\"><\/td><td class=\"column-3\"><\/td><td class=\"column-4\"><\/td><td class=\"column-5\"><\/td>\n<\/tr>\n<tr class=\"row-5\">\n\t<td class=\"column-1\"><a href=\"https:\/\/www.superbancos.gob.ec\/estadisticas\/portalestudios\/wp-content\/uploads\/sites\/4\/downloads\/2018\/02\/BAL_BCE_AGO_2016.zip\">Balance Series<\/a><\/td><td colspan=\"4\" class=\"column-2\">A\u00f1o 2009 a Agosto 2016<\/td>\n<\/tr>\n<tr class=\"row-6\">\n\t<td class=\"column-1\"><strong>OTROS A\u00d1OS<\/td><td class=\"column-2\"><\/td><td class=\"column-3\"><\/td><td class=\"column-4\"><\/td><td class=\"column-5\"><\/td>\n<\/tr>\n<tr class=\"row-7\">\n\t<td class=\"column-1\"><a href=\"https:\/\/www.superbancos.gob.ec\/estadisticas\/portalestudios\/wp-content\/uploads\/sites\/4\/downloads\/2018\/02\/BAL_BCE_ANO_2008.zip\">A\u00f1o 2008<\/a><\/td><td class=\"column-2\"><a href=\"https:\/\/www.superbancos.gob.ec\/estadisticas\/portalestudios\/wp-content\/uploads\/sites\/4\/downloads\/2018\/02\/BAL_BCE_ANO_2007.zip\">A\u00f1o 2007<\/a><\/td><td class=\"column-3\"><a href=\"https:\/\/www.superbancos.gob.ec\/estadisticas\/portalestudios\/wp-content\/uploads\/sites\/4\/downloads\/2018\/02\/BAL_BCE_ANO_2006.zip\">A\u00f1o 2006<\/a><\/td><td class=\"column-4\"><a href=\"https:\/\/www.superbancos.gob.ec\/estadisticas\/portalestudios\/wp-content\/uploads\/sites\/4\/downloads\/2018\/02\/BAL_BCE_ANO_2005.zip\">A\u00f1o 2005<\/a><\/td><td class=\"column-5\"><a href=\"https:\/\/www.superbancos.gob.ec\/estadisticas\/portalestudios\/wp-content\/uploads\/sites\/4\/downloads\/2018\/02\/BAL_BCE_ANO_2004.zip\">A\u00f1o 2004<\/a><\/td>\n<\/tr>\n<tr class=\"row-8\">\n\t<td class=\"column-1\"><a href=\"https:\/\/www.superbancos.gob.ec\/estadisticas\/portalestudios\/wp-content\/uploads\/sites\/4\/downloads\/2018\/02\/BAL_BCE_ANO_2003.zip\">A\u00f1o 2003<\/a><\/td><td class=\"column-2\"><a href=\"https:\/\/www.superbancos.gob.ec\/estadisticas\/portalestudios\/wp-content\/uploads\/sites\/4\/downloads\/2018\/02\/BAL_BCE_JUL-DIC_2002.zip\">A\u00f1o 2002<\/a><\/td><td class=\"column-3\"><\/td><td class=\"column-4\"><\/td><td class=\"column-5\"><\/td>\n<\/tr>\n<\/tbody>\n<\/table>\n<!-- #tablepress-40 from cache --><\/div>\t\t<\/div>\n\t\t\t\t<\/div>\n\t\t\t\t\t<\/div>\n\t\t<\/div>\n\t\t\t\t\t<\/div>\n\t\t<\/section>\n\t\t\t\t<section data-particle_enable=\"false\" data-particle-mobile-disabled=\"false\" class=\"elementor-section elementor-top-section elementor-element elementor-element-219caa0 elementor-section-boxed elementor-section-height-default elementor-section-height-default\" data-id=\"219caa0\" data-element_type=\"section\">\n\t\t\t\t\t\t<div class=\"elementor-container elementor-column-gap-default\">\n\t\t\t\t\t<div class=\"elementor-column elementor-col-100 elementor-top-column elementor-element elementor-element-f18cb52\" data-id=\"f18cb52\" data-element_type=\"column\">\n\t\t\t<div class=\"elementor-widget-wrap elementor-element-populated\">\n\t\t\t\t\t\t<div class=\"elementor-element elementor-element-63f8837 elementor-widget-divider--view-line elementor-widget elementor-widget-divider\" data-id=\"63f8837\" data-element_type=\"widget\" data-widget_type=\"divider.default\">\n\t\t\t\t<div class=\"elementor-widget-container\">\n\t\t\t\t\t<div class=\"elementor-divider\">\n\t\t\t<span class=\"elementor-divider-separator\">\n\t\t\t\t\t\t<\/span>\n\t\t<\/div>\n\t\t\t\t<\/div>\n\t\t\t\t<\/div>\n\t\t\t\t\t<\/div>\n\t\t<\/div>\n\t\t\t\t\t<\/div>\n\t\t<\/section>\n\t\t\t\t<section data-particle_enable=\"false\" data-particle-mobile-disabled=\"false\" class=\"elementor-section elementor-top-section elementor-element elementor-element-d487fd6 elementor-section-boxed elementor-section-height-default elementor-section-height-default\" data-id=\"d487fd6\" data-element_type=\"section\">\n\t\t\t\t\t\t<div class=\"elementor-container elementor-column-gap-default\">\n\t\t\t\t\t<div class=\"elementor-column elementor-col-100 elementor-top-column elementor-element elementor-element-88e2528\" data-id=\"88e2528\" data-element_type=\"column\">\n\t\t\t<div class=\"elementor-widget-wrap elementor-element-populated\">\n\t\t\t\t\t\t<div class=\"elementor-element elementor-element-cc49442 elementor-widget elementor-widget-global elementor-global-8545 elementor-widget-elementskit-tablepress\" data-id=\"cc49442\" data-element_type=\"widget\" data-widget_type=\"elementskit-tablepress.default\">\n\t\t\t\t<div class=\"elementor-widget-container\">\n\t\t\t<div class=\"elemenetskit-tablepress ekit-wid-con\" id=\"ekit_tablepress_cc49442\">\n<table id=\"tablepress-1\" class=\"tablepress tablepress-id-1\">\n<tbody class=\"row-striping row-hover\">\n<tr class=\"row-1\">\n\t<td class=\"column-1\"><a href=\"https:\/\/www.superbancos.gob.ec\/estadisticas\/portalestudios\/download\/8692\/\">Notas T\u00e9cnicas 8<\/a><p>Corresponde a la informaci\u00f3n a partir del 31 de mayo 2021<\/td><td class=\"column-2\"><\/td>\n<\/tr>\n<\/tbody>\n<\/table>\n<!-- #tablepress-1 from cache --><\/div>\t\t<\/div>\n\t\t\t\t<\/div>\n\t\t\t\t\t<\/div>\n\t\t<\/div>\n\t\t\t\t\t<\/div>\n\t\t<\/section>\n\t\t\t\t<\/div>\n\t\t","protected":false},"excerpt":{"rendered":"<p>En esta secci\u00f3n se publica, con frecuencia mensual, informaci\u00f3n de las instituciones financieras p\u00fablicas que se encuentran operativas y bajo el control de la Superintendencia de Bancos. Los boletines financieros mensuales est\u00e1n homologados conforme a la normativa vigente desde el 1 de mayo de 2021, lo que garantiza que la informaci\u00f3n financiera sea comparable a [&hellip;]<\/p>\n","protected":false},"author":12,"featured_media":0,"parent":0,"menu_order":0,"comment_status":"closed","ping_status":"closed","template":"","meta":{"footnotes":""},"class_list":["post-520","page","type-page","status-publish","hentry"],"_links":{"self":[{"href":"https:\/\/www.superbancos.gob.ec\/estadisticas\/portalestudios\/wp-json\/wp\/v2\/pages\/520"}],"collection":[{"href":"https:\/\/www.superbancos.gob.ec\/estadisticas\/portalestudios\/wp-json\/wp\/v2\/pages"}],"about":[{"href":"https:\/\/www.superbancos.gob.ec\/estadisticas\/portalestudios\/wp-json\/wp\/v2\/types\/page"}],"author":[{"embeddable":true,"href":"https:\/\/www.superbancos.gob.ec\/estadisticas\/portalestudios\/wp-json\/wp\/v2\/users\/12"}],"replies":[{"embeddable":true,"href":"https:\/\/www.superbancos.gob.ec\/estadisticas\/portalestudios\/wp-json\/wp\/v2\/comments?post=520"}],"version-history":[{"count":71,"href":"https:\/\/www.superbancos.gob.ec\/estadisticas\/portalestudios\/wp-json\/wp\/v2\/pages\/520\/revisions"}],"predecessor-version":[{"id":9530,"href":"https:\/\/www.superbancos.gob.ec\/estadisticas\/portalestudios\/wp-json\/wp\/v2\/pages\/520\/revisions\/9530"}],"wp:attachment":[{"href":"https:\/\/www.superbancos.gob.ec\/estadisticas\/portalestudios\/wp-json\/wp\/v2\/media?parent=520"}],"curies":[{"name":"wp","href":"https:\/\/api.w.org\/{rel}","templated":true}]}}