{"id":648,"date":"2017-10-03T16:35:29","date_gmt":"2017-10-03T16:35:29","guid":{"rendered":"https:\/\/w-group.tech\/sb\/portalestudios\/?page_id=648"},"modified":"2025-02-19T16:13:07","modified_gmt":"2025-02-19T21:13:07","slug":"casas-de-cambio","status":"publish","type":"page","link":"https:\/\/www.superbancos.gob.ec\/estadisticas\/portalestudios\/boletines-financieros-mensuales\/casas-de-cambio\/","title":{"rendered":"Casas de Cambio"},"content":{"rendered":"\t\t<div data-elementor-type=\"wp-page\" data-elementor-id=\"648\" class=\"elementor elementor-648\">\n\t\t\t\t\t\t<section data-particle_enable=\"false\" data-particle-mobile-disabled=\"false\" class=\"elementor-section elementor-top-section elementor-element elementor-element-774b783e elementor-section-boxed elementor-section-height-default elementor-section-height-default\" data-id=\"774b783e\" data-element_type=\"section\">\n\t\t\t\t\t\t<div class=\"elementor-container elementor-column-gap-default\">\n\t\t\t\t\t<div class=\"elementor-column elementor-col-100 elementor-top-column elementor-element elementor-element-15be90f3\" data-id=\"15be90f3\" data-element_type=\"column\">\n\t\t\t<div class=\"elementor-widget-wrap elementor-element-populated\">\n\t\t\t\t\t\t<div class=\"elementor-element elementor-element-498c1a8f elementor-widget elementor-widget-text-editor\" data-id=\"498c1a8f\" data-element_type=\"widget\" data-widget_type=\"text-editor.default\">\n\t\t\t\t<div class=\"elementor-widget-container\">\n\t\t\t\t\t\t\t<p>Los Boletines Financieros son elaborados por la Subdirecci\u00f3n de Estad\u00edsticas y Estudios, sobre la base de la informaci\u00f3n remitida por las instituciones financieras bajo su responsabilidad.\u00a0 Tienen la finalidad de proporcionar a los usuarios una visi\u00f3n de la situaci\u00f3n financiera: de una entidad; de un grupo de entidades; o, del total de un subsistema. Se los procesa, exclusivamente, para las instituciones financieras operativas, tienen el car\u00e1cter de mensual, y son publicados, en promedio, hasta quince d\u00edas despu\u00e9s de la fecha de cierre de los estados financieros.<\/p>\t\t\t\t\t\t<\/div>\n\t\t\t\t<\/div>\n\t\t\t\t<div class=\"elementor-element elementor-element-8cf69ff elementor-widget elementor-widget-heading\" data-id=\"8cf69ff\" data-element_type=\"widget\" data-widget_type=\"heading.default\">\n\t\t\t\t<div class=\"elementor-widget-container\">\n\t\t\t<h2 class=\"elementor-heading-title elementor-size-default\">Bolet\u00edn Financiero Mensual<\/h2>\t\t<\/div>\n\t\t\t\t<\/div>\n\t\t\t\t<div class=\"elementor-element elementor-element-f915c21 elementor-widget elementor-widget-wpcp-shareonedrive\" data-id=\"f915c21\" data-element_type=\"widget\" data-widget_type=\"wpcp-shareonedrive.default\">\n\t\t\t\t<div class=\"elementor-widget-container\">\n\t\t\t<div id='wpcp-bda48196b48c76e9f18f04d27a96be70' class='wpcp-container'><div id='ShareoneDrive' class=' files  wpcp-has-scroll-to-top' data-module-id='wpcp-bda48196b48c76e9f18f04d27a96be70' style='display:none'><noscript><div class='ShareoneDrive-nojsmessage'>Para ver este contenido, necesita tener activado JavaScript en su navegador.<br\/><a href='http:\/\/www.enable-javascript.com\/' target='_blank'>Para hacerlo, siga las siguientes instrucciones<\/a>.<\/div><\/noscript><div class='wpcp-module ShareoneDrive files jsdisabled wpcp-thumb-view'  id='ShareoneDrive-bda48196b48c76e9f18f04d27a96be70' data-token='bda48196b48c76e9f18f04d27a96be70' data-account-id='341c37a6-daa9-4b83-adad-506b00ccb984' data-drive-id='b!Iz-mji9B1EqK1eiAuGWU7x82x3m7uftFja_xK_rSLWY6gLR41EOqTYg222Ho8lwD' data-id='' data-org-id='' data-path='bnVsbA==' data-org-path='bnVsbA==' data-source='059e3dbe855495989604f65791f13224' data-sort='name:desc' data-list='files' data-query='' data-lightboxnav='1' data-lightboxthumbs='1' data-layout='grid' data-action='0'  ><div class=\"wpcp-browser-container wpcp-browser-tree--init wpcp-no-tree wpcp-browser--init\" style=\"width:100%;max-width:100%;\">\r\n    <div class=\"wpcp-browser-container-tree\" data-show-tree='0'>\r\n        <div class=\"wpcp-container-overlay\"><\/div>\r\n        <div class=\"nav-header\">\r\n            <a class=\"nav-tree-toggle entry-info-button\" tabindex=\"0\" title=\"Mostrar \u00e1rbol de carpetas\">\r\n                <i class=\"eva eva-arrowhead-left-outline\"><\/i>\r\n            <\/a>\r\n        <\/div>\r\n        <div class=\"wpcp-browser-tree\"><\/div>\r\n    <\/div>\r\n    <div class=\"wpcp-browser-container-content\">\r\n                <div class=\"nav-header nav-header-has-breadcrumb\">            <a class=\"nav-tree-toggle entry-info-button\" tabindex=\"0\" title=\"Mostrar \u00e1rbol de carpetas\">\r\n                <i class=\"eva eva-arrowhead-left-outline\"><\/i>\r\n            <\/a>\r\n            <a class=\"nav-home entry-info-button\" title=\"Vuelva a la carpeta de inicio\" tabindex=\"0\">\r\n                <i class=\"eva eva-home-outline\"><\/i>\r\n            <\/a>\r\n            <div class=\"nav-title\">Cargando...<\/div>\r\n                        <a class=\"nav-search entry-info-button\" tabindex=\"0\">\r\n                <i class=\"eva eva-search\"><\/i>\r\n            <\/a>\r\n\r\n            <div class=\"tippy-content-holder search-wrapper\">\r\n                <a class=\"search-icon search-submit\" href=\"javascript:;\"><i class=\"eva eva-search\"><\/i><\/a>\r\n                <input class=\"search-input\" name=\"q\" type=\"search\" autocomplete=\"off\" size=\"40\" aria-label=\"Buscar\" placeholder=\"B\u00fasqueda de archivos y contenido\" \/>\r\n                <a class=\"search-remove\" href=\"javascript:;\" title=\"Limpiar\"><i class=\"eva eva-close\"><\/i><\/a>\r\n            <\/div>\r\n            \r\n\r\n            <a class=\"nav-sort entry-info-button\" title=\"Opciones de orden\">\r\n                <i class=\"eva eva-options\"><\/i>\r\n            <\/a>\r\n            <div class=\"tippy-content-holder sort-div\">\r\n                <ul class='nav-sorting-list'>\r\n                    <li><a class=\"nav-sorting-field nav-name sort-selected\" data-field=\"name\" title=\"Nombre\">\r\n                            Nombre                        <\/a>\r\n                    <\/li>\r\n                    <li><a class=\"nav-sorting-field nav-size \" data-field=\"size\" title=\"Tama\u00f1o\">\r\n                            Tama\u00f1o                        <\/a>\r\n                    <\/li>\r\n                    <li><a class=\"nav-sorting-field nav-modified \" data-field=\"modified\" title=\"Modificado\">\r\n                            Modificado                        <\/a>\r\n                    <\/li>\r\n                    <li><a class=\"nav-sorting-field nav-datetaken \" data-field=\"datetaken\" title=\"Fecha de creaci\u00f3n\">\r\n                            Fecha de creaci\u00f3n                        <\/a>\r\n                    <\/li>\r\n                    <li class=\"list-separator\">&nbsp;<\/li>\r\n                    <li><a class=\"nav-sorting-order nav-asc \" data-order=\"asc\" title=\"Ascendente\">\r\n                            Ascendente                        <\/a>\r\n                    <\/li>\r\n                    <li><a class=\"nav-sorting-order nav-desc sort-selected\" data-order=\"desc\" title=\"Descendente\">\r\n                            Descendente                        <\/a>\r\n                    <\/li>\r\n                <\/ul>\r\n            <\/div>\r\n\r\n            <a class=\"nav-gear entry-info-button\" title=\"M\u00e1s acciones\">\r\n                <i class=\"eva eva-more-vertical-outline\"><\/i>\r\n            <\/a>\r\n            <div class=\"tippy-content-holder gear-div\" data-token=\"bda48196b48c76e9f18f04d27a96be70\">\r\n                <ul data-id=\"bda48196b48c76e9f18f04d27a96be70\">\r\n\r\n                                        <li style=\"display: none\"><a class=\"nav-layout nav-layout-grid\" title=\"Ver como rejilla\">\r\n                            <i class=\"eva eva-grid-outline eva-lg\"><\/i>Ver como rejilla                        <\/a>\r\n                    <\/li>\r\n                    <li><a class=\"nav-layout nav-layout-list\" title=\"Ver como lista\">\r\n                            <i class=\"eva eva-list-outline eva-lg\"><\/i>Ver como lista                        <\/a>\r\n                    <\/li>\r\n                                        <li class='gear-menu-no-options' style=\"display: none\"><a><i class='eva eva-info-outline eva-lg'><\/i>No hay opciones...<\/a><\/li>\r\n                <\/ul>\r\n            <\/div>\r\n                        <a class=\"nav-refresh entry-info-button\" title=\"Actualizar\">\r\n                <i class=\"eva eva-sync\"><\/i>\r\n            <\/a>\r\n                    <\/div>        <div class=\"wpcp-container-content\">\r\n            <div class=\"loading initialize\">                <svg class=\"loader-spinner\" viewBox=\"25 25 50 50\">\r\n                    <circle class=\"path\" cx=\"50\" cy=\"50\" r=\"20\" fill=\"none\" stroke-width=\"3\" stroke-miterlimit=\"10\"><\/circle>\r\n                <\/svg>\r\n                            <\/div>\r\n            <div class=\"ajax-filelist\" style=\"\">\r\n                <div class='files'>\r\n                    <div class=\"folders-container\"><div class=\"entry folder skeleton-entry\">\r\n    <div class=\"entry_block\">\r\n                <div class=\"entry-info\">\r\n            <div class=\"entry-info-icon skeleton skeleton-icon\"><\/div>\r\n            <div class=\"entry-info-name\"><span class=\"skeleton skeleton-text\"><\/span><\/div>\r\n                    <\/div>\r\n    <\/div>\r\n<\/div>\r\n<div class=\"entry folder skeleton-entry\">\r\n    <div class=\"entry_block\">\r\n                <div class=\"entry-info\">\r\n            <div class=\"entry-info-icon skeleton skeleton-icon\"><\/div>\r\n            <div class=\"entry-info-name\"><span class=\"skeleton skeleton-text\"><\/span><\/div>\r\n                    <\/div>\r\n    <\/div>\r\n<\/div>\r\n<div class=\"entry folder skeleton-entry\">\r\n    <div class=\"entry_block\">\r\n                <div class=\"entry-info\">\r\n            <div class=\"entry-info-icon skeleton skeleton-icon\"><\/div>\r\n            <div class=\"entry-info-name\"><span class=\"skeleton skeleton-text\"><\/span><\/div>\r\n                    <\/div>\r\n    <\/div>\r\n<\/div>\r\n<\/div>\r\n                    <div class=\"files-container\"><div class=\"entry file skeleton-entry\">\r\n    <div class=\"entry_block\">\r\n         <div class=\"entry_thumbnail skeleton skeleton-img\"><\/div>        <div class=\"entry-info\">\r\n            <div class=\"entry-info-icon skeleton skeleton-icon\"><\/div>\r\n            <div class=\"entry-info-name\"><span class=\"skeleton skeleton-text\"><\/span><\/div>\r\n                        <div class=\"entry-info-modified-date skeleton skeleton-text-small\"><\/div>\r\n            <div class=\"entry-info-size skeleton skeleton-text-small\"><\/div>\r\n                    <\/div>\r\n    <\/div>\r\n<\/div>\r\n<div class=\"entry file skeleton-entry\">\r\n    <div class=\"entry_block\">\r\n         <div class=\"entry_thumbnail skeleton skeleton-img\"><\/div>        <div class=\"entry-info\">\r\n            <div class=\"entry-info-icon skeleton skeleton-icon\"><\/div>\r\n            <div class=\"entry-info-name\"><span class=\"skeleton skeleton-text\"><\/span><\/div>\r\n                        <div class=\"entry-info-modified-date skeleton skeleton-text-small\"><\/div>\r\n            <div class=\"entry-info-size skeleton skeleton-text-small\"><\/div>\r\n                    <\/div>\r\n    <\/div>\r\n<\/div>\r\n<div class=\"entry file skeleton-entry\">\r\n    <div class=\"entry_block\">\r\n         <div class=\"entry_thumbnail skeleton skeleton-img\"><\/div>        <div class=\"entry-info\">\r\n            <div class=\"entry-info-icon skeleton skeleton-icon\"><\/div>\r\n            <div class=\"entry-info-name\"><span class=\"skeleton skeleton-text\"><\/span><\/div>\r\n                        <div class=\"entry-info-modified-date skeleton skeleton-text-small\"><\/div>\r\n            <div class=\"entry-info-size skeleton skeleton-text-small\"><\/div>\r\n                    <\/div>\r\n    <\/div>\r\n<\/div>\r\n<div class=\"entry file skeleton-entry\">\r\n    <div class=\"entry_block\">\r\n         <div class=\"entry_thumbnail skeleton skeleton-img\"><\/div>        <div class=\"entry-info\">\r\n            <div class=\"entry-info-icon skeleton skeleton-icon\"><\/div>\r\n            <div class=\"entry-info-name\"><span class=\"skeleton skeleton-text\"><\/span><\/div>\r\n                        <div class=\"entry-info-modified-date skeleton skeleton-text-small\"><\/div>\r\n            <div class=\"entry-info-size skeleton skeleton-text-small\"><\/div>\r\n                    <\/div>\r\n    <\/div>\r\n<\/div>\r\n<div class=\"entry file skeleton-entry\">\r\n    <div class=\"entry_block\">\r\n         <div class=\"entry_thumbnail skeleton skeleton-img\"><\/div>        <div class=\"entry-info\">\r\n            <div class=\"entry-info-icon skeleton skeleton-icon\"><\/div>\r\n            <div class=\"entry-info-name\"><span class=\"skeleton skeleton-text\"><\/span><\/div>\r\n                        <div class=\"entry-info-modified-date skeleton skeleton-text-small\"><\/div>\r\n            <div class=\"entry-info-size skeleton skeleton-text-small\"><\/div>\r\n                    <\/div>\r\n    <\/div>\r\n<\/div>\r\n<\/div>\r\n                <\/div>\r\n            <\/div>\r\n            <div class=\"scroll-to-top\">\r\n                <button class=\"scroll-to-top-action button button-round-icon secondary button-round-icon-lg button-shadow-3\" type=\"button\" title=\"Ir arriba\" aria-expanded=\"false\"><i class=\"eva eva-arrow-upward-outline eva-2x\"><\/i><\/button>\r\n                            <\/div>\r\n            <div class=\"wpcp-browser-container-info\">\r\n                <div class=\"wpcp-container-overlay\"><\/div>\r\n                <div class=\"wpcp-info-content\">\r\n                    <div class=\"wpcp-info-close entry-info-button\">\r\n                        <i class=\"eva eva-close eva-lg\" aria-hidden=\"true\"><\/i>\r\n                    <\/div>\r\n                    <div class=\"wpcp-info-thumbnail\"><\/div>\r\n                    <div class=\"wpcp-info-list\"><\/div>\r\n                <\/div>\r\n            <\/div>\r\n        <\/div>\r\n    <\/div>\r\n<\/div><\/div><\/div><div class='wpcp-module-script'><script type='text\/javascript'>if (typeof(jQuery) !== 'undefined' && typeof(jQuery.cp) !== 'undefined' && typeof(jQuery.cp.ShareoneDrive) === 'function') { jQuery('#ShareoneDrive-bda48196b48c76e9f18f04d27a96be70').ShareoneDrive(ShareoneDrive_vars); };<\/script><\/div><\/div>\t\t<\/div>\n\t\t\t\t<\/div>\n\t\t\t\t<div class=\"elementor-element elementor-element-4147fec elementor-widget elementor-widget-text-editor\" data-id=\"4147fec\" data-element_type=\"widget\" data-widget_type=\"text-editor.default\">\n\t\t\t\t<div class=\"elementor-widget-container\">\n\t\t\t\t\t\t\t\n<table id=\"tablepress-14\" class=\"tablepress tablepress-id-14\">\n<thead>\n<tr class=\"row-1\">\n\t<th colspan=\"4\" class=\"column-1\">OTROS A\u00d1OS<\/th>\n<\/tr>\n<\/thead>\n<tbody class=\"row-striping row-hover\">\n<tr class=\"row-2\">\n\t<td class=\"column-1\"><a href=\"https:\/\/www.superbancos.gob.ec\/estadisticas\/portalestudios\/wp-content\/uploads\/sites\/4\/downloads\/2019\/03\/Casas_Cambio_2016.zip\">A\u00f1o 2016<\/a><\/td><td class=\"column-2\"><a href=\"https:\/\/www.superbancos.gob.ec\/estadisticas\/portalestudios\/wp-content\/uploads\/sites\/4\/downloads\/2019\/03\/Casas_Cambio_2015.zip\">A\u00f1o 2015<\/a><\/td><td class=\"column-3\"><a href=\"https:\/\/www.superbancos.gob.ec\/estadisticas\/portalestudios\/wp-content\/uploads\/sites\/4\/downloads\/2019\/03\/Casas_Cambio_2014.zip\">A\u00f1o 2014<\/a><\/td><td class=\"column-4\"><a href=\"https:\/\/www.superbancos.gob.ec\/estadisticas\/portalestudios\/wp-content\/uploads\/sites\/4\/downloads\/2019\/03\/Casas_Cambio_2013.zip\">A\u00f1o 2013<\/a><\/td>\n<\/tr>\n<tr class=\"row-3\">\n\t<td class=\"column-1\"><a href=\"https:\/\/www.superbancos.gob.ec\/estadisticas\/portalestudios\/wp-content\/uploads\/sites\/4\/downloads\/2019\/03\/Casas_Cambio_2012.zip\">A\u00f1o 2012<\/a><\/td><td class=\"column-2\"><a href=\"https:\/\/www.superbancos.gob.ec\/estadisticas\/portalestudios\/wp-content\/uploads\/sites\/4\/downloads\/2019\/03\/Casas_Cambio_2011.zip\">A\u00f1o 2011<\/a><\/td><td class=\"column-3\"><a href=\"https:\/\/www.superbancos.gob.ec\/estadisticas\/portalestudios\/wp-content\/uploads\/sites\/4\/downloads\/2019\/03\/Casas_Cambio_2010.zip\">A\u00f1o 2010<\/a><\/td><td class=\"column-4\"><a href=\"https:\/\/www.superbancos.gob.ec\/estadisticas\/portalestudios\/wp-content\/uploads\/sites\/4\/downloads\/2019\/03\/Casas_Cambio_2009.zip\">A\u00f1o 2009<\/a><\/td>\n<\/tr>\n<tr class=\"row-4\">\n\t<td class=\"column-1\"><a href=\"https:\/\/www.superbancos.gob.ec\/estadisticas\/portalestudios\/wp-content\/uploads\/sites\/4\/downloads\/2019\/03\/Casas_Cambio_2008.zip\">A\u00f1o 2008<\/a><\/td><td class=\"column-2\"><a href=\"https:\/\/www.superbancos.gob.ec\/estadisticas\/portalestudios\/wp-content\/uploads\/sites\/4\/downloads\/2019\/03\/Casas_Cambio_2007.zip\">A\u00f1o 2007<\/a><\/td><td class=\"column-3\"><a href=\"https:\/\/www.superbancos.gob.ec\/estadisticas\/portalestudios\/wp-content\/uploads\/sites\/4\/downloads\/2019\/03\/Casas_Cambio_2006.zip\">A\u00f1o 2006<\/a><\/td><td class=\"column-4\"><a href=\"https:\/\/www.superbancos.gob.ec\/estadisticas\/portalestudios\/wp-content\/uploads\/sites\/4\/downloads\/2019\/03\/Casas_Cambio_2005.zip\">A\u00f1o 2005<\/a><\/td>\n<\/tr>\n<\/tbody>\n<\/table>\n<!-- #tablepress-14 from cache --><p><strong>NOTA:<\/strong> A partir de dic de 2013 se liquid\u00f3 voluntariamente\u00a0 Argentum, a partir de \u00e9sta fecha entro en funcionamiento la Casa de Cambio Foreing exchange.<\/p><p>\u00a0<\/p>\t\t\t\t\t\t<\/div>\n\t\t\t\t<\/div>\n\t\t\t\t\t<\/div>\n\t\t<\/div>\n\t\t\t\t\t<\/div>\n\t\t<\/section>\n\t\t\t\t<section data-particle_enable=\"false\" data-particle-mobile-disabled=\"false\" class=\"elementor-section elementor-top-section elementor-element elementor-element-bf1b881 elementor-section-boxed elementor-section-height-default elementor-section-height-default\" data-id=\"bf1b881\" data-element_type=\"section\">\n\t\t\t\t\t\t<div class=\"elementor-container elementor-column-gap-default\">\n\t\t\t\t\t<div class=\"elementor-column elementor-col-100 elementor-top-column elementor-element elementor-element-f15d426\" data-id=\"f15d426\" data-element_type=\"column\">\n\t\t\t<div class=\"elementor-widget-wrap elementor-element-populated\">\n\t\t\t\t\t\t<div class=\"elementor-element elementor-element-5627bbe elementor-widget elementor-widget-global elementor-global-8545 elementor-widget-elementskit-tablepress\" data-id=\"5627bbe\" data-element_type=\"widget\" data-widget_type=\"elementskit-tablepress.default\">\n\t\t\t\t<div class=\"elementor-widget-container\">\n\t\t\t<div class=\"elemenetskit-tablepress ekit-wid-con\" id=\"ekit_tablepress_5627bbe\">\n<table id=\"tablepress-1\" class=\"tablepress tablepress-id-1\">\n<tbody class=\"row-striping row-hover\">\n<tr class=\"row-1\">\n\t<td class=\"column-1\"><a href=\"https:\/\/www.superbancos.gob.ec\/estadisticas\/portalestudios\/download\/8692\/\">Notas T\u00e9cnicas 8<\/a><p>Corresponde a la informaci\u00f3n a partir del 31 de mayo 2021<\/td><td class=\"column-2\"><\/td>\n<\/tr>\n<\/tbody>\n<\/table>\n<!-- #tablepress-1 from cache --><\/div>\t\t<\/div>\n\t\t\t\t<\/div>\n\t\t\t\t\t<\/div>\n\t\t<\/div>\n\t\t\t\t\t<\/div>\n\t\t<\/section>\n\t\t\t\t<\/div>\n\t\t","protected":false},"excerpt":{"rendered":"<p>Los Boletines Financieros son elaborados por la Subdirecci\u00f3n de Estad\u00edsticas y Estudios, sobre la base de la informaci\u00f3n remitida por las instituciones financieras bajo su responsabilidad.\u00a0 Tienen la finalidad de proporcionar a los usuarios una visi\u00f3n de la situaci\u00f3n financiera: de una entidad; de un grupo de entidades; o, del total de un subsistema. Se [&hellip;]<\/p>\n","protected":false},"author":12,"featured_media":0,"parent":329,"menu_order":0,"comment_status":"closed","ping_status":"closed","template":"","meta":{"footnotes":""},"class_list":["post-648","page","type-page","status-publish","hentry"],"_links":{"self":[{"href":"https:\/\/www.superbancos.gob.ec\/estadisticas\/portalestudios\/wp-json\/wp\/v2\/pages\/648"}],"collection":[{"href":"https:\/\/www.superbancos.gob.ec\/estadisticas\/portalestudios\/wp-json\/wp\/v2\/pages"}],"about":[{"href":"https:\/\/www.superbancos.gob.ec\/estadisticas\/portalestudios\/wp-json\/wp\/v2\/types\/page"}],"author":[{"embeddable":true,"href":"https:\/\/www.superbancos.gob.ec\/estadisticas\/portalestudios\/wp-json\/wp\/v2\/users\/12"}],"replies":[{"embeddable":true,"href":"https:\/\/www.superbancos.gob.ec\/estadisticas\/portalestudios\/wp-json\/wp\/v2\/comments?post=648"}],"version-history":[{"count":14,"href":"https:\/\/www.superbancos.gob.ec\/estadisticas\/portalestudios\/wp-json\/wp\/v2\/pages\/648\/revisions"}],"predecessor-version":[{"id":9235,"href":"https:\/\/www.superbancos.gob.ec\/estadisticas\/portalestudios\/wp-json\/wp\/v2\/pages\/648\/revisions\/9235"}],"up":[{"embeddable":true,"href":"https:\/\/www.superbancos.gob.ec\/estadisticas\/portalestudios\/wp-json\/wp\/v2\/pages\/329"}],"wp:attachment":[{"href":"https:\/\/www.superbancos.gob.ec\/estadisticas\/portalestudios\/wp-json\/wp\/v2\/media?parent=648"}],"curies":[{"name":"wp","href":"https:\/\/api.w.org\/{rel}","templated":true}]}}