{"id":798,"date":"2017-09-28T17:21:49","date_gmt":"2017-09-28T17:21:49","guid":{"rendered":"https:\/\/w-group.tech\/sb\/portalestudios\/?page_id=798"},"modified":"2024-05-21T09:52:59","modified_gmt":"2024-05-21T14:52:59","slug":"sociedades-financieras-2","status":"publish","type":"page","link":"https:\/\/www.superbancos.gob.ec\/estadisticas\/portalestudios\/sociedades-financieras-2\/","title":{"rendered":"Sociedades Financieras"},"content":{"rendered":"\t\t<div data-elementor-type=\"wp-page\" data-elementor-id=\"798\" class=\"elementor elementor-798\">\n\t\t\t\t\t\t<section data-particle_enable=\"false\" data-particle-mobile-disabled=\"false\" class=\"elementor-section elementor-top-section elementor-element elementor-element-2b5aa7a elementor-section-boxed elementor-section-height-default elementor-section-height-default\" data-id=\"2b5aa7a\" data-element_type=\"section\">\n\t\t\t\t\t\t<div class=\"elementor-container elementor-column-gap-default\">\n\t\t\t\t\t<div class=\"elementor-column elementor-col-100 elementor-top-column elementor-element elementor-element-daa4974\" data-id=\"daa4974\" data-element_type=\"column\">\n\t\t\t<div class=\"elementor-widget-wrap elementor-element-populated\">\n\t\t\t\t\t\t<div class=\"elementor-element elementor-element-1088b6c elementor-widget elementor-widget-text-editor\" data-id=\"1088b6c\" data-element_type=\"widget\" data-widget_type=\"text-editor.default\">\n\t\t\t\t<div class=\"elementor-widget-container\">\n\t\t\t\t\t\t\t<p>Este bolet\u00edn tiene como finalidad proporcionar informaci\u00f3n financiera en series hist\u00f3ricas, desde diciembre de 2002, as\u00ed como algunos indicadores de profundizaci\u00f3n financiera, con la finalidad de que los usuarios tengan una visi\u00f3n general sobre el comportamiento del subsistema. Los principales datos que contiene son: balances generales y estados de p\u00e9rdidas y ganancias con distintos niveles de desagregaci\u00f3n; estados de fuentes y usos; indicadores financieros; estructura de la cartera de cr\u00e9dito por l\u00ednea de negocio (comercial, consumo, vivienda y microcr\u00e9dito); matriz de riesgos (calificaci\u00f3n a \u00faltima fecha frente al total de dep\u00f3sitos a la vista y a plazo); evolutivo de entidades; grupos de cuentas con relaci\u00f3n al PIB; y, n\u00famero de depositantes, entre otros.<\/p>\t\t\t\t\t\t<\/div>\n\t\t\t\t<\/div>\n\t\t\t\t\t<\/div>\n\t\t<\/div>\n\t\t\t\t\t<\/div>\n\t\t<\/section>\n\t\t\t\t<section data-particle_enable=\"false\" data-particle-mobile-disabled=\"false\" class=\"elementor-section elementor-top-section elementor-element elementor-element-4eafc09 elementor-section-boxed elementor-section-height-default elementor-section-height-default\" data-id=\"4eafc09\" data-element_type=\"section\">\n\t\t\t\t\t\t<div class=\"elementor-container elementor-column-gap-default\">\n\t\t\t\t\t<div class=\"elementor-column elementor-col-100 elementor-top-column elementor-element elementor-element-1929e0a\" data-id=\"1929e0a\" data-element_type=\"column\">\n\t\t\t<div class=\"elementor-widget-wrap elementor-element-populated\">\n\t\t\t\t\t\t<div class=\"elementor-element elementor-element-77cf0e5 elementor-widget elementor-widget-heading\" data-id=\"77cf0e5\" data-element_type=\"widget\" data-widget_type=\"heading.default\">\n\t\t\t\t<div class=\"elementor-widget-container\">\n\t\t\t<h2 class=\"elementor-heading-title elementor-size-default\">Boletines de Series<\/h2>\t\t<\/div>\n\t\t\t\t<\/div>\n\t\t\t\t\t<\/div>\n\t\t<\/div>\n\t\t\t\t\t<\/div>\n\t\t<\/section>\n\t\t\t\t<section data-particle_enable=\"false\" data-particle-mobile-disabled=\"false\" class=\"elementor-section elementor-top-section elementor-element elementor-element-49f9bc82 elementor-section-boxed elementor-section-height-default elementor-section-height-default\" data-id=\"49f9bc82\" data-element_type=\"section\">\n\t\t\t\t\t\t<div class=\"elementor-container elementor-column-gap-default\">\n\t\t\t\t\t<div class=\"elementor-column elementor-col-100 elementor-top-column elementor-element elementor-element-5bafe347\" data-id=\"5bafe347\" data-element_type=\"column\">\n\t\t\t<div class=\"elementor-widget-wrap elementor-element-populated\">\n\t\t\t\t\t\t<div class=\"elementor-element elementor-element-528ccd13 elementor-widget elementor-widget-text-editor\" data-id=\"528ccd13\" data-element_type=\"widget\" data-widget_type=\"text-editor.default\">\n\t\t\t\t<div class=\"elementor-widget-container\">\n\t\t\t\t\t\t\t<hr \/>\n<table id=\"tablepress-19\" class=\"tablepress tablepress-id-19 tbody-has-connected-cells\">\n<thead>\n<tr class=\"row-1\">\n\t<th colspan=\"3\" class=\"column-1\">Bolet\u00edn de Series Total Sistema Agosto 2015 a Septiembre 2017<\/th>\n<\/tr>\n<\/thead>\n<tbody class=\"row-striping row-hover\">\n<tr class=\"row-2\">\n\t<td colspan=\"3\" class=\"column-1\"><a href=\"http:\/\/oidprd.sbs.gob.ec\/medios\/PORTALDOCS\/downloads\/estadisticas\/series_balances\/balance_series_sociedades_sept_17.zip\">Total Series Sociedades Financieras<\/a><\/td>\n<\/tr>\n<tr class=\"row-3\">\n\t<td colspan=\"3\" class=\"column-1\"><strong>Boletines de Series por Entidad<\/td>\n<\/tr>\n<tr class=\"row-4\">\n\t<td colspan=\"3\" class=\"column-1\"><a href=\"http:\/\/oidprd.sbs.gob.ec\/medios\/PORTALDOCS\/downloads\/estadisticas\/series_balances\/sociedades\/balance_series_firesa_sept_17.zip\">Series FIRESA (Septiembre 2017)<\/a><\/td>\n<\/tr>\n<tr class=\"row-5\">\n\t<td class=\"column-1\"><a href=\"http:\/\/oidprd.sbs.gob.ec\/medios\/PORTALDOCS\/downloads\/estadisticas\/series_balances\/sociedades\/balance_series_diners_may_17.zip\">Series Diners (Mayo 2017)<\/a><\/td><td class=\"column-2\"><a href=\"http:\/\/oidprd.sbs.gob.ec\/medios\/PORTALDOCS\/downloads\/estadisticas\/series_balances\/sociedades\/balance_series_interamericana_jul_17.zip\">Series Interamericana (Julio 2017)<\/a><\/td><td class=\"column-3\"><a href=\"http:\/\/oidprd.sbs.gob.ec\/medios\/PORTALDOCS\/downloads\/estadisticas\/series_balances\/sociedades\/balance_series_fidasa_ago_17.zip\">Series FIDASA (Agosto 2017)<\/a><\/td>\n<\/tr>\n<tr class=\"row-6\">\n\t<td class=\"column-1\"><a href=\"http:\/\/oidprd.sbs.gob.ec\/medios\/PORTALDOCS\/downloads\/estadisticas\/series_balances\/sociedades\/balance_series_proinco_may_16.zip\">Series Proinco (Mayo 2016)<\/a><\/td><td class=\"column-2\"><a href=\"http:\/\/oidprd.sbs.gob.ec\/medios\/PORTALDOCS\/downloads\/estadisticas\/series_balances\/sociedades\/balance_series_leasingcorp_dic_16.zip\">Series Leasingcorp (Diciembre 2016)<\/a><\/td><td class=\"column-3\"><a href=\"http:\/\/oidprd.sbs.gob.ec\/medios\/PORTALDOCS\/downloads\/estadisticas\/series_balances\/sociedades\/balance_series_global_jul_16.zip\">Series Global (Julio 2016) <\/a><\/td>\n<\/tr>\n<tr class=\"row-7\">\n\t<td class=\"column-1\"><a href=\"http:\/\/oidprd.sbs.gob.ec\/medios\/PORTALDOCS\/downloads\/estadisticas\/series_balances\/sociedades\/balance_series_unifinsa_ago_16.zip\">Series Unifinsa (Agosto 2016)<\/a><\/td><td class=\"column-2\"><a href=\"http:\/\/oidprd.sbs.gob.ec\/medios\/PORTALDOCS\/downloads\/estadisticas\/series_balances\/sociedades\/balance_series_vazcorp_feb_16.zip\">Series Vazcorp (Febrero 2016)<\/a><\/td><td class=\"column-3\"><a href=\"http:\/\/oidprd.sbs.gob.ec\/medios\/PORTALDOCS\/downloads\/estadisticas\/series_balances\/sociedades\/balance_series_visionfound_mar_16.zip\">Series VisionFund (Marzo 2016) <\/a><\/td>\n<\/tr>\n<\/tbody>\n<\/table>\n<!-- #tablepress-19 from cache --><hr \/>\n<table id=\"tablepress-63\" class=\"tablepress tablepress-id-63 tbody-has-connected-cells\">\n<thead>\n<tr class=\"row-1\">\n\t<th colspan=\"3\" class=\"column-1\">Boletines de Series Sociedades Financieras<\/th>\n<\/tr>\n<\/thead>\n<tbody class=\"row-striping row-hover\">\n<tr class=\"row-2\">\n\t<td class=\"column-1\"><a href=\"http:\/\/oidprd.sbs.gob.ec\/medios\/PORTALDOCS\/downloads\/estadisticas\/series_balances\/balance_series_sociedades_jul_15.zip\">Total Series Sociedades Financieras<\/a><\/td><td colspan=\"2\" class=\"column-2\">(Julio 2015)<\/td>\n<\/tr>\n<tr class=\"row-3\">\n\t<td colspan=\"3\" class=\"column-1\"><strong>Boletines de Series por Entidad Julio 2015<\/td>\n<\/tr>\n<tr class=\"row-4\">\n\t<td class=\"column-1\"><a href=\"http:\/\/oidprd.sbs.gob.ec\/medios\/PORTALDOCS\/downloads\/estadisticas\/series_balances\/sociedades\/balance_series_diners_jul_15.zip\">Diners<\/a><\/td><td class=\"column-2\"><a href=\"http:\/\/oidprd.sbs.gob.ec\/medios\/PORTALDOCS\/downloads\/estadisticas\/series_balances\/sociedades\/balance_series_interamericana_jul_15.zip\">Interamericana<\/a><\/td><td class=\"column-3\"><a href=\"http:\/\/oidprd.sbs.gob.ec\/medios\/PORTALDOCS\/downloads\/estadisticas\/series_balances\/sociedades\/balance_series_fidasa_jul_15.zip\">Fidasa<\/a><\/td>\n<\/tr>\n<tr class=\"row-5\">\n\t<td class=\"column-1\"><a href=\"http:\/\/oidprd.sbs.gob.ec\/medios\/PORTALDOCS\/downloads\/estadisticas\/series_balances\/sociedades\/balance_series_leasingcorp_jul_15.zip\">Leasingcorp<\/a><\/td><td class=\"column-2\"><a href=\"http:\/\/oidprd.sbs.gob.ec\/medios\/PORTALDOCS\/downloads\/estadisticas\/series_balances\/sociedades\/balance_series_firesa_jul_15.zip\">Firesa<\/a><\/td><td class=\"column-3\"><a href=\"http:\/\/oidprd.sbs.gob.ec\/medios\/PORTALDOCS\/downloads\/estadisticas\/series_balances\/sociedades\/balance_series_proinco_jul_15.zip\">Proinco<\/a><\/td>\n<\/tr>\n<tr class=\"row-6\">\n\t<td class=\"column-1\"><a href=\"http:\/\/oidprd.sbs.gob.ec\/medios\/PORTALDOCS\/downloads\/estadisticas\/series_balances\/sociedades\/balance_series_global_jul_15.zip\">Global<\/a><\/td><td class=\"column-2\"><a href=\"http:\/\/oidprd.sbs.gob.ec\/medios\/PORTALDOCS\/downloads\/estadisticas\/series_balances\/sociedades\/balance_series_unifinsa_jul_15.zip\">Unifinsa<\/a><\/td><td class=\"column-3\"><a href=\"http:\/\/oidprd.sbs.gob.ec\/medios\/PORTALDOCS\/downloads\/estadisticas\/series_balances\/sociedades\/balance_series_visionfound_jul_15.zip\">VisionFund<\/a><\/td>\n<\/tr>\n<tr class=\"row-7\">\n\t<td class=\"column-1\"><a href=\"http:\/\/oidprd.sbs.gob.ec\/medios\/PORTALDOCS\/downloads\/estadisticas\/series_balances\/sociedades\/balance_series_vazcorp_jul_15.zip\">Vazcorp<\/a><\/td><td class=\"column-2\"><a href=\"http:\/\/oidprd.sbs.gob.ec\/medios\/PORTALDOCS\/downloads\/estadisticas\/series_balances\/balance_series_consulcredito_mar_14.zip\">Consulcredito<\/a> (Marzo 2014)<\/td><td class=\"column-3\"><\/td>\n<\/tr>\n<tr class=\"row-8\">\n\t<td colspan=\"3\" class=\"column-1\"><strong>Nota:<\/strong> Consulcredito en Liquidaci\u00f3n en Abril 2014<\/td>\n<\/tr>\n<\/tbody>\n<\/table>\n<!-- #tablepress-63 from cache -->\t\t\t\t\t\t<\/div>\n\t\t\t\t<\/div>\n\t\t\t\t\t<\/div>\n\t\t<\/div>\n\t\t\t\t\t<\/div>\n\t\t<\/section>\n\t\t\t\t<section data-particle_enable=\"false\" data-particle-mobile-disabled=\"false\" class=\"elementor-section elementor-top-section elementor-element elementor-element-2e0338a elementor-section-boxed elementor-section-height-default elementor-section-height-default\" data-id=\"2e0338a\" data-element_type=\"section\">\n\t\t\t\t\t\t<div class=\"elementor-container elementor-column-gap-default\">\n\t\t\t\t\t<div class=\"elementor-column elementor-col-100 elementor-top-column elementor-element elementor-element-360726a\" data-id=\"360726a\" data-element_type=\"column\">\n\t\t\t<div class=\"elementor-widget-wrap elementor-element-populated\">\n\t\t\t\t\t\t<div class=\"elementor-element elementor-element-d400dd4 elementor-widget elementor-widget-global elementor-global-8545 elementor-widget-elementskit-tablepress\" data-id=\"d400dd4\" data-element_type=\"widget\" data-widget_type=\"elementskit-tablepress.default\">\n\t\t\t\t<div class=\"elementor-widget-container\">\n\t\t\t<div class=\"elemenetskit-tablepress ekit-wid-con\" id=\"ekit_tablepress_d400dd4\">\n<table id=\"tablepress-1\" class=\"tablepress tablepress-id-1\">\n<tbody class=\"row-striping row-hover\">\n<tr class=\"row-1\">\n\t<td class=\"column-1\"><a href=\"https:\/\/www.superbancos.gob.ec\/estadisticas\/portalestudios\/download\/8692\/\">Notas T\u00e9cnicas 8<\/a><p>Corresponde a la informaci\u00f3n a partir del 31 de mayo 2021<\/td><td class=\"column-2\"><\/td>\n<\/tr>\n<\/tbody>\n<\/table>\n<!-- #tablepress-1 from cache --><\/div>\t\t<\/div>\n\t\t\t\t<\/div>\n\t\t\t\t\t<\/div>\n\t\t<\/div>\n\t\t\t\t\t<\/div>\n\t\t<\/section>\n\t\t\t\t<\/div>\n\t\t","protected":false},"excerpt":{"rendered":"<p>Este bolet\u00edn tiene como finalidad proporcionar informaci\u00f3n financiera en series hist\u00f3ricas, desde diciembre de 2002, as\u00ed como algunos indicadores de profundizaci\u00f3n financiera, con la finalidad de que los usuarios tengan una visi\u00f3n general sobre el comportamiento del subsistema. Los principales datos que contiene son: balances generales y estados de p\u00e9rdidas y ganancias con distintos niveles [&hellip;]<\/p>\n","protected":false},"author":12,"featured_media":0,"parent":0,"menu_order":0,"comment_status":"closed","ping_status":"closed","template":"","meta":{"footnotes":""},"class_list":["post-798","page","type-page","status-publish","hentry"],"_links":{"self":[{"href":"https:\/\/www.superbancos.gob.ec\/estadisticas\/portalestudios\/wp-json\/wp\/v2\/pages\/798"}],"collection":[{"href":"https:\/\/www.superbancos.gob.ec\/estadisticas\/portalestudios\/wp-json\/wp\/v2\/pages"}],"about":[{"href":"https:\/\/www.superbancos.gob.ec\/estadisticas\/portalestudios\/wp-json\/wp\/v2\/types\/page"}],"author":[{"embeddable":true,"href":"https:\/\/www.superbancos.gob.ec\/estadisticas\/portalestudios\/wp-json\/wp\/v2\/users\/12"}],"replies":[{"embeddable":true,"href":"https:\/\/www.superbancos.gob.ec\/estadisticas\/portalestudios\/wp-json\/wp\/v2\/comments?post=798"}],"version-history":[{"count":14,"href":"https:\/\/www.superbancos.gob.ec\/estadisticas\/portalestudios\/wp-json\/wp\/v2\/pages\/798\/revisions"}],"predecessor-version":[{"id":8553,"href":"https:\/\/www.superbancos.gob.ec\/estadisticas\/portalestudios\/wp-json\/wp\/v2\/pages\/798\/revisions\/8553"}],"wp:attachment":[{"href":"https:\/\/www.superbancos.gob.ec\/estadisticas\/portalestudios\/wp-json\/wp\/v2\/media?parent=798"}],"curies":[{"name":"wp","href":"https:\/\/api.w.org\/{rel}","templated":true}]}}