{"id":806,"date":"2017-09-28T19:51:38","date_gmt":"2017-09-28T19:51:38","guid":{"rendered":"https:\/\/w-group.tech\/sb\/portalestudios\/?page_id=806"},"modified":"2025-02-19T16:28:41","modified_gmt":"2025-02-19T21:28:41","slug":"instituciones-publicas-2","status":"publish","type":"page","link":"https:\/\/www.superbancos.gob.ec\/estadisticas\/portalestudios\/instituciones-publicas-2\/","title":{"rendered":"Instituciones P\u00fablicas"},"content":{"rendered":"\t\t<div data-elementor-type=\"wp-page\" data-elementor-id=\"806\" class=\"elementor elementor-806\">\n\t\t\t\t\t\t<section data-particle_enable=\"false\" data-particle-mobile-disabled=\"false\" class=\"elementor-section elementor-top-section elementor-element elementor-element-6882c5cc elementor-section-boxed elementor-section-height-default elementor-section-height-default\" data-id=\"6882c5cc\" data-element_type=\"section\">\n\t\t\t\t\t\t<div class=\"elementor-container elementor-column-gap-default\">\n\t\t\t\t\t<div class=\"elementor-column elementor-col-100 elementor-top-column elementor-element elementor-element-bcbb98b\" data-id=\"bcbb98b\" data-element_type=\"column\">\n\t\t\t<div class=\"elementor-widget-wrap elementor-element-populated\">\n\t\t\t\t\t\t<div class=\"elementor-element elementor-element-5882ca3b elementor-widget elementor-widget-text-editor\" data-id=\"5882ca3b\" data-element_type=\"widget\" data-widget_type=\"text-editor.default\">\n\t\t\t\t<div class=\"elementor-widget-container\">\n\t\t\t\t\t\t\t<div><p>Proporciona informaci\u00f3n financiera en series hist\u00f3ricas del agregado de la banca p\u00fablica, (Banco Nacional de Fomento. Banco Ecuatoriano de la Vivienda, Banco del Estado y Corporaci\u00f3n Financiera Nacional), desde diciembre de 2002.<\/p><p>Esta informaci\u00f3n es de gran utilidad al mostrar series de estados financieros: Estados de Situaci\u00f3n y Resultados\u00a0 (con distintos niveles de desagregaci\u00f3n); estados de fuentes y usos; indicadores financieros; estructura de la cartera de cr\u00e9dito por l\u00edneas de negocio y plazo; evolutivo de entidades; n\u00famero de depositantes, entre otros y algunas relaciones de profundizaci\u00f3n financiera.<\/p><p>Adicionalmente se han incorporado los boletines financieros en series desde diciembre de 2002, de las siguientes entidades p\u00fablicas, Banco Nacional de Fomento. Banco Ecuatoriano de la Vivienda, Banco del Estado y Corporaci\u00f3n Financiera Nacional y IECE.<\/p><\/div>\t\t\t\t\t\t<\/div>\n\t\t\t\t<\/div>\n\t\t\t\t<div class=\"elementor-element elementor-element-8bad580 elementor-widget elementor-widget-heading\" data-id=\"8bad580\" data-element_type=\"widget\" data-widget_type=\"heading.default\">\n\t\t\t\t<div class=\"elementor-widget-container\">\n\t\t\t<h2 class=\"elementor-heading-title elementor-size-default\">Boletines de Series \u200b<\/h2>\t\t<\/div>\n\t\t\t\t<\/div>\n\t\t\t\t<div class=\"elementor-element elementor-element-8e6dd12 elementor-widget elementor-widget-wpcp-shareonedrive\" data-id=\"8e6dd12\" data-element_type=\"widget\" data-widget_type=\"wpcp-shareonedrive.default\">\n\t\t\t\t<div class=\"elementor-widget-container\">\n\t\t\t<div id='wpcp-0428e3716089706c3c17eaac90c22bde' class='wpcp-container'><div id='ShareoneDrive' class=' files  wpcp-has-scroll-to-top' data-module-id='wpcp-0428e3716089706c3c17eaac90c22bde' style='display:none'><noscript><div class='ShareoneDrive-nojsmessage'>Para ver este contenido, necesita tener activado JavaScript en su navegador.<br\/><a href='http:\/\/www.enable-javascript.com\/' target='_blank'>Para hacerlo, siga las siguientes instrucciones<\/a>.<\/div><\/noscript><div class='wpcp-module ShareoneDrive files jsdisabled wpcp-thumb-view'  id='ShareoneDrive-0428e3716089706c3c17eaac90c22bde' data-token='0428e3716089706c3c17eaac90c22bde' data-account-id='341c37a6-daa9-4b83-adad-506b00ccb984' data-drive-id='b!Iz-mji9B1EqK1eiAuGWU7x82x3m7uftFja_xK_rSLWY6gLR41EOqTYg222Ho8lwD' data-id='' data-org-id='' data-path='bnVsbA==' data-org-path='bnVsbA==' data-source='89cf14f4ca998e8ba680ee74c6e88e8c' data-sort='datetaken:desc' data-list='files' data-query='' data-lightboxnav='1' data-lightboxthumbs='1' data-layout='grid' data-action='0'  ><div class=\"wpcp-browser-container wpcp-browser-tree--init wpcp-no-tree wpcp-browser--init\" style=\"width:100%;max-width:100%;\">\r\n    <div class=\"wpcp-browser-container-tree\" data-show-tree='0'>\r\n        <div class=\"wpcp-container-overlay\"><\/div>\r\n        <div class=\"nav-header\">\r\n            <a class=\"nav-tree-toggle entry-info-button\" tabindex=\"0\" title=\"Mostrar \u00e1rbol de carpetas\">\r\n                <i class=\"eva eva-arrowhead-left-outline\"><\/i>\r\n            <\/a>\r\n        <\/div>\r\n        <div class=\"wpcp-browser-tree\"><\/div>\r\n    <\/div>\r\n    <div class=\"wpcp-browser-container-content\">\r\n                <div class=\"nav-header nav-header-has-breadcrumb\">            <a class=\"nav-tree-toggle entry-info-button\" tabindex=\"0\" title=\"Mostrar \u00e1rbol de carpetas\">\r\n                <i class=\"eva eva-arrowhead-left-outline\"><\/i>\r\n            <\/a>\r\n            <a class=\"nav-home entry-info-button\" title=\"Vuelva a la carpeta de inicio\" tabindex=\"0\">\r\n                <i class=\"eva eva-home-outline\"><\/i>\r\n            <\/a>\r\n            <div class=\"nav-title\">Cargando...<\/div>\r\n                        <a class=\"nav-search entry-info-button\" tabindex=\"0\">\r\n                <i class=\"eva eva-search\"><\/i>\r\n            <\/a>\r\n\r\n            <div class=\"tippy-content-holder search-wrapper\">\r\n                <a class=\"search-icon search-submit\" href=\"javascript:;\"><i class=\"eva eva-search\"><\/i><\/a>\r\n                <input class=\"search-input\" name=\"q\" type=\"search\" autocomplete=\"off\" size=\"40\" aria-label=\"Buscar\" placeholder=\"B\u00fasqueda de archivos y contenido\" \/>\r\n                <a class=\"search-remove\" href=\"javascript:;\" title=\"Limpiar\"><i class=\"eva eva-close\"><\/i><\/a>\r\n            <\/div>\r\n            \r\n\r\n            <a class=\"nav-sort entry-info-button\" title=\"Opciones de orden\">\r\n                <i class=\"eva eva-options\"><\/i>\r\n            <\/a>\r\n            <div class=\"tippy-content-holder sort-div\">\r\n                <ul class='nav-sorting-list'>\r\n                    <li><a class=\"nav-sorting-field nav-name \" data-field=\"name\" title=\"Nombre\">\r\n                            Nombre                        <\/a>\r\n                    <\/li>\r\n                    <li><a class=\"nav-sorting-field nav-size \" data-field=\"size\" title=\"Tama\u00f1o\">\r\n                            Tama\u00f1o                        <\/a>\r\n                    <\/li>\r\n                    <li><a class=\"nav-sorting-field nav-modified \" data-field=\"modified\" title=\"Modificado\">\r\n                            Modificado                        <\/a>\r\n                    <\/li>\r\n                    <li><a class=\"nav-sorting-field nav-datetaken sort-selected\" data-field=\"datetaken\" title=\"Fecha de creaci\u00f3n\">\r\n                            Fecha de creaci\u00f3n                        <\/a>\r\n                    <\/li>\r\n                    <li class=\"list-separator\">&nbsp;<\/li>\r\n                    <li><a class=\"nav-sorting-order nav-asc \" data-order=\"asc\" title=\"Ascendente\">\r\n                            Ascendente                        <\/a>\r\n                    <\/li>\r\n                    <li><a class=\"nav-sorting-order nav-desc sort-selected\" data-order=\"desc\" title=\"Descendente\">\r\n                            Descendente                        <\/a>\r\n                    <\/li>\r\n                <\/ul>\r\n            <\/div>\r\n\r\n            <a class=\"nav-gear entry-info-button\" title=\"M\u00e1s acciones\">\r\n                <i class=\"eva eva-more-vertical-outline\"><\/i>\r\n            <\/a>\r\n            <div class=\"tippy-content-holder gear-div\" data-token=\"0428e3716089706c3c17eaac90c22bde\">\r\n                <ul data-id=\"0428e3716089706c3c17eaac90c22bde\">\r\n\r\n                                        <li style=\"display: none\"><a class=\"nav-layout nav-layout-grid\" title=\"Ver como rejilla\">\r\n                            <i class=\"eva eva-grid-outline eva-lg\"><\/i>Ver como rejilla                        <\/a>\r\n                    <\/li>\r\n                    <li><a class=\"nav-layout nav-layout-list\" title=\"Ver como lista\">\r\n                            <i class=\"eva eva-list-outline eva-lg\"><\/i>Ver como lista                        <\/a>\r\n                    <\/li>\r\n                                        <li class='gear-menu-no-options' style=\"display: none\"><a><i class='eva eva-info-outline eva-lg'><\/i>No hay opciones...<\/a><\/li>\r\n                <\/ul>\r\n            <\/div>\r\n                        <a class=\"nav-refresh entry-info-button\" title=\"Actualizar\">\r\n                <i class=\"eva eva-sync\"><\/i>\r\n            <\/a>\r\n                    <\/div>        <div class=\"wpcp-container-content\">\r\n            <div class=\"loading initialize\">                <svg class=\"loader-spinner\" viewBox=\"25 25 50 50\">\r\n                    <circle class=\"path\" cx=\"50\" cy=\"50\" r=\"20\" fill=\"none\" stroke-width=\"3\" stroke-miterlimit=\"10\"><\/circle>\r\n                <\/svg>\r\n                            <\/div>\r\n            <div class=\"ajax-filelist\" style=\"\">\r\n                <div class='files'>\r\n                    <div class=\"folders-container\"><div class=\"entry folder skeleton-entry\">\r\n    <div class=\"entry_block\">\r\n                <div class=\"entry-info\">\r\n            <div class=\"entry-info-icon skeleton skeleton-icon\"><\/div>\r\n            <div class=\"entry-info-name\"><span class=\"skeleton skeleton-text\"><\/span><\/div>\r\n                    <\/div>\r\n    <\/div>\r\n<\/div>\r\n<div class=\"entry folder skeleton-entry\">\r\n    <div class=\"entry_block\">\r\n                <div class=\"entry-info\">\r\n            <div class=\"entry-info-icon skeleton skeleton-icon\"><\/div>\r\n            <div class=\"entry-info-name\"><span class=\"skeleton skeleton-text\"><\/span><\/div>\r\n                    <\/div>\r\n    <\/div>\r\n<\/div>\r\n<div class=\"entry folder skeleton-entry\">\r\n    <div class=\"entry_block\">\r\n                <div class=\"entry-info\">\r\n            <div class=\"entry-info-icon skeleton skeleton-icon\"><\/div>\r\n            <div class=\"entry-info-name\"><span class=\"skeleton skeleton-text\"><\/span><\/div>\r\n                    <\/div>\r\n    <\/div>\r\n<\/div>\r\n<\/div>\r\n                    <div class=\"files-container\"><div class=\"entry file skeleton-entry\">\r\n    <div class=\"entry_block\">\r\n         <div class=\"entry_thumbnail skeleton skeleton-img\"><\/div>        <div class=\"entry-info\">\r\n            <div class=\"entry-info-icon skeleton skeleton-icon\"><\/div>\r\n            <div class=\"entry-info-name\"><span class=\"skeleton skeleton-text\"><\/span><\/div>\r\n                        <div class=\"entry-info-modified-date skeleton skeleton-text-small\"><\/div>\r\n            <div class=\"entry-info-size skeleton skeleton-text-small\"><\/div>\r\n                    <\/div>\r\n    <\/div>\r\n<\/div>\r\n<div class=\"entry file skeleton-entry\">\r\n    <div class=\"entry_block\">\r\n         <div class=\"entry_thumbnail skeleton skeleton-img\"><\/div>        <div class=\"entry-info\">\r\n            <div class=\"entry-info-icon skeleton skeleton-icon\"><\/div>\r\n            <div class=\"entry-info-name\"><span class=\"skeleton skeleton-text\"><\/span><\/div>\r\n                        <div class=\"entry-info-modified-date skeleton skeleton-text-small\"><\/div>\r\n            <div class=\"entry-info-size skeleton skeleton-text-small\"><\/div>\r\n                    <\/div>\r\n    <\/div>\r\n<\/div>\r\n<div class=\"entry file skeleton-entry\">\r\n    <div class=\"entry_block\">\r\n         <div class=\"entry_thumbnail skeleton skeleton-img\"><\/div>        <div class=\"entry-info\">\r\n            <div class=\"entry-info-icon skeleton skeleton-icon\"><\/div>\r\n            <div class=\"entry-info-name\"><span class=\"skeleton skeleton-text\"><\/span><\/div>\r\n                        <div class=\"entry-info-modified-date skeleton skeleton-text-small\"><\/div>\r\n            <div class=\"entry-info-size skeleton skeleton-text-small\"><\/div>\r\n                    <\/div>\r\n    <\/div>\r\n<\/div>\r\n<div class=\"entry file skeleton-entry\">\r\n    <div class=\"entry_block\">\r\n         <div class=\"entry_thumbnail skeleton skeleton-img\"><\/div>        <div class=\"entry-info\">\r\n            <div class=\"entry-info-icon skeleton skeleton-icon\"><\/div>\r\n            <div class=\"entry-info-name\"><span class=\"skeleton skeleton-text\"><\/span><\/div>\r\n                        <div class=\"entry-info-modified-date skeleton skeleton-text-small\"><\/div>\r\n            <div class=\"entry-info-size skeleton skeleton-text-small\"><\/div>\r\n                    <\/div>\r\n    <\/div>\r\n<\/div>\r\n<div class=\"entry file skeleton-entry\">\r\n    <div class=\"entry_block\">\r\n         <div class=\"entry_thumbnail skeleton skeleton-img\"><\/div>        <div class=\"entry-info\">\r\n            <div class=\"entry-info-icon skeleton skeleton-icon\"><\/div>\r\n            <div class=\"entry-info-name\"><span class=\"skeleton skeleton-text\"><\/span><\/div>\r\n                        <div class=\"entry-info-modified-date skeleton skeleton-text-small\"><\/div>\r\n            <div class=\"entry-info-size skeleton skeleton-text-small\"><\/div>\r\n                    <\/div>\r\n    <\/div>\r\n<\/div>\r\n<\/div>\r\n                <\/div>\r\n            <\/div>\r\n            <div class=\"scroll-to-top\">\r\n                <button class=\"scroll-to-top-action button button-round-icon secondary button-round-icon-lg button-shadow-3\" type=\"button\" title=\"Ir arriba\" aria-expanded=\"false\"><i class=\"eva eva-arrow-upward-outline eva-2x\"><\/i><\/button>\r\n                            <\/div>\r\n            <div class=\"wpcp-browser-container-info\">\r\n                <div class=\"wpcp-container-overlay\"><\/div>\r\n                <div class=\"wpcp-info-content\">\r\n                    <div class=\"wpcp-info-close entry-info-button\">\r\n                        <i class=\"eva eva-close eva-lg\" aria-hidden=\"true\"><\/i>\r\n                    <\/div>\r\n                    <div class=\"wpcp-info-thumbnail\"><\/div>\r\n                    <div class=\"wpcp-info-list\"><\/div>\r\n                <\/div>\r\n            <\/div>\r\n        <\/div>\r\n    <\/div>\r\n<\/div><\/div><\/div><div class='wpcp-module-script'><script type='text\/javascript'>if (typeof(jQuery) !== 'undefined' && typeof(jQuery.cp) !== 'undefined' && typeof(jQuery.cp.ShareoneDrive) === 'function') { jQuery('#ShareoneDrive-0428e3716089706c3c17eaac90c22bde').ShareoneDrive(ShareoneDrive_vars); };<\/script><\/div><\/div>\t\t<\/div>\n\t\t\t\t<\/div>\n\t\t\t\t\t<\/div>\n\t\t<\/div>\n\t\t\t\t\t<\/div>\n\t\t<\/section>\n\t\t\t\t<section data-particle_enable=\"false\" data-particle-mobile-disabled=\"false\" class=\"elementor-section elementor-top-section elementor-element elementor-element-ddaa394 elementor-section-boxed elementor-section-height-default elementor-section-height-default\" data-id=\"ddaa394\" data-element_type=\"section\">\n\t\t\t\t\t\t<div class=\"elementor-container elementor-column-gap-default\">\n\t\t\t\t\t<div class=\"elementor-column elementor-col-100 elementor-top-column elementor-element elementor-element-dbdefa8\" data-id=\"dbdefa8\" data-element_type=\"column\">\n\t\t\t<div class=\"elementor-widget-wrap elementor-element-populated\">\n\t\t\t\t\t\t<div class=\"elementor-element elementor-element-3e6e984 elementor-widget elementor-widget-elementskit-tablepress\" data-id=\"3e6e984\" data-element_type=\"widget\" data-widget_type=\"elementskit-tablepress.default\">\n\t\t\t\t<div class=\"elementor-widget-container\">\n\t\t\t<div class=\"elemenetskit-tablepress ekit-wid-con\" id=\"ekit_tablepress_3e6e984\">\n<table id=\"tablepress-64\" class=\"tablepress tablepress-id-64 tbody-has-connected-cells\">\n<thead>\n<tr class=\"row-1\">\n\t<th colspan=\"3\" class=\"column-1\">Bolet\u00edn de Series Instituciones P\u00fablicas Otros A\u00f1os<\/th>\n<\/tr>\n<\/thead>\n<tbody class=\"row-striping row-hover\">\n<tr class=\"row-2\">\n\t<td class=\"column-1\"><a href=\"https:\/\/superbancosec-my.sharepoint.com\/:u:\/g\/personal\/dbuendia_superbancos_gob_ec\/EbkamM_diFNJv2jL0whQwzgBEJyHiIOpzSd9RGP1qF_P3w?e=5ty91X\">Total Series Instituciones P\u00fablicas<\/a><\/td><td colspan=\"2\" class=\"column-2\">(Julio 2015)<\/td>\n<\/tr>\n<tr class=\"row-3\">\n\t<td colspan=\"3\" class=\"column-1\"><strong>Bolet\u00edn de Series por entidad Agosto 2012 a Julio 2015<\/td>\n<\/tr>\n<tr class=\"row-4\">\n\t<td class=\"column-1\"><a href=\"https:\/\/superbancosec-my.sharepoint.com\/:u:\/g\/personal\/dbuendia_superbancos_gob_ec\/EVWjrqL2I4pHsLCmfhBhazcBPSivXKMKCDvMQO1VOz11Dg?e=UjnhnC\">Banco Nacional de Fomento<\/a><\/td><td class=\"column-2\"><a href=\"https:\/\/superbancosec-my.sharepoint.com\/:u:\/g\/personal\/dbuendia_superbancos_gob_ec\/EXwVD_AzYvBFqMSRnHhBPtoBGE-6FhkoTO2mS1iF8AMYYQ?e=o6FhFD\">Banco del Estado<\/a><\/td><td class=\"column-3\"><a href=\"https:\/\/superbancosec-my.sharepoint.com\/:u:\/g\/personal\/dbuendia_superbancos_gob_ec\/ET69pyezOTBIolVPwOerrrwBvB4zK-BFkkN6jlhvCGxsnQ?e=jVqHBu\">Corporaci\u00f3n Financiera Nacional<\/a><\/td>\n<\/tr>\n<tr class=\"row-5\">\n\t<td class=\"column-1\"><a href=\"https:\/\/superbancosec-my.sharepoint.com\/:u:\/g\/personal\/dbuendia_superbancos_gob_ec\/EW5hyBpGVW5JntHLJsiLJxIBep_ObeH8sDWZCnl7Xrl8qQ?e=66fugY\">Banco Ecuatoriano de la Vivienda<\/a> (Abril 2015)<\/td><td class=\"column-2\"><a href=\"https:\/\/superbancosec-my.sharepoint.com\/:u:\/g\/personal\/dbuendia_superbancos_gob_ec\/EW8IlIXmCFBCrI1gqscEtagBs9XioomcWPGDvVA8vg4UDw?e=e5Llub\">IECE<\/a> (Abril 2015)<\/td><td class=\"column-3\"><a href=\"https:\/\/superbancosec-my.sharepoint.com\/:u:\/g\/personal\/dbuendia_superbancos_gob_ec\/EUyFzgrzHmNOonjzY4PkYVIBDWodTHggb4pa8UagWf-e4A?e=BlVisf\">FODEPI<\/a> (Mayo 2014)<\/td>\n<\/tr>\n<\/tbody>\n<\/table>\n<!-- #tablepress-64 from cache --><\/div>\t\t<\/div>\n\t\t\t\t<\/div>\n\t\t\t\t\t<\/div>\n\t\t<\/div>\n\t\t\t\t\t<\/div>\n\t\t<\/section>\n\t\t\t\t<section data-particle_enable=\"false\" data-particle-mobile-disabled=\"false\" class=\"elementor-section elementor-top-section elementor-element elementor-element-f06e1c8 elementor-section-boxed elementor-section-height-default elementor-section-height-default\" data-id=\"f06e1c8\" data-element_type=\"section\">\n\t\t\t\t\t\t<div class=\"elementor-container elementor-column-gap-default\">\n\t\t\t\t\t<div class=\"elementor-column elementor-col-100 elementor-top-column elementor-element elementor-element-b590a09\" data-id=\"b590a09\" data-element_type=\"column\">\n\t\t\t<div class=\"elementor-widget-wrap elementor-element-populated\">\n\t\t\t\t\t\t<div class=\"elementor-element elementor-element-5ee3f4a elementor-widget elementor-widget-elementskit-tablepress\" data-id=\"5ee3f4a\" data-element_type=\"widget\" data-widget_type=\"elementskit-tablepress.default\">\n\t\t\t\t<div class=\"elementor-widget-container\">\n\t\t\t<div class=\"elemenetskit-tablepress ekit-wid-con\" id=\"ekit_tablepress_5ee3f4a\">\n<table id=\"tablepress-1\" class=\"tablepress tablepress-id-1\">\n<tbody class=\"row-striping row-hover\">\n<tr class=\"row-1\">\n\t<td class=\"column-1\"><a href=\"https:\/\/www.superbancos.gob.ec\/estadisticas\/portalestudios\/download\/8692\/\">Notas T\u00e9cnicas 8<\/a><p>Corresponde a la informaci\u00f3n a partir del 31 de mayo 2021<\/td><td class=\"column-2\"><\/td>\n<\/tr>\n<\/tbody>\n<\/table>\n<!-- #tablepress-1 from cache --><\/div>\t\t<\/div>\n\t\t\t\t<\/div>\n\t\t\t\t\t<\/div>\n\t\t<\/div>\n\t\t\t\t\t<\/div>\n\t\t<\/section>\n\t\t\t\t<\/div>\n\t\t","protected":false},"excerpt":{"rendered":"<p>Proporciona informaci\u00f3n financiera en series hist\u00f3ricas del agregado de la banca p\u00fablica, (Banco Nacional de Fomento. Banco Ecuatoriano de la Vivienda, Banco del Estado y Corporaci\u00f3n Financiera Nacional), desde diciembre de 2002. Esta informaci\u00f3n es de gran utilidad al mostrar series de estados financieros: Estados de Situaci\u00f3n y Resultados\u00a0 (con distintos niveles de desagregaci\u00f3n); estados [&hellip;]<\/p>\n","protected":false},"author":12,"featured_media":0,"parent":0,"menu_order":0,"comment_status":"closed","ping_status":"closed","template":"","meta":{"footnotes":""},"class_list":["post-806","page","type-page","status-publish","hentry"],"_links":{"self":[{"href":"https:\/\/www.superbancos.gob.ec\/estadisticas\/portalestudios\/wp-json\/wp\/v2\/pages\/806"}],"collection":[{"href":"https:\/\/www.superbancos.gob.ec\/estadisticas\/portalestudios\/wp-json\/wp\/v2\/pages"}],"about":[{"href":"https:\/\/www.superbancos.gob.ec\/estadisticas\/portalestudios\/wp-json\/wp\/v2\/types\/page"}],"author":[{"embeddable":true,"href":"https:\/\/www.superbancos.gob.ec\/estadisticas\/portalestudios\/wp-json\/wp\/v2\/users\/12"}],"replies":[{"embeddable":true,"href":"https:\/\/www.superbancos.gob.ec\/estadisticas\/portalestudios\/wp-json\/wp\/v2\/comments?post=806"}],"version-history":[{"count":29,"href":"https:\/\/www.superbancos.gob.ec\/estadisticas\/portalestudios\/wp-json\/wp\/v2\/pages\/806\/revisions"}],"predecessor-version":[{"id":9247,"href":"https:\/\/www.superbancos.gob.ec\/estadisticas\/portalestudios\/wp-json\/wp\/v2\/pages\/806\/revisions\/9247"}],"wp:attachment":[{"href":"https:\/\/www.superbancos.gob.ec\/estadisticas\/portalestudios\/wp-json\/wp\/v2\/media?parent=806"}],"curies":[{"name":"wp","href":"https:\/\/api.w.org\/{rel}","templated":true}]}}