{"id":8174,"date":"2023-02-02T10:37:13","date_gmt":"2023-02-02T15:37:13","guid":{"rendered":"https:\/\/www.superbancos.gob.ec\/estadisticas\/portalestudios\/?page_id=8174"},"modified":"2023-06-05T16:50:33","modified_gmt":"2023-06-05T21:50:33","slug":"companias-de-seguros-y-reaseguros","status":"publish","type":"page","link":"https:\/\/www.superbancos.gob.ec\/estadisticas\/portalestudios\/companias-de-seguros-y-reaseguros\/","title":{"rendered":"Compa\u00f1\u00edas de Seguros y Reaseguros"},"content":{"rendered":"\t\t<div data-elementor-type=\"wp-page\" data-elementor-id=\"8174\" class=\"elementor elementor-8174\">\n\t\t\t\t\t\t<section data-particle_enable=\"false\" data-particle-mobile-disabled=\"false\" class=\"elementor-section elementor-top-section elementor-element elementor-element-8365d1d elementor-section-boxed elementor-section-height-default elementor-section-height-default\" data-id=\"8365d1d\" data-element_type=\"section\">\n\t\t\t\t\t\t<div class=\"elementor-container elementor-column-gap-default\">\n\t\t\t\t\t<div class=\"elementor-column elementor-col-100 elementor-top-column elementor-element elementor-element-6198e90\" data-id=\"6198e90\" data-element_type=\"column\">\n\t\t\t<div class=\"elementor-widget-wrap elementor-element-populated\">\n\t\t\t\t\t\t<div class=\"elementor-element elementor-element-3ebc23a elementor-widget elementor-widget-heading\" data-id=\"3ebc23a\" data-element_type=\"widget\" data-widget_type=\"heading.default\">\n\t\t\t\t<div class=\"elementor-widget-container\">\n\t\t\t<h3 class=\"elementor-heading-title elementor-size-default\">Boletines Financieros<\/h3>\t\t<\/div>\n\t\t\t\t<\/div>\n\t\t\t\t\t<\/div>\n\t\t<\/div>\n\t\t\t\t\t<\/div>\n\t\t<\/section>\n\t\t\t\t<section data-particle_enable=\"false\" data-particle-mobile-disabled=\"false\" class=\"elementor-section elementor-top-section elementor-element elementor-element-199b11b elementor-section-boxed elementor-section-height-default elementor-section-height-default\" data-id=\"199b11b\" data-element_type=\"section\">\n\t\t\t\t\t\t<div class=\"elementor-container elementor-column-gap-default\">\n\t\t\t\t\t<div class=\"elementor-column elementor-col-100 elementor-top-column elementor-element elementor-element-1f112e0\" data-id=\"1f112e0\" data-element_type=\"column\">\n\t\t\t<div class=\"elementor-widget-wrap elementor-element-populated\">\n\t\t\t\t\t\t<div class=\"elementor-element elementor-element-71d36c7 elementor-widget elementor-widget-elementskit-tablepress\" data-id=\"71d36c7\" data-element_type=\"widget\" data-widget_type=\"elementskit-tablepress.default\">\n\t\t\t\t<div class=\"elementor-widget-container\">\n\t\t\t<div class=\"elemenetskit-tablepress ekit-wid-con\" id=\"ekit_tablepress_71d36c7\">\n<table id=\"tablepress-88\" class=\"tablepress tablepress-id-88 tbody-has-connected-cells\">\n<thead>\n<tr class=\"row-1\">\n\t<th colspan=\"4\" class=\"column-1\">Boletines Mensuales Seguros de Vida<\/th>\n<\/tr>\n<\/thead>\n<tbody class=\"row-striping row-hover\">\n<tr class=\"row-2\">\n\t<td class=\"column-1\"><a href=\"http:\/\/oidprd.sbs.gob.ec\/medios\/PORTALDOCS\/downloads\/Seguros\/anos_anteriores\/vida_2000.zip\">A\u00f1o 2000<\/a><\/td><td class=\"column-2\"><a href=\"http:\/\/oidprd.sbs.gob.ec\/medios\/PORTALDOCS\/downloads\/Seguros\/anos_anteriores\/vida_2001.zip\">A\u00f1o 2001<\/a><\/td><td class=\"column-3\"><a href=\"http:\/\/oidprd.sbs.gob.ec\/medios\/PORTALDOCS\/downloads\/Seguros\/anos_anteriores\/vida_2002.zip\">A\u00f1o 2002<\/a><\/td><td class=\"column-4\"><a href=\"http:\/\/oidprd.sbs.gob.ec\/medios\/PORTALDOCS\/downloads\/Seguros\/anos_anteriores\/vida_2003.zip\">A\u00f1o 2003<\/a><\/td>\n<\/tr>\n<tr class=\"row-3\">\n\t<td class=\"column-1\"><a href=\"http:\/\/oidprd.sbs.gob.ec\/medios\/PORTALDOCS\/downloads\/Seguros\/2004\/vida_2004.zip\">A\u00f1o 2004<\/a><\/td><td class=\"column-2\"><a href=\"http:\/\/oidprd.sbs.gob.ec\/medios\/PORTALDOCS\/downloads\/Seguros\/2005\/vida_2005.zip\">A\u00f1o 2005<\/a><\/td><td class=\"column-3\"><a href=\"http:\/\/oidprd.sbs.gob.ec\/medios\/PORTALDOCS\/downloads\/Seguros\/2006\/vida_2006.zip\">A\u00f1o 2006<\/a><\/td><td class=\"column-4\"><a href=\"http:\/\/oidprd.sbs.gob.ec\/medios\/PORTALDOCS\/downloads\/Seguros\/2007\/vida_2007.zip\">A\u00f1o 2007<\/a><\/td>\n<\/tr>\n<tr class=\"row-4\">\n\t<td class=\"column-1\"><a href=\"http:\/\/oidprd.sbs.gob.ec\/medios\/PORTALDOCS\/downloads\/Seguros\/2008\/vida_2008.zip\">A\u00f1o 2008<\/a><\/td><td class=\"column-2\"><a href=\"http:\/\/oidprd.sbs.gob.ec\/medios\/PORTALDOCS\/downloads\/Seguros\/2009\/vida_2009.zip\">A\u00f1o 2009<\/a><\/td><td class=\"column-3\"><a href=\"http:\/\/oidprd.sbs.gob.ec\/medios\/PORTALDOCS\/downloads\/Seguros\/2010\/vida_2010.zip\">A\u00f1o 2010<\/a><\/td><td class=\"column-4\"><a href=\"http:\/\/oidprd.sbs.gob.ec\/medios\/PORTALDOCS\/downloads\/Seguros\/2011\/vida_2011.zip\">A\u00f1o 2011<\/a><\/td>\n<\/tr>\n<tr class=\"row-5\">\n\t<td class=\"column-1\"><a href=\"http:\/\/oidprd.sbs.gob.ec\/medios\/PORTALDOCS\/downloads\/Seguros\/2012\/vida_2012.zip\">A\u00f1o 2012<\/a><\/td><td class=\"column-2\"><a href=\"http:\/\/oidprd.sbs.gob.ec\/medios\/PORTALDOCS\/downloads\/Seguros\/2013\/vida_2013.zip\">A\u00f1o 2013<\/a><\/td><td class=\"column-3\"><a href=\"http:\/\/oidprd.sbs.gob.ec\/medios\/PORTALDOCS\/downloads\/Seguros\/2014\/vida_2014.zip\">A\u00f1o 2014<\/a><\/td><td class=\"column-4\"><\/td>\n<\/tr>\n<tr class=\"row-6\">\n\t<td class=\"column-1\"><\/td><td class=\"column-2\"><\/td><td class=\"column-3\"><\/td><td class=\"column-4\"><\/td>\n<\/tr>\n<tr class=\"row-7\">\n\t<td colspan=\"4\" class=\"column-1\"><strong>Boletines Mensuales Seguros Generales<\/td>\n<\/tr>\n<tr class=\"row-8\">\n\t<td class=\"column-1\"><a href=\"http:\/\/oidprd.sbs.gob.ec\/medios\/PORTALDOCS\/downloads\/Seguros\/anos_anteriores\/generales_2000.zip\">A\u00f1o 2000<\/a><\/td><td class=\"column-2\"><a href=\"http:\/\/oidprd.sbs.gob.ec\/medios\/PORTALDOCS\/downloads\/Seguros\/anos_anteriores\/generales_2001.zip\">A\u00f1o 2001<\/a><\/td><td class=\"column-3\"><a href=\"http:\/\/oidprd.sbs.gob.ec\/medios\/PORTALDOCS\/downloads\/Seguros\/anos_anteriores\/generales_2002.zip\">A\u00f1o 2002<\/a><\/td><td class=\"column-4\"><a href=\"http:\/\/oidprd.sbs.gob.ec\/medios\/PORTALDOCS\/downloads\/Seguros\/anos_anteriores\/generales_2003.zip\">A\u00f1o 2003<\/a><\/td>\n<\/tr>\n<tr class=\"row-9\">\n\t<td class=\"column-1\"><a href=\"http:\/\/oidprd.sbs.gob.ec\/medios\/PORTALDOCS\/downloads\/Seguros\/2004\/generales_2004.zip\">A\u00f1o 2004<\/a><\/td><td class=\"column-2\"><a href=\"http:\/\/oidprd.sbs.gob.ec\/medios\/PORTALDOCS\/downloads\/Seguros\/2005\/generales_2005.zip\">A\u00f1o 2005<\/a><\/td><td class=\"column-3\"><a href=\"http:\/\/oidprd.sbs.gob.ec\/medios\/PORTALDOCS\/downloads\/Seguros\/2006\/generales_2006.zip\">A\u00f1o 2006<\/a><\/td><td class=\"column-4\"><a href=\"http:\/\/oidprd.sbs.gob.ec\/medios\/PORTALDOCS\/downloads\/Seguros\/2007\/generales_2007.zip\">A\u00f1o 2007<\/a><\/td>\n<\/tr>\n<tr class=\"row-10\">\n\t<td class=\"column-1\"><a href=\"http:\/\/oidprd.sbs.gob.ec\/medios\/PORTALDOCS\/downloads\/Seguros\/2008\/generales_2008.zip\">A\u00f1o 2008<\/a><\/td><td class=\"column-2\"><a href=\"http:\/\/oidprd.sbs.gob.ec\/medios\/PORTALDOCS\/downloads\/Seguros\/2009\/generales_2009.zip\">A\u00f1o 2009<\/a><\/td><td class=\"column-3\"><a href=\"http:\/\/oidprd.sbs.gob.ec\/medios\/PORTALDOCS\/downloads\/Seguros\/2010\/generales_2010.zip\">A\u00f1o 2010<\/a><\/td><td class=\"column-4\"><a href=\"http:\/\/oidprd.sbs.gob.ec\/medios\/PORTALDOCS\/downloads\/Seguros\/2011\/generales_2011.zip\">A\u00f1o 2011<\/a><\/td>\n<\/tr>\n<tr class=\"row-11\">\n\t<td class=\"column-1\"><\/td><td class=\"column-2\"><\/td><td class=\"column-3\"><\/td><td class=\"column-4\"><\/td>\n<\/tr>\n<tr class=\"row-12\">\n\t<td colspan=\"4\" class=\"column-1\"><strong>Boletines Mensuales Seguros Consolidado<\/td>\n<\/tr>\n<tr class=\"row-13\">\n\t<td class=\"column-1\"><a href=\"http:\/\/oidprd.sbs.gob.ec\/medios\/PORTALDOCS\/downloads\/Seguros\/anos_anteriores\/mixto_2003.zip\">A\u00f1o 2003<\/a><\/td><td class=\"column-2\"><a href=\"http:\/\/oidprd.sbs.gob.ec\/medios\/PORTALDOCS\/downloads\/Seguros\/2004\/mixto_2004.zip\">A\u00f1o 2004<\/a><\/td><td class=\"column-3\"><a href=\"http:\/\/oidprd.sbs.gob.ec\/medios\/PORTALDOCS\/downloads\/Seguros\/2005\/mixto_2005.zip\">A\u00f1o 2005<\/a><\/td><td class=\"column-4\"><a href=\"http:\/\/oidprd.sbs.gob.ec\/medios\/PORTALDOCS\/downloads\/Seguros\/2006\/mixto_2006.zip\">A\u00f1o 2006<\/a><\/td>\n<\/tr>\n<tr class=\"row-14\">\n\t<td class=\"column-1\"><a href=\"http:\/\/oidprd.sbs.gob.ec\/medios\/PORTALDOCS\/downloads\/Seguros\/2007\/mixto_2007.zip\">A\u00f1o 2007<\/a><\/td><td class=\"column-2\"><a href=\"http:\/\/oidprd.sbs.gob.ec\/medios\/PORTALDOCS\/downloads\/Seguros\/2008\/vida_general_2008.zip\">A\u00f1o 2008<\/a><\/td><td class=\"column-3\"><a href=\"http:\/\/oidprd.sbs.gob.ec\/medios\/PORTALDOCS\/downloads\/Seguros\/2009\/vida_general_2009.zip\">A\u00f1o 2009<\/a><\/td><td class=\"column-4\"><a href=\"http:\/\/oidprd.sbs.gob.ec\/medios\/PORTALDOCS\/downloads\/Seguros\/2010\/vida_general_2010.zip\">A\u00f1o 2010<\/a><\/td>\n<\/tr>\n<tr class=\"row-15\">\n\t<td class=\"column-1\"><a href=\"http:\/\/oidprd.sbs.gob.ec\/medios\/PORTALDOCS\/downloads\/Seguros\/2011\/vida_general_2011.zip\">A\u00f1o 2011<\/a><\/td><td class=\"column-2\"><a href=\"http:\/\/oidprd.sbs.gob.ec\/medios\/PORTALDOCS\/downloads\/Seguros\/2012\/vida_general_2012.zip\">A\u00f1o 2012<\/a><\/td><td class=\"column-3\"><a href=\"http:\/\/oidprd.sbs.gob.ec\/medios\/PORTALDOCS\/downloads\/Seguros\/2013\/vida_general_2013.zip\">A\u00f1o 2013<\/a><\/td><td class=\"column-4\"><a href=\"http:\/\/oidprd.sbs.gob.ec\/medios\/PORTALDOCS\/downloads\/Seguros\/2014\/vida_general_2014.zip\">A\u00f1o 2014<\/a><\/td>\n<\/tr>\n<\/tbody>\n<\/table>\n<!-- #tablepress-88 from cache --><\/div>\t\t<\/div>\n\t\t\t\t<\/div>\n\t\t\t\t\t<\/div>\n\t\t<\/div>\n\t\t\t\t\t<\/div>\n\t\t<\/section>\n\t\t\t\t<section data-particle_enable=\"false\" data-particle-mobile-disabled=\"false\" class=\"elementor-section elementor-top-section elementor-element elementor-element-61d03cd elementor-section-boxed elementor-section-height-default elementor-section-height-default\" data-id=\"61d03cd\" data-element_type=\"section\">\n\t\t\t\t\t\t<div class=\"elementor-container elementor-column-gap-default\">\n\t\t\t\t\t<div class=\"elementor-column elementor-col-100 elementor-top-column elementor-element elementor-element-c1046b7\" data-id=\"c1046b7\" data-element_type=\"column\">\n\t\t\t<div class=\"elementor-widget-wrap elementor-element-populated\">\n\t\t\t\t\t\t<div class=\"elementor-element elementor-element-346b363 elementor-widget elementor-widget-heading\" data-id=\"346b363\" data-element_type=\"widget\" data-widget_type=\"heading.default\">\n\t\t\t\t<div class=\"elementor-widget-container\">\n\t\t\t<h3 class=\"elementor-heading-title elementor-size-default\">Estad\u00edsticas<\/h3>\t\t<\/div>\n\t\t\t\t<\/div>\n\t\t\t\t\t<\/div>\n\t\t<\/div>\n\t\t\t\t\t<\/div>\n\t\t<\/section>\n\t\t\t\t<section data-particle_enable=\"false\" data-particle-mobile-disabled=\"false\" class=\"elementor-section elementor-top-section elementor-element elementor-element-7a53a62 elementor-section-boxed elementor-section-height-default elementor-section-height-default\" data-id=\"7a53a62\" data-element_type=\"section\">\n\t\t\t\t\t\t<div class=\"elementor-container elementor-column-gap-default\">\n\t\t\t\t\t<div class=\"elementor-column elementor-col-100 elementor-top-column elementor-element elementor-element-c9c65b1\" data-id=\"c9c65b1\" data-element_type=\"column\">\n\t\t\t<div class=\"elementor-widget-wrap elementor-element-populated\">\n\t\t\t\t\t\t<div class=\"elementor-element elementor-element-3a6d0a3 elementor-widget elementor-widget-elementskit-tablepress\" data-id=\"3a6d0a3\" data-element_type=\"widget\" data-widget_type=\"elementskit-tablepress.default\">\n\t\t\t\t<div class=\"elementor-widget-container\">\n\t\t\t<div class=\"elemenetskit-tablepress ekit-wid-con\" id=\"ekit_tablepress_3a6d0a3\">\n<table id=\"tablepress-87\" class=\"tablepress tablepress-id-87 tbody-has-connected-cells\">\n<thead>\n<tr class=\"row-1\">\n\t<th colspan=\"5\" class=\"column-1\">POR ASEGURADORA POR ENTIDAD VARIABLE Y SEGURO<\/th>\n<\/tr>\n<\/thead>\n<tbody class=\"row-striping row-hover\">\n<tr class=\"row-2\">\n\t<td class=\"column-1\"><a href=\"http:\/\/oidprd.sbs.gob.ec\/medios\/PORTALDOCS\/downloads\/estadisticas\/seguros_privados\/estadisticas_seguros\/por_aseguradora\/2001.zip\">A\u00f1o 2001<\/a><\/td><td class=\"column-2\"><a href=\"http:\/\/oidprd.sbs.gob.ec\/medios\/PORTALDOCS\/downloads\/estadisticas\/seguros_privados\/estadisticas_seguros\/por_aseguradora\/2002.zip\">A\u00f1o 2002<\/a><\/td><td class=\"column-3\"><a href=\"http:\/\/oidprd.sbs.gob.ec\/medios\/PORTALDOCS\/downloads\/estadisticas\/seguros_privados\/estadisticas_seguros\/por_aseguradora\/2003.zip\">A\u00f1o 2003<\/a><\/td><td class=\"column-4\"><a href=\"http:\/\/oidprd.sbs.gob.ec\/medios\/PORTALDOCS\/downloads\/estadisticas\/seguros_privados\/estadisticas_seguros\/por_aseguradora\/2004.zip\">A\u00f1o 2004<\/a><\/td><td class=\"column-5\"><a href=\"http:\/\/oidprd.sbs.gob.ec\/medios\/PORTALDOCS\/downloads\/estadisticas\/seguros_privados\/estadisticas_seguros\/por_aseguradora\/2005.zip\">A\u00f1o 2005<\/a><\/td>\n<\/tr>\n<tr class=\"row-3\">\n\t<td class=\"column-1\"><a href=\"http:\/\/oidprd.sbs.gob.ec\/medios\/PORTALDOCS\/downloads\/estadisticas\/seguros_privados\/estadisticas_seguros\/por_aseguradora\/2006.zip\">A\u00f1o 2006<\/a><\/td><td class=\"column-2\"><a href=\"http:\/\/oidprd.sbs.gob.ec\/medios\/PORTALDOCS\/downloads\/estadisticas\/seguros_privados\/estadisticas_seguros\/por_aseguradora\/2007.zip\">A\u00f1o 2007<\/a><\/td><td class=\"column-3\"><a href=\"http:\/\/oidprd.sbs.gob.ec\/medios\/PORTALDOCS\/downloads\/estadisticas\/seguros_privados\/estadisticas_seguros\/por_aseguradora\/2008.zip\">A\u00f1o 2008<\/a><\/td><td class=\"column-4\"><a href=\"http:\/\/oidprd.sbs.gob.ec\/medios\/PORTALDOCS\/downloads\/estadisticas\/seguros_privados\/estadisticas_seguros\/por_aseguradora\/2009.zip\">A\u00f1o 2009<\/a><\/td><td class=\"column-5\"><a href=\"http:\/\/oidprd.sbs.gob.ec\/medios\/PORTALDOCS\/downloads\/estadisticas\/seguros_privados\/estadisticas_seguros\/por_aseguradora\/2010.zip\">A\u00f1o 2010<\/a><\/td>\n<\/tr>\n<tr class=\"row-4\">\n\t<td class=\"column-1\"><a href=\"http:\/\/oidprd.sbs.gob.ec\/medios\/PORTALDOCS\/downloads\/estadisticas\/seguros_privados\/estadisticas_seguros\/por_aseguradora\/2011.zip\">A\u00f1o 2011<\/a><\/td><td class=\"column-2\"><a href=\"http:\/\/oidprd.sbs.gob.ec\/medios\/PORTALDOCS\/downloads\/estadisticas\/seguros_privados\/estadisticas_seguros\/por_aseguradora\/2012.zip\">A\u00f1o 2012<\/a><\/td><td class=\"column-3\"><a href=\"http:\/\/oidprd.sbs.gob.ec\/medios\/PORTALDOCS\/downloads\/estadisticas\/seguros_privados\/estadisticas_seguros\/por_aseguradora\/2013.zip\">A\u00f1o 2013<\/a><\/td><td class=\"column-4\"><a href=\"http:\/\/oidprd.sbs.gob.ec\/medios\/PORTALDOCS\/downloads\/estadisticas\/seguros_privados\/estadisticas_seguros\/por_aseguradora\/2014.zip\">A\u00f1o 2014<\/a><\/td><td class=\"column-5\"><\/td>\n<\/tr>\n<tr class=\"row-5\">\n\t<td colspan=\"5\" class=\"column-1\"><a href=\"http:\/\/oidprd.sbs.gob.ec\/medios\/PORTALDOCS\/downloads\/estadisticas\/seguros_privados\/estadisticas_seguros\/por_aseguradora\/consol_variables_contribucion_jun_15.zip\">Consolidadas de las principales Variables del Margen de Contribuci\u00f3n<\/a><\/td>\n<\/tr>\n<tr class=\"row-6\">\n\t<td colspan=\"5\" class=\"column-1\"><a href=\"http:\/\/oidprd.sbs.gob.ec\/medios\/PORTALDOCS\/downloads\/estadisticas\/seguros_privados\/estadisticas_seguros\/por_aseguradora\/consol_variables_seguros_jun_15.zip\">Consolidadas de las principales Variables y Seguros<\/a><\/td>\n<\/tr>\n<tr class=\"row-7\">\n\t<td colspan=\"5\" class=\"column-1\"><a href=\"http:\/\/oidprd.sbs.gob.ec\/medios\/PORTALDOCS\/downloads\/estadisticas\/seguros_privados\/estadisticas_seguros\/por_aseguradora\/ficha_siniestros_jun_15.zip\">Ficha: Tasas de Siniestralidad por Seguros m\u00e1s representativos<\/a><\/td>\n<\/tr>\n<tr class=\"row-8\">\n\t<td colspan=\"5\" class=\"column-1\"><a href=\"http:\/\/oidprd.sbs.gob.ec\/medios\/PORTALDOCS\/downloads\/estadisticas\/seguros_privados\/estadisticas_seguros\/por_aseguradora\/ranking_companias_seguros_jun_15.zip\">Ranking por Compa\u00f1\u00eda y Seguro<\/a><\/td>\n<\/tr>\n<tr class=\"row-9\">\n\t<td colspan=\"5\" class=\"column-1\"><a href=\"http:\/\/oidprd.sbs.gob.ec\/medios\/PORTALDOCS\/downloads\/estadisticas\/seguros_privados\/estadisticas_seguros\/por_aseguradora\/costos_siniestros_prima_retenida_mar_14.zip\">Costos de Siniestros y Prima Neta Retenida Devengada  (Marzo 2014)<\/a><\/td>\n<\/tr>\n<tr class=\"row-10\">\n\t<td colspan=\"5\" class=\"column-1\"><a href=\"http:\/\/oidprd.sbs.gob.ec\/medios\/PORTALDOCS\/downloads\/estadisticas\/seguros_privados\/estadisticas_seguros\/por_aseguradora\/cesion_riesgos_dic_14.zip\">Cesi\u00f3n de Riesgos (Diciembre 2014)<\/a><\/td>\n<\/tr>\n<tr class=\"row-11\">\n\t<td class=\"column-1\"><\/td><td class=\"column-2\"><\/td><td class=\"column-3\"><\/td><td class=\"column-4\"><\/td><td class=\"column-5\"><\/td>\n<\/tr>\n<tr class=\"row-12\">\n\t<td colspan=\"5\" class=\"column-1\"><strong>POR REASEGUROS POR ENTIDAD VARIABLE Y SEGURO<\/td>\n<\/tr>\n<tr class=\"row-13\">\n\t<td class=\"column-1\"><a href=\"http:\/\/oidprd.sbs.gob.ec\/medios\/PORTALDOCS\/downloads\/estadisticas\/seguros_privados\/estadisticas_seguros\/por_reaseguros\/reaseg_entidad_variable_seguros_jun_15.zip\">A Junio 2015<\/a><\/td><td class=\"column-2\"><a href=\"http:\/\/oidprd.sbs.gob.ec\/medios\/PORTALDOCS\/downloads\/estadisticas\/seguros_privados\/estadisticas_seguros\/por_reaseguros\/reaseg_entidad_variable_seguros_dic_14.zip\">A Diciembre 2014<\/a><\/td><td class=\"column-3\"><a href=\"http:\/\/oidprd.sbs.gob.ec\/medios\/PORTALDOCS\/downloads\/estadisticas\/seguros_privados\/estadisticas_seguros\/por_reaseguros\/reaseg_entidad_variable_seguros_dic_13.zip\">A Diciembre 2013<\/a><\/td><td class=\"column-4\"><a href=\"http:\/\/oidprd.sbs.gob.ec\/medios\/PORTALDOCS\/downloads\/estadisticas\/seguros_privados\/estadisticas_seguros\/por_reaseguros\/reaseg_entidad_variable_seguro_dic_12.zip\">A Diciembre 2012<\/a><\/td><td class=\"column-5\"><a href=\"http:\/\/oidprd.sbs.gob.ec\/medios\/PORTALDOCS\/downloads\/estadisticas\/seguros_privados\/estadisticas_seguros\/por_reaseguros\/reaseg_entidad_variable_seguros_dic_11.zip\">De 2002 a 2011<\/a><\/td>\n<\/tr>\n<tr class=\"row-14\">\n\t<td class=\"column-1\"><\/td><td class=\"column-2\"><\/td><td class=\"column-3\"><\/td><td class=\"column-4\"><\/td><td class=\"column-5\"><\/td>\n<\/tr>\n<tr class=\"row-15\">\n\t<td colspan=\"5\" class=\"column-1\"><a href=\"http:\/\/oidprd.sbs.gob.ec\/medios\/PORTALDOCS\/downloads\/estadisticas\/seguros_privados\/estadisticas_seguros\/estadisticas_comparativas_dic_13.zip\">Estad\u00edsticas Comparativas - Seguros Privados A DICIEMBRE 2013<\/a><\/td>\n<\/tr>\n<tr class=\"row-16\">\n\t<td class=\"column-1\"><\/td><td class=\"column-2\"><\/td><td class=\"column-3\"><\/td><td class=\"column-4\"><\/td><td class=\"column-5\"><\/td>\n<\/tr>\n<tr class=\"row-17\">\n\t<td colspan=\"5\" class=\"column-1\"><a href=\"http:\/\/oidprd.sbs.gob.ec\/medios\/PORTALDOCS\/downloads\/estadisticas\/seguros_privados\/Factor_correccion_jul_15.pdf\">Factor de Correcci\u00f3n de Concentraci\u00f3n (A Julio 2015)<\/a><\/td>\n<\/tr>\n<tr class=\"row-18\">\n\t<td colspan=\"5\" class=\"column-1\"><a href=\"http:\/\/oidprd.sbs.gob.ec\/medios\/PORTALDOCS\/downloads\/estadisticas\/seguros_privados\/calculo_desvicacion_siniestralidad_dic_14.zip\">C\u00e1lculo Desviaci\u00f3n de Siniestralidad (A Diciembre 2014)<\/a><\/td>\n<\/tr>\n<tr class=\"row-19\">\n\t<td colspan=\"5\" class=\"column-1\"><a href=\"http:\/\/oidprd.sbs.gob.ec\/medios\/PORTALDOCS\/downloads\/estadisticas\/seguros_privados\/prima_neta_emitida_sept_13.zip\">Prima Neta Emitida  (A Septiembre 2013)<\/a><\/td>\n<\/tr>\n<tr class=\"row-20\">\n\t<td class=\"column-1\"><\/td><td class=\"column-2\"><\/td><td class=\"column-3\"><\/td><td class=\"column-4\"><\/td><td class=\"column-5\"><\/td>\n<\/tr>\n<tr class=\"row-21\">\n\t<td colspan=\"5\" class=\"column-1\"><strong>BOLETINES FINANCIEROS REASEGUROS<\/td>\n<\/tr>\n<tr class=\"row-22\">\n\t<td class=\"column-1\"><a href=\"http:\/\/oidprd.sbs.gob.ec\/medios\/PORTALDOCS\/downloads\/estadisticas\/Balance_reaseguros\/BAL_REASEG_ENE_15.zip\">Enero 2015<\/a><\/td><td class=\"column-2\"><a href=\"http:\/\/oidprd.sbs.gob.ec\/medios\/PORTALDOCS\/downloads\/estadisticas\/Balance_reaseguros\/BAL_REASEG_FEB_15.zip\">Febrero 2015<\/a><\/td><td class=\"column-3\"><a href=\"http:\/\/oidprd.sbs.gob.ec\/medios\/PORTALDOCS\/downloads\/estadisticas\/Balance_reaseguros\/BAL_REASEG_MAR_15.zip\">Marzo 2015<\/a><\/td><td class=\"column-4\"><a href=\"http:\/\/oidprd.sbs.gob.ec\/medios\/PORTALDOCS\/downloads\/estadisticas\/Balance_reaseguros\/BAL_REASEG_ABR_15.zip\">Abril 2015<\/a><\/td><td class=\"column-5\"><a href=\"http:\/\/oidprd.sbs.gob.ec\/medios\/PORTALDOCS\/downloads\/estadisticas\/Balance_reaseguros\/BAL_REASEG_MAY_15.zip\">Mayo 2015<\/a><\/td>\n<\/tr>\n<tr class=\"row-23\">\n\t<td class=\"column-1\"><\/td><td class=\"column-2\"><\/td><td class=\"column-3\"><\/td><td class=\"column-4\"><\/td><td class=\"column-5\"><\/td>\n<\/tr>\n<tr class=\"row-24\">\n\t<td class=\"column-1\"><a href=\"http:\/\/oidprd.sbs.gob.ec\/medios\/PORTALDOCS\/downloads\/estadisticas\/Balance_reaseguros\/balances_reaseguros_2014.zip\">A\u00f1o 2014<\/a><\/td><td class=\"column-2\"><a href=\"http:\/\/oidprd.sbs.gob.ec\/medios\/PORTALDOCS\/downloads\/estadisticas\/Balance_reaseguros\/balances_reaseguros_2013.zip\">A\u00f1o 2013<\/a><\/td><td class=\"column-3\"><a href=\"http:\/\/oidprd.sbs.gob.ec\/medios\/PORTALDOCS\/downloads\/estadisticas\/Balance_reaseguros\/balances_reaseguros_2012.zip\">A\u00f1o 2012<\/a><\/td><td class=\"column-4\"><a href=\"http:\/\/oidprd.sbs.gob.ec\/medios\/PORTALDOCS\/downloads\/estadisticas\/Balance_reaseguros\/balances_reaseguros_2011.zip\">A\u00f1o 2011<\/a><\/td><td class=\"column-5\"><a href=\"http:\/\/oidprd.sbs.gob.ec\/medios\/PORTALDOCS\/downloads\/estadisticas\/Balance_reaseguros\/balances_reaseguros_2010.zip\">A\u00f1o 2010<\/a><\/td>\n<\/tr>\n<tr class=\"row-25\">\n\t<td class=\"column-1\"><a href=\"http:\/\/oidprd.sbs.gob.ec\/medios\/PORTALDOCS\/downloads\/estadisticas\/Balance_reaseguros\/balances_reaseguros_2009.zip\">A\u00f1o 2009<\/a><\/td><td class=\"column-2\"><a href=\"http:\/\/oidprd.sbs.gob.ec\/medios\/PORTALDOCS\/downloads\/estadisticas\/Balance_reaseguros\/balances_reaseguros_2008.zip\">A\u00f1o 2008<\/a><\/td><td class=\"column-3\"><a href=\"http:\/\/oidprd.sbs.gob.ec\/medios\/PORTALDOCS\/archivos\/seguros\/reaseguros\/balances\/2007\/2007.zip\">A\u00f1o 2007<\/a><\/td><td class=\"column-4\"><a href=\"http:\/\/oidprd.sbs.gob.ec\/medios\/PORTALDOCS\/archivos\/seguros\/reaseguros\/balances\/2006\/2006.zip\">A\u00f1o 2006<\/a><\/td><td class=\"column-5\"><a href=\"http:\/\/oidprd.sbs.gob.ec\/medios\/PORTALDOCS\/archivos\/seguros\/reaseguros\/balances\/2005\/2005.zip\">A\u00f1o 2005<\/a><\/td>\n<\/tr>\n<tr class=\"row-26\">\n\t<td class=\"column-1\"><a href=\"http:\/\/oidprd.sbs.gob.ec\/medios\/PORTALDOCS\/archivos\/seguros\/reaseguros\/balances\/2004\/2004.zip\">A\u00f1o 2004<\/a><\/td><td class=\"column-2\"><a href=\"http:\/\/oidprd.sbs.gob.ec\/medios\/PORTALDOCS\/archivos\/seguros\/reaseguros\/balances\/2003\/2003.zip\">A\u00f1o 2003<\/a><\/td><td class=\"column-3\"><a href=\"http:\/\/oidprd.sbs.gob.ec\/medios\/PORTALDOCS\/archivos\/seguros\/reaseguros\/balances\/2002\/2002.zip\">A\u00f1o 2002<\/a><\/td><td class=\"column-4\"><a href=\"http:\/\/oidprd.sbs.gob.ec\/medios\/PORTALDOCS\/archivos\/seguros\/reaseguros\/balances\/2001\/2001.zip\">A\u00f1o 2001<\/a><\/td><td class=\"column-5\"><a href=\"http:\/\/oidprd.sbs.gob.ec\/medios\/PORTALDOCS\/archivos\/seguros\/reaseguros\/balances\/2000\/2000.zip\">A\u00f1o 2000<\/a><\/td>\n<\/tr>\n<\/tbody>\n<\/table>\n<!-- #tablepress-87 from cache --><\/div>\t\t<\/div>\n\t\t\t\t<\/div>\n\t\t\t\t\t<\/div>\n\t\t<\/div>\n\t\t\t\t\t<\/div>\n\t\t<\/section>\n\t\t\t\t<\/div>\n\t\t","protected":false},"excerpt":{"rendered":"<p>Boletines Financieros Editar Boletines Mensuales Seguros de Vida A\u00f1o 2000 A\u00f1o 2001 A\u00f1o 2002 A\u00f1o 2003 A\u00f1o 2004 A\u00f1o 2005 A\u00f1o 2006 A\u00f1o 2007 A\u00f1o 2008 A\u00f1o 2009 A\u00f1o 2010 A\u00f1o 2011 A\u00f1o 2012 A\u00f1o 2013 A\u00f1o 2014 Boletines Mensuales Seguros Generales A\u00f1o 2000 A\u00f1o 2001 A\u00f1o 2002 A\u00f1o 2003 A\u00f1o 2004 A\u00f1o 2005 A\u00f1o [&hellip;]<\/p>\n","protected":false},"author":12,"featured_media":0,"parent":0,"menu_order":0,"comment_status":"closed","ping_status":"closed","template":"","meta":{"footnotes":""},"class_list":["post-8174","page","type-page","status-publish","hentry"],"_links":{"self":[{"href":"https:\/\/www.superbancos.gob.ec\/estadisticas\/portalestudios\/wp-json\/wp\/v2\/pages\/8174"}],"collection":[{"href":"https:\/\/www.superbancos.gob.ec\/estadisticas\/portalestudios\/wp-json\/wp\/v2\/pages"}],"about":[{"href":"https:\/\/www.superbancos.gob.ec\/estadisticas\/portalestudios\/wp-json\/wp\/v2\/types\/page"}],"author":[{"embeddable":true,"href":"https:\/\/www.superbancos.gob.ec\/estadisticas\/portalestudios\/wp-json\/wp\/v2\/users\/12"}],"replies":[{"embeddable":true,"href":"https:\/\/www.superbancos.gob.ec\/estadisticas\/portalestudios\/wp-json\/wp\/v2\/comments?post=8174"}],"version-history":[{"count":21,"href":"https:\/\/www.superbancos.gob.ec\/estadisticas\/portalestudios\/wp-json\/wp\/v2\/pages\/8174\/revisions"}],"predecessor-version":[{"id":8392,"href":"https:\/\/www.superbancos.gob.ec\/estadisticas\/portalestudios\/wp-json\/wp\/v2\/pages\/8174\/revisions\/8392"}],"wp:attachment":[{"href":"https:\/\/www.superbancos.gob.ec\/estadisticas\/portalestudios\/wp-json\/wp\/v2\/media?parent=8174"}],"curies":[{"name":"wp","href":"https:\/\/api.w.org\/{rel}","templated":true}]}}